{"id":2408,"date":"2021-10-12T09:45:26","date_gmt":"2021-10-12T09:45:26","guid":{"rendered":"https:\/\/veranda.templ8.nl\/unsere-dienstleistungen\/"},"modified":"2021-10-12T09:45:27","modified_gmt":"2021-10-12T09:45:27","slug":"unsere-dienstleistungen","status":"publish","type":"page","link":"http:\/\/verandagarden.nl\/de\/unsere-dienstleistungen\/","title":{"rendered":"Unsere Dienstleistungen"},"content":{"rendered":"\t\t<div data-elementor-type=\"wp-page\" data-elementor-id=\"2408\" class=\"elementor elementor-2408 elementor-2076\" data-elementor-post-type=\"page\">\n\t\t\t\t\t\t<section class=\"elementor-section elementor-top-section elementor-element elementor-element-4815e8fd elementor-section-boxed elementor-section-height-default elementor-section-height-default\" data-id=\"4815e8fd\" data-element_type=\"section\" data-e-type=\"section\">\n\t\t\t\t\t\t<div class=\"elementor-container elementor-column-gap-default\">\n\t\t\t\t\t<div class=\"elementor-column elementor-col-100 elementor-top-column elementor-element elementor-element-50b2ee55\" data-id=\"50b2ee55\" data-element_type=\"column\" data-e-type=\"column\">\n\t\t\t<div class=\"elementor-widget-wrap elementor-element-populated\">\n\t\t\t\t\t\t<div class=\"elementor-element elementor-element-240323bc elementor-widget elementor-widget-text-editor\" data-id=\"240323bc\" data-element_type=\"widget\" data-e-type=\"widget\" data-widget_type=\"text-editor.default\">\n\t\t\t\t<div class=\"elementor-widget-container\">\n\t\t\t\t\t\t\t\t\t<h3>Mehr Wohnkomfort an nur einem Tag!<\/h3>\n<p>Dein Haus? Das ist der Ort, an dem Sie sich entspannen k\u00f6nnen! Ein angenehmer Ort, an dem Sie Ihre freien Momente genie\u00dfen und Zeit mit Ihrer Familie und Freunden verbringen k\u00f6nnen. Eine sch\u00f6ne Umgebung tr\u00e4gt zum Wohnkomfort bei. Mit einem feinen Design kann man viel erreichen. Aber wie w\u00e4re es, zus\u00e4tzlichen Platz zu schaffen? Veranda Garden versteht das. Mit kleinen Anpassungen k\u00f6nnen Sie Ihren Wohnkomfort steigern. In nur einem Tag baut Veranda Garden Ihr neues:<\/p>\n\t\t\t\t\t\t\t\t<\/div>\n\t\t\t\t<\/div>\n\t\t\t\t\t<\/div>\n\t\t<\/div>\n\t\t\t\t\t<\/div>\n\t\t<\/section>\n\t\t\t\t<section class=\"elementor-section elementor-top-section elementor-element elementor-element-85ce3a1 elementor-section-boxed elementor-section-height-default elementor-section-height-default\" data-id=\"85ce3a1\" data-element_type=\"section\" data-e-type=\"section\">\n\t\t\t\t\t\t<div class=\"elementor-container elementor-column-gap-default\">\n\t\t\t\t\t<div class=\"elementor-column elementor-col-100 elementor-top-column elementor-element elementor-element-12ca5d6\" data-id=\"12ca5d6\" data-element_type=\"column\" data-e-type=\"column\">\n\t\t\t<div class=\"elementor-widget-wrap elementor-element-populated\">\n\t\t\t\t\t\t<div class=\"elementor-element elementor-element-5fe00da elementor-icon-list--layout-traditional elementor-list-item-link-full_width elementor-invisible elementor-widget elementor-widget-icon-list\" data-id=\"5fe00da\" data-element_type=\"widget\" data-e-type=\"widget\" data-settings=\"{&quot;_animation&quot;:&quot;fadeInRight&quot;}\" data-widget_type=\"icon-list.default\">\n\t\t\t\t<div class=\"elementor-widget-container\">\n\t\t\t\t\t\t\t<ul class=\"elementor-icon-list-items\">\n\t\t\t\t\t\t\t<li class=\"elementor-icon-list-item\">\n\t\t\t\t\t\t\t\t\t\t\t<span class=\"elementor-icon-list-icon\">\n\t\t\t\t\t\t\t<i aria-hidden=\"true\" class=\"fas fa-chevron-right\"><\/i>\t\t\t\t\t\t<\/span>\n\t\t\t\t\t\t\t\t\t\t<span class=\"elementor-icon-list-text\">Anbau oder (abgesetzte) Terrassen\u00fcberdachung<\/span>\n\t\t\t\t\t\t\t\t\t<\/li>\n\t\t\t\t\t\t\t\t<li class=\"elementor-icon-list-item\">\n\t\t\t\t\t\t\t\t\t\t\t<span class=\"elementor-icon-list-icon\">\n\t\t\t\t\t\t\t<i aria-hidden=\"true\" class=\"fas fa-chevron-right\"><\/i>\t\t\t\t\t\t<\/span>\n\t\t\t\t\t\t\t\t\t\t<span class=\"elementor-icon-list-text\">Carport<\/span>\n\t\t\t\t\t\t\t\t\t<\/li>\n\t\t\t\t\t\t\t\t<li class=\"elementor-icon-list-item\">\n\t\t\t\t\t\t\t\t\t\t\t<span class=\"elementor-icon-list-icon\">\n\t\t\t\t\t\t\t<i aria-hidden=\"true\" class=\"fas fa-chevron-right\"><\/i>\t\t\t\t\t\t<\/span>\n\t\t\t\t\t\t\t\t\t\t<span class=\"elementor-icon-list-text\">Schiebet\u00fcr oder Schiebet\u00fcr<\/span>\n\t\t\t\t\t\t\t\t\t<\/li>\n\t\t\t\t\t\t\t\t<li class=\"elementor-icon-list-item\">\n\t\t\t\t\t\t\t\t\t\t\t<span class=\"elementor-icon-list-icon\">\n\t\t\t\t\t\t\t<i aria-hidden=\"true\" class=\"fas fa-chevron-right\"><\/i>\t\t\t\t\t\t<\/span>\n\t\t\t\t\t\t\t\t\t\t<span class=\"elementor-icon-list-text\">Glasschiebew\u00e4nde<\/span>\n\t\t\t\t\t\t\t\t\t<\/li>\n\t\t\t\t\t\t<\/ul>\n\t\t\t\t\t\t<\/div>\n\t\t\t\t<\/div>\n\t\t\t\t\t<\/div>\n\t\t<\/div>\n\t\t\t\t\t<\/div>\n\t\t<\/section>\n\t\t\t\t<section class=\"elementor-section elementor-top-section elementor-element elementor-element-147be95 elementor-section-boxed elementor-section-height-default elementor-section-height-default\" data-id=\"147be95\" data-element_type=\"section\" data-e-type=\"section\">\n\t\t\t\t\t\t<div class=\"elementor-container elementor-column-gap-default\">\n\t\t\t\t\t<div class=\"elementor-column elementor-col-100 elementor-top-column elementor-element elementor-element-93068a6\" data-id=\"93068a6\" data-element_type=\"column\" data-e-type=\"column\">\n\t\t\t<div class=\"elementor-widget-wrap elementor-element-populated\">\n\t\t\t\t\t\t<div class=\"elementor-element elementor-element-f2dbd4e elementor-widget elementor-widget-text-editor\" data-id=\"f2dbd4e\" data-element_type=\"widget\" data-e-type=\"widget\" data-widget_type=\"text-editor.default\">\n\t\t\t\t<div class=\"elementor-widget-container\">\n\t\t\t\t\t\t\t\t\t<p>Neben dem Bau verschiedenster architektonischer Erweiterungen bieten wir auch zus\u00e4tzlichen Gartenbau, Zierpflaster und verschiedene Systeme im Bereich Rollladen und Sonnenschutz an.<\/p>\n\t\t\t\t\t\t\t\t<\/div>\n\t\t\t\t<\/div>\n\t\t\t\t\t<\/div>\n\t\t<\/div>\n\t\t\t\t\t<\/div>\n\t\t<\/section>\n\t\t\t\t<\/div>\n\t\t","protected":false},"excerpt":{"rendered":"<p>Mehr Wohnkomfort an nur einem Tag! Dein Haus? Das ist der Ort, an dem Sie sich entspannen k\u00f6nnen! Ein angenehmer Ort, an dem Sie Ihre freien Momente genie\u00dfen und Zeit mit Ihrer Familie und Freunden verbringen k\u00f6nnen. Eine sch\u00f6ne Umgebung tr\u00e4gt zum Wohnkomfort bei. Mit einem feinen Design kann man viel erreichen. Aber wie w\u00e4re [&hellip;]<\/p>\n","protected":false},"author":4,"featured_media":2322,"parent":0,"menu_order":0,"comment_status":"closed","ping_status":"closed","template":"","meta":{"footnotes":""},"class_list":["post-2408","page","type-page","status-publish","has-post-thumbnail","hentry"],"yoast_head":"<!-- This site is optimized with the Yoast SEO plugin v27.1.1 - https:\/\/yoast.com\/product\/yoast-seo-wordpress\/ -->\n<title>Unsere Dienstleistungen - Veranda &amp; Garden<\/title>\n<meta name=\"robots\" content=\"index, follow, max-snippet:-1, max-image-preview:large, max-video-preview:-1\" \/>\n<link rel=\"canonical\" href=\"http:\/\/verandagarden.nl\/de\/unsere-dienstleistungen\/\" \/>\n<meta property=\"og:locale\" content=\"de_DE\" \/>\n<meta property=\"og:type\" content=\"article\" \/>\n<meta property=\"og:title\" content=\"Unsere Dienstleistungen - Veranda &amp; Garden\" \/>\n<meta property=\"og:description\" content=\"Mehr Wohnkomfort an nur einem Tag! Dein Haus? Das ist der Ort, an dem Sie sich entspannen k\u00f6nnen! Ein angenehmer Ort, an dem Sie Ihre freien Momente genie\u00dfen und Zeit mit Ihrer Familie und Freunden verbringen k\u00f6nnen. Eine sch\u00f6ne Umgebung tr\u00e4gt zum Wohnkomfort bei. Mit einem feinen Design kann man viel erreichen. Aber wie w\u00e4re [&hellip;]\" \/>\n<meta property=\"og:url\" content=\"http:\/\/verandagarden.nl\/de\/unsere-dienstleistungen\/\" \/>\n<meta property=\"og:site_name\" content=\"Veranda &amp; Garden\" \/>\n<meta property=\"article:publisher\" content=\"https:\/\/www.facebook.com\/vgverandagarden\" \/>\n<meta property=\"article:modified_time\" content=\"2021-10-12T09:45:27+00:00\" \/>\n<meta property=\"og:image\" content=\"https:\/\/verandagarden.nl\/wp-content\/uploads\/2021\/09\/shutterstock_475440925-scaled.jpg\" \/>\n\t<meta property=\"og:image:width\" content=\"2560\" \/>\n\t<meta property=\"og:image:height\" content=\"1707\" \/>\n\t<meta property=\"og:image:type\" content=\"image\/jpeg\" \/>\n<meta name=\"twitter:card\" content=\"summary_large_image\" \/>\n<meta name=\"twitter:label1\" content=\"Gesch\u00e4tzte Lesezeit\" \/>\n\t<meta name=\"twitter:data1\" content=\"1\u00a0Minute\" \/>\n<script type=\"application\/ld+json\" class=\"yoast-schema-graph\">{\"@context\":\"https:\/\/schema.org\",\"@graph\":[{\"@type\":\"WebPage\",\"@id\":\"http:\/\/verandagarden.nl\/de\/unsere-dienstleistungen\/\",\"url\":\"http:\/\/verandagarden.nl\/de\/unsere-dienstleistungen\/\",\"name\":\"Unsere Dienstleistungen - Veranda &amp; Garden\",\"isPartOf\":{\"@id\":\"https:\/\/verandagarden.nl\/de\/#website\"},\"primaryImageOfPage\":{\"@id\":\"http:\/\/verandagarden.nl\/de\/unsere-dienstleistungen\/#primaryimage\"},\"image\":{\"@id\":\"http:\/\/verandagarden.nl\/de\/unsere-dienstleistungen\/#primaryimage\"},\"thumbnailUrl\":\"http:\/\/verandagarden.nl\/wp-content\/uploads\/2021\/09\/73de5e16-461b-41bd-87ee-e6b5ecb6bc62-2d368afaa89b9b1e0275fd183a507ffb.jpg\",\"datePublished\":\"2021-10-12T09:45:26+00:00\",\"dateModified\":\"2021-10-12T09:45:27+00:00\",\"breadcrumb\":{\"@id\":\"http:\/\/verandagarden.nl\/de\/unsere-dienstleistungen\/#breadcrumb\"},\"inLanguage\":\"de\",\"potentialAction\":[{\"@type\":\"ReadAction\",\"target\":[\"http:\/\/verandagarden.nl\/de\/unsere-dienstleistungen\/\"]}]},{\"@type\":\"ImageObject\",\"inLanguage\":\"de\",\"@id\":\"http:\/\/verandagarden.nl\/de\/unsere-dienstleistungen\/#primaryimage\",\"url\":\"http:\/\/verandagarden.nl\/wp-content\/uploads\/2021\/09\/73de5e16-461b-41bd-87ee-e6b5ecb6bc62-2d368afaa89b9b1e0275fd183a507ffb.jpg\",\"contentUrl\":\"http:\/\/verandagarden.nl\/wp-content\/uploads\/2021\/09\/73de5e16-461b-41bd-87ee-e6b5ecb6bc62-2d368afaa89b9b1e0275fd183a507ffb.jpg\",\"width\":1024,\"height\":889},{\"@type\":\"BreadcrumbList\",\"@id\":\"http:\/\/verandagarden.nl\/de\/unsere-dienstleistungen\/#breadcrumb\",\"itemListElement\":[{\"@type\":\"ListItem\",\"position\":1,\"name\":\"Home\",\"item\":\"https:\/\/verandagarden.nl\/de\/\"},{\"@type\":\"ListItem\",\"position\":2,\"name\":\"Unsere Dienstleistungen\"}]},{\"@type\":\"WebSite\",\"@id\":\"https:\/\/verandagarden.nl\/de\/#website\",\"url\":\"https:\/\/verandagarden.nl\/de\/\",\"name\":\"Veranda & Garden\",\"description\":\"\",\"publisher\":{\"@id\":\"https:\/\/verandagarden.nl\/de\/#organization\"},\"potentialAction\":[{\"@type\":\"SearchAction\",\"target\":{\"@type\":\"EntryPoint\",\"urlTemplate\":\"https:\/\/verandagarden.nl\/de\/?s={search_term_string}\"},\"query-input\":{\"@type\":\"PropertyValueSpecification\",\"valueRequired\":true,\"valueName\":\"search_term_string\"}}],\"inLanguage\":\"de\"},{\"@type\":\"Organization\",\"@id\":\"https:\/\/verandagarden.nl\/de\/#organization\",\"name\":\"Veranda & Garden\",\"url\":\"https:\/\/verandagarden.nl\/de\/\",\"logo\":{\"@type\":\"ImageObject\",\"inLanguage\":\"de\",\"@id\":\"https:\/\/verandagarden.nl\/de\/#\/schema\/logo\/image\/\",\"url\":\"https:\/\/verandagarden.nl\/wp-content\/uploads\/2021\/09\/logo-transparant.png\",\"contentUrl\":\"https:\/\/verandagarden.nl\/wp-content\/uploads\/2021\/09\/logo-transparant.png\",\"width\":1091,\"height\":134,\"caption\":\"Veranda & Garden\"},\"image\":{\"@id\":\"https:\/\/verandagarden.nl\/de\/#\/schema\/logo\/image\/\"},\"sameAs\":[\"https:\/\/www.facebook.com\/vgverandagarden\",\"https:\/\/www.instagram.com\/vgverandagarden\/?hl=nl\"]}]}<\/script>\n<!-- \/ Yoast SEO plugin. -->","yoast_head_json":{"title":"Unsere Dienstleistungen - Veranda &amp; Garden","robots":{"index":"index","follow":"follow","max-snippet":"max-snippet:-1","max-image-preview":"max-image-preview:large","max-video-preview":"max-video-preview:-1"},"canonical":"http:\/\/verandagarden.nl\/de\/unsere-dienstleistungen\/","og_locale":"de_DE","og_type":"article","og_title":"Unsere Dienstleistungen - Veranda &amp; Garden","og_description":"Mehr Wohnkomfort an nur einem Tag! Dein Haus? Das ist der Ort, an dem Sie sich entspannen k\u00f6nnen! Ein angenehmer Ort, an dem Sie Ihre freien Momente genie\u00dfen und Zeit mit Ihrer Familie und Freunden verbringen k\u00f6nnen. Eine sch\u00f6ne Umgebung tr\u00e4gt zum Wohnkomfort bei. Mit einem feinen Design kann man viel erreichen. Aber wie w\u00e4re [&hellip;]","og_url":"http:\/\/verandagarden.nl\/de\/unsere-dienstleistungen\/","og_site_name":"Veranda &amp; Garden","article_publisher":"https:\/\/www.facebook.com\/vgverandagarden","article_modified_time":"2021-10-12T09:45:27+00:00","og_image":[{"width":2560,"height":1707,"url":"https:\/\/verandagarden.nl\/wp-content\/uploads\/2021\/09\/shutterstock_475440925-scaled.jpg","type":"image\/jpeg"}],"twitter_card":"summary_large_image","twitter_misc":{"Gesch\u00e4tzte Lesezeit":"1\u00a0Minute"},"schema":{"@context":"https:\/\/schema.org","@graph":[{"@type":"WebPage","@id":"http:\/\/verandagarden.nl\/de\/unsere-dienstleistungen\/","url":"http:\/\/verandagarden.nl\/de\/unsere-dienstleistungen\/","name":"Unsere Dienstleistungen - Veranda &amp; Garden","isPartOf":{"@id":"https:\/\/verandagarden.nl\/de\/#website"},"primaryImageOfPage":{"@id":"http:\/\/verandagarden.nl\/de\/unsere-dienstleistungen\/#primaryimage"},"image":{"@id":"http:\/\/verandagarden.nl\/de\/unsere-dienstleistungen\/#primaryimage"},"thumbnailUrl":"http:\/\/verandagarden.nl\/wp-content\/uploads\/2021\/09\/73de5e16-461b-41bd-87ee-e6b5ecb6bc62-2d368afaa89b9b1e0275fd183a507ffb.jpg","datePublished":"2021-10-12T09:45:26+00:00","dateModified":"2021-10-12T09:45:27+00:00","breadcrumb":{"@id":"http:\/\/verandagarden.nl\/de\/unsere-dienstleistungen\/#breadcrumb"},"inLanguage":"de","potentialAction":[{"@type":"ReadAction","target":["http:\/\/verandagarden.nl\/de\/unsere-dienstleistungen\/"]}]},{"@type":"ImageObject","inLanguage":"de","@id":"http:\/\/verandagarden.nl\/de\/unsere-dienstleistungen\/#primaryimage","url":"http:\/\/verandagarden.nl\/wp-content\/uploads\/2021\/09\/73de5e16-461b-41bd-87ee-e6b5ecb6bc62-2d368afaa89b9b1e0275fd183a507ffb.jpg","contentUrl":"http:\/\/verandagarden.nl\/wp-content\/uploads\/2021\/09\/73de5e16-461b-41bd-87ee-e6b5ecb6bc62-2d368afaa89b9b1e0275fd183a507ffb.jpg","width":1024,"height":889},{"@type":"BreadcrumbList","@id":"http:\/\/verandagarden.nl\/de\/unsere-dienstleistungen\/#breadcrumb","itemListElement":[{"@type":"ListItem","position":1,"name":"Home","item":"https:\/\/verandagarden.nl\/de\/"},{"@type":"ListItem","position":2,"name":"Unsere Dienstleistungen"}]},{"@type":"WebSite","@id":"https:\/\/verandagarden.nl\/de\/#website","url":"https:\/\/verandagarden.nl\/de\/","name":"Veranda & Garden","description":"","publisher":{"@id":"https:\/\/verandagarden.nl\/de\/#organization"},"potentialAction":[{"@type":"SearchAction","target":{"@type":"EntryPoint","urlTemplate":"https:\/\/verandagarden.nl\/de\/?s={search_term_string}"},"query-input":{"@type":"PropertyValueSpecification","valueRequired":true,"valueName":"search_term_string"}}],"inLanguage":"de"},{"@type":"Organization","@id":"https:\/\/verandagarden.nl\/de\/#organization","name":"Veranda & Garden","url":"https:\/\/verandagarden.nl\/de\/","logo":{"@type":"ImageObject","inLanguage":"de","@id":"https:\/\/verandagarden.nl\/de\/#\/schema\/logo\/image\/","url":"https:\/\/verandagarden.nl\/wp-content\/uploads\/2021\/09\/logo-transparant.png","contentUrl":"https:\/\/verandagarden.nl\/wp-content\/uploads\/2021\/09\/logo-transparant.png","width":1091,"height":134,"caption":"Veranda & Garden"},"image":{"@id":"https:\/\/verandagarden.nl\/de\/#\/schema\/logo\/image\/"},"sameAs":["https:\/\/www.facebook.com\/vgverandagarden","https:\/\/www.instagram.com\/vgverandagarden\/?hl=nl"]}]}},"_links":{"self":[{"href":"http:\/\/verandagarden.nl\/de\/wp-json\/wp\/v2\/pages\/2408","targetHints":{"allow":["GET"]}}],"collection":[{"href":"http:\/\/verandagarden.nl\/de\/wp-json\/wp\/v2\/pages"}],"about":[{"href":"http:\/\/verandagarden.nl\/de\/wp-json\/wp\/v2\/types\/page"}],"author":[{"embeddable":true,"href":"http:\/\/verandagarden.nl\/de\/wp-json\/wp\/v2\/users\/4"}],"replies":[{"embeddable":true,"href":"http:\/\/verandagarden.nl\/de\/wp-json\/wp\/v2\/comments?post=2408"}],"version-history":[{"count":0,"href":"http:\/\/verandagarden.nl\/de\/wp-json\/wp\/v2\/pages\/2408\/revisions"}],"wp:featuredmedia":[{"embeddable":true,"href":"http:\/\/verandagarden.nl\/de\/wp-json\/wp\/v2\/media\/2322"}],"wp:attachment":[{"href":"http:\/\/verandagarden.nl\/de\/wp-json\/wp\/v2\/media?parent=2408"}],"curies":[{"name":"wp","href":"https:\/\/api.w.org\/{rel}","templated":true}]}}