{"id":2417,"date":"2021-10-12T10:09:43","date_gmt":"2021-10-12T10:09:43","guid":{"rendered":"https:\/\/veranda.templ8.nl\/fronten-und-glasschiebewaende\/"},"modified":"2021-10-12T10:09:50","modified_gmt":"2021-10-12T10:09:50","slug":"fronten-und-glasschiebewaende","status":"publish","type":"page","link":"http:\/\/verandagarden.nl\/de\/fronten-und-glasschiebewaende\/","title":{"rendered":"Fronten und Glasschiebew\u00e4nde"},"content":{"rendered":"\t\t<div data-elementor-type=\"wp-page\" data-elementor-id=\"2417\" class=\"elementor elementor-2417 elementor-2084\" data-elementor-post-type=\"page\">\n\t\t\t\t\t\t<section class=\"elementor-section elementor-top-section elementor-element elementor-element-b68f0ee elementor-section-boxed elementor-section-height-default elementor-section-height-default\" data-id=\"b68f0ee\" data-element_type=\"section\" data-e-type=\"section\">\n\t\t\t\t\t\t<div class=\"elementor-container elementor-column-gap-default\">\n\t\t\t\t\t<div class=\"elementor-column elementor-col-100 elementor-top-column elementor-element elementor-element-61e6975d\" data-id=\"61e6975d\" data-element_type=\"column\" data-e-type=\"column\">\n\t\t\t<div class=\"elementor-widget-wrap elementor-element-populated\">\n\t\t\t\t\t\t<div class=\"elementor-element elementor-element-61668afe elementor-widget elementor-widget-text-editor\" data-id=\"61668afe\" data-element_type=\"widget\" data-e-type=\"widget\" data-widget_type=\"text-editor.default\">\n\t\t\t\t<div class=\"elementor-widget-container\">\n\t\t\t\t\t\t\t\t\t<h3>Genie\u00dfen Sie Ihren Garten oder Balkon noch mehr!<\/h3>\n<p>Sch\u00f6n aus dem Wind und in der Sonne. Mit den Glasfronten und Glasschiebew\u00e4nden von Veranda Garden schaffen Sie sich Ihren eigenen gesch\u00fctzten Platz, gesch\u00fctzt vor Wind und Wetter. Im Windschatten genie\u00dfen Sie den Blick ins Gr\u00fcne. Das sind die Fronten und Glasschiebew\u00e4nde von Veranda Garden.<\/p>\n<h3>Beziehen Sie Ihren Balkon in Ihr Zuhause ein<\/h3>\n<p>Auch bestehende D\u00e4cher oder Balkone k\u00f6nnen wir mit einer Fassade oder Glasschiebew\u00e4nden versehen. Mit Glasschiebew\u00e4nden auf Ihrem Balkon oder in Ihrem Anbau k\u00f6nnen Sie den Au\u00dfenbereich l\u00e4nger genie\u00dfen. Mit Schiebew\u00e4nden behalten Sie zudem die Freiheit, den jeweiligen Raum zu \u00f6ffnen oder zu schlie\u00dfen. Schaffen Sie im Handumdrehen das ultimative Indoor- oder Outdoor-Feeling!<\/p>\n<p>Die Fronten und Glasschiebew\u00e4nde von Veranda Garden<\/p>\n\t\t\t\t\t\t\t\t<\/div>\n\t\t\t\t<\/div>\n\t\t\t\t\t<\/div>\n\t\t<\/div>\n\t\t\t\t\t<\/div>\n\t\t<\/section>\n\t\t\t\t<section class=\"elementor-section elementor-top-section elementor-element elementor-element-b41ccf2 elementor-section-boxed elementor-section-height-default elementor-section-height-default\" data-id=\"b41ccf2\" data-element_type=\"section\" data-e-type=\"section\">\n\t\t\t\t\t\t<div class=\"elementor-container elementor-column-gap-default\">\n\t\t\t\t\t<div class=\"elementor-column elementor-col-100 elementor-top-column elementor-element elementor-element-4c335b4\" data-id=\"4c335b4\" data-element_type=\"column\" data-e-type=\"column\">\n\t\t\t<div class=\"elementor-widget-wrap elementor-element-populated\">\n\t\t\t\t\t\t<div class=\"elementor-element elementor-element-732afa9 elementor-icon-list--layout-traditional elementor-list-item-link-full_width elementor-invisible elementor-widget elementor-widget-icon-list\" data-id=\"732afa9\" data-element_type=\"widget\" data-e-type=\"widget\" data-settings=\"{&quot;_animation&quot;:&quot;fadeInRight&quot;}\" data-widget_type=\"icon-list.default\">\n\t\t\t\t<div class=\"elementor-widget-container\">\n\t\t\t\t\t\t\t<ul class=\"elementor-icon-list-items\">\n\t\t\t\t\t\t\t<li class=\"elementor-icon-list-item\">\n\t\t\t\t\t\t\t\t\t\t\t<span class=\"elementor-icon-list-icon\">\n\t\t\t\t\t\t\t<i aria-hidden=\"true\" class=\"fas fa-chevron-right\"><\/i>\t\t\t\t\t\t<\/span>\n\t\t\t\t\t\t\t\t\t\t<span class=\"elementor-icon-list-text\">sind in verschiedenen H\u00f6hen und Breiten erh\u00e4ltlich<\/span>\n\t\t\t\t\t\t\t\t\t<\/li>\n\t\t\t\t\t\t\t\t<li class=\"elementor-icon-list-item\">\n\t\t\t\t\t\t\t\t\t\t\t<span class=\"elementor-icon-list-icon\">\n\t\t\t\t\t\t\t<i aria-hidden=\"true\" class=\"fas fa-chevron-right\"><\/i>\t\t\t\t\t\t<\/span>\n\t\t\t\t\t\t\t\t\t\t<span class=\"elementor-icon-list-text\">kann in drei bis sechs Spuren laufen und keinen Rahmen haben<\/span>\n\t\t\t\t\t\t\t\t\t<\/li>\n\t\t\t\t\t\t\t\t<li class=\"elementor-icon-list-item\">\n\t\t\t\t\t\t\t\t\t\t\t<span class=\"elementor-icon-list-icon\">\n\t\t\t\t\t\t\t<i aria-hidden=\"true\" class=\"fas fa-chevron-right\"><\/i>\t\t\t\t\t\t<\/span>\n\t\t\t\t\t\t\t\t\t\t<span class=\"elementor-icon-list-text\">eignen sich hervorragend als Balkonverglasung<\/span>\n\t\t\t\t\t\t\t\t\t<\/li>\n\t\t\t\t\t\t\t\t<li class=\"elementor-icon-list-item\">\n\t\t\t\t\t\t\t\t\t\t\t<span class=\"elementor-icon-list-icon\">\n\t\t\t\t\t\t\t<i aria-hidden=\"true\" class=\"fas fa-chevron-right\"><\/i>\t\t\t\t\t\t<\/span>\n\t\t\t\t\t\t\t\t\t\t<span class=\"elementor-icon-list-text\">wir liefern diverses Zubeh\u00f6r wie Edelstahlgriffe und Griffe in Edelstahloptik, Transportsysteme und Zugbesen<\/span>\n\t\t\t\t\t\t\t\t\t<\/li>\n\t\t\t\t\t\t\t\t<li class=\"elementor-icon-list-item\">\n\t\t\t\t\t\t\t\t\t\t\t<span class=\"elementor-icon-list-icon\">\n\t\t\t\t\t\t\t<i aria-hidden=\"true\" class=\"fas fa-chevron-right\"><\/i>\t\t\t\t\t\t<\/span>\n\t\t\t\t\t\t\t\t\t\t<span class=\"elementor-icon-list-text\">sind mit soliden und sicheren Scharnieren und Schl\u00f6ssern ausgestattet.<\/span>\n\t\t\t\t\t\t\t\t\t<\/li>\n\t\t\t\t\t\t<\/ul>\n\t\t\t\t\t\t<\/div>\n\t\t\t\t<\/div>\n\t\t\t\t\t<\/div>\n\t\t<\/div>\n\t\t\t\t\t<\/div>\n\t\t<\/section>\n\t\t\t\t<section class=\"elementor-section elementor-top-section elementor-element elementor-element-79dc3ff elementor-section-boxed elementor-section-height-default elementor-section-height-default\" data-id=\"79dc3ff\" data-element_type=\"section\" data-e-type=\"section\">\n\t\t\t\t\t\t<div class=\"elementor-container elementor-column-gap-default\">\n\t\t\t\t\t<div class=\"elementor-column elementor-col-100 elementor-top-column elementor-element elementor-element-79e8364\" data-id=\"79e8364\" data-element_type=\"column\" data-e-type=\"column\">\n\t\t\t<div class=\"elementor-widget-wrap elementor-element-populated\">\n\t\t\t\t\t\t<div class=\"elementor-element elementor-element-5ab8a2b elementor-widget elementor-widget-text-editor\" data-id=\"5ab8a2b\" data-element_type=\"widget\" data-e-type=\"widget\" data-widget_type=\"text-editor.default\">\n\t\t\t\t<div class=\"elementor-widget-container\">\n\t\t\t\t\t\t\t\t\t<h3>Mehr Informationen?<\/h3>\n<p>M\u00f6chten Sie auch Glasschiebew\u00e4nde mit perfekter Verarbeitung und luxuri\u00f6ser Optik? Kontaktieren Sie noch heute Veranda Garden. Gerne besprechen wir mit Ihnen die M\u00f6glichkeiten. Rufen Sie 06-36491406 an oder senden Sie eine E-Mail f\u00fcr eine<a href=\"https:\/\/verandagarden.nl\/de\/zitat\/\"> Zitat<\/a> oder Termin vor Ort.<\/p>\n\t\t\t\t\t\t\t\t<\/div>\n\t\t\t\t<\/div>\n\t\t\t\t\t<\/div>\n\t\t<\/div>\n\t\t\t\t\t<\/div>\n\t\t<\/section>\n\t\t\t\t<\/div>\n\t\t","protected":false},"excerpt":{"rendered":"<p>Genie\u00dfen Sie Ihren Garten oder Balkon noch mehr! Sch\u00f6n aus dem Wind und in der Sonne. Mit den Glasfronten und Glasschiebew\u00e4nden von Veranda Garden schaffen Sie sich Ihren eigenen gesch\u00fctzten Platz, gesch\u00fctzt vor Wind und Wetter. Im Windschatten genie\u00dfen Sie den Blick ins Gr\u00fcne. Das sind die Fronten und Glasschiebew\u00e4nde von Veranda Garden. Beziehen Sie [&hellip;]<\/p>\n","protected":false},"author":4,"featured_media":2340,"parent":0,"menu_order":0,"comment_status":"closed","ping_status":"closed","template":"","meta":{"footnotes":""},"class_list":["post-2417","page","type-page","status-publish","has-post-thumbnail","hentry"],"yoast_head":"<!-- This site is optimized with the Yoast SEO plugin v27.1.1 - https:\/\/yoast.com\/product\/yoast-seo-wordpress\/ -->\n<title>Fronten und Glasschiebew\u00e4nde - Veranda &amp; Garden<\/title>\n<meta name=\"robots\" content=\"index, follow, max-snippet:-1, max-image-preview:large, max-video-preview:-1\" \/>\n<link rel=\"canonical\" href=\"http:\/\/verandagarden.nl\/de\/fronten-und-glasschiebewaende\/\" \/>\n<meta property=\"og:locale\" content=\"de_DE\" \/>\n<meta property=\"og:type\" content=\"article\" \/>\n<meta property=\"og:title\" content=\"Fronten und Glasschiebew\u00e4nde - Veranda &amp; Garden\" \/>\n<meta property=\"og:description\" content=\"Genie\u00dfen Sie Ihren Garten oder Balkon noch mehr! Sch\u00f6n aus dem Wind und in der Sonne. Mit den Glasfronten und Glasschiebew\u00e4nden von Veranda Garden schaffen Sie sich Ihren eigenen gesch\u00fctzten Platz, gesch\u00fctzt vor Wind und Wetter. Im Windschatten genie\u00dfen Sie den Blick ins Gr\u00fcne. Das sind die Fronten und Glasschiebew\u00e4nde von Veranda Garden. Beziehen Sie [&hellip;]\" \/>\n<meta property=\"og:url\" content=\"http:\/\/verandagarden.nl\/de\/fronten-und-glasschiebewaende\/\" \/>\n<meta property=\"og:site_name\" content=\"Veranda &amp; Garden\" \/>\n<meta property=\"article:publisher\" content=\"https:\/\/www.facebook.com\/vgverandagarden\" \/>\n<meta property=\"article:modified_time\" content=\"2021-10-12T10:09:50+00:00\" \/>\n<meta property=\"og:image\" content=\"https:\/\/verandagarden.nl\/wp-content\/uploads\/2021\/09\/shutterstock_475440925-scaled.jpg\" \/>\n\t<meta property=\"og:image:width\" content=\"2560\" \/>\n\t<meta property=\"og:image:height\" content=\"1707\" \/>\n\t<meta property=\"og:image:type\" content=\"image\/jpeg\" \/>\n<meta name=\"twitter:card\" content=\"summary_large_image\" \/>\n<meta name=\"twitter:label1\" content=\"Gesch\u00e4tzte Lesezeit\" \/>\n\t<meta name=\"twitter:data1\" content=\"1\u00a0Minute\" \/>\n<script type=\"application\/ld+json\" class=\"yoast-schema-graph\">{\"@context\":\"https:\/\/schema.org\",\"@graph\":[{\"@type\":\"WebPage\",\"@id\":\"http:\/\/verandagarden.nl\/de\/fronten-und-glasschiebewaende\/\",\"url\":\"http:\/\/verandagarden.nl\/de\/fronten-und-glasschiebewaende\/\",\"name\":\"Fronten und Glasschiebew\u00e4nde - Veranda &amp; Garden\",\"isPartOf\":{\"@id\":\"https:\/\/verandagarden.nl\/de\/#website\"},\"primaryImageOfPage\":{\"@id\":\"http:\/\/verandagarden.nl\/de\/fronten-und-glasschiebewaende\/#primaryimage\"},\"image\":{\"@id\":\"http:\/\/verandagarden.nl\/de\/fronten-und-glasschiebewaende\/#primaryimage\"},\"thumbnailUrl\":\"http:\/\/verandagarden.nl\/wp-content\/uploads\/2021\/09\/c9e292b2-cb74-48cc-89a1-5ac885601563-1594279d2062292af0f15b01e19e31bb.jpg\",\"datePublished\":\"2021-10-12T10:09:43+00:00\",\"dateModified\":\"2021-10-12T10:09:50+00:00\",\"breadcrumb\":{\"@id\":\"http:\/\/verandagarden.nl\/de\/fronten-und-glasschiebewaende\/#breadcrumb\"},\"inLanguage\":\"de\",\"potentialAction\":[{\"@type\":\"ReadAction\",\"target\":[\"http:\/\/verandagarden.nl\/de\/fronten-und-glasschiebewaende\/\"]}]},{\"@type\":\"ImageObject\",\"inLanguage\":\"de\",\"@id\":\"http:\/\/verandagarden.nl\/de\/fronten-und-glasschiebewaende\/#primaryimage\",\"url\":\"http:\/\/verandagarden.nl\/wp-content\/uploads\/2021\/09\/c9e292b2-cb74-48cc-89a1-5ac885601563-1594279d2062292af0f15b01e19e31bb.jpg\",\"contentUrl\":\"http:\/\/verandagarden.nl\/wp-content\/uploads\/2021\/09\/c9e292b2-cb74-48cc-89a1-5ac885601563-1594279d2062292af0f15b01e19e31bb.jpg\",\"width\":1600,\"height\":1200},{\"@type\":\"BreadcrumbList\",\"@id\":\"http:\/\/verandagarden.nl\/de\/fronten-und-glasschiebewaende\/#breadcrumb\",\"itemListElement\":[{\"@type\":\"ListItem\",\"position\":1,\"name\":\"Home\",\"item\":\"https:\/\/verandagarden.nl\/de\/\"},{\"@type\":\"ListItem\",\"position\":2,\"name\":\"Fronten und Glasschiebew\u00e4nde\"}]},{\"@type\":\"WebSite\",\"@id\":\"https:\/\/verandagarden.nl\/de\/#website\",\"url\":\"https:\/\/verandagarden.nl\/de\/\",\"name\":\"Veranda & Garden\",\"description\":\"\",\"publisher\":{\"@id\":\"https:\/\/verandagarden.nl\/de\/#organization\"},\"potentialAction\":[{\"@type\":\"SearchAction\",\"target\":{\"@type\":\"EntryPoint\",\"urlTemplate\":\"https:\/\/verandagarden.nl\/de\/?s={search_term_string}\"},\"query-input\":{\"@type\":\"PropertyValueSpecification\",\"valueRequired\":true,\"valueName\":\"search_term_string\"}}],\"inLanguage\":\"de\"},{\"@type\":\"Organization\",\"@id\":\"https:\/\/verandagarden.nl\/de\/#organization\",\"name\":\"Veranda & Garden\",\"url\":\"https:\/\/verandagarden.nl\/de\/\",\"logo\":{\"@type\":\"ImageObject\",\"inLanguage\":\"de\",\"@id\":\"https:\/\/verandagarden.nl\/de\/#\/schema\/logo\/image\/\",\"url\":\"https:\/\/verandagarden.nl\/wp-content\/uploads\/2021\/09\/logo-transparant.png\",\"contentUrl\":\"https:\/\/verandagarden.nl\/wp-content\/uploads\/2021\/09\/logo-transparant.png\",\"width\":1091,\"height\":134,\"caption\":\"Veranda & Garden\"},\"image\":{\"@id\":\"https:\/\/verandagarden.nl\/de\/#\/schema\/logo\/image\/\"},\"sameAs\":[\"https:\/\/www.facebook.com\/vgverandagarden\",\"https:\/\/www.instagram.com\/vgverandagarden\/?hl=nl\"]}]}<\/script>\n<!-- \/ Yoast SEO plugin. -->","yoast_head_json":{"title":"Fronten und Glasschiebew\u00e4nde - Veranda &amp; Garden","robots":{"index":"index","follow":"follow","max-snippet":"max-snippet:-1","max-image-preview":"max-image-preview:large","max-video-preview":"max-video-preview:-1"},"canonical":"http:\/\/verandagarden.nl\/de\/fronten-und-glasschiebewaende\/","og_locale":"de_DE","og_type":"article","og_title":"Fronten und Glasschiebew\u00e4nde - Veranda &amp; Garden","og_description":"Genie\u00dfen Sie Ihren Garten oder Balkon noch mehr! Sch\u00f6n aus dem Wind und in der Sonne. Mit den Glasfronten und Glasschiebew\u00e4nden von Veranda Garden schaffen Sie sich Ihren eigenen gesch\u00fctzten Platz, gesch\u00fctzt vor Wind und Wetter. Im Windschatten genie\u00dfen Sie den Blick ins Gr\u00fcne. Das sind die Fronten und Glasschiebew\u00e4nde von Veranda Garden. Beziehen Sie [&hellip;]","og_url":"http:\/\/verandagarden.nl\/de\/fronten-und-glasschiebewaende\/","og_site_name":"Veranda &amp; Garden","article_publisher":"https:\/\/www.facebook.com\/vgverandagarden","article_modified_time":"2021-10-12T10:09:50+00:00","og_image":[{"width":2560,"height":1707,"url":"https:\/\/verandagarden.nl\/wp-content\/uploads\/2021\/09\/shutterstock_475440925-scaled.jpg","type":"image\/jpeg"}],"twitter_card":"summary_large_image","twitter_misc":{"Gesch\u00e4tzte Lesezeit":"1\u00a0Minute"},"schema":{"@context":"https:\/\/schema.org","@graph":[{"@type":"WebPage","@id":"http:\/\/verandagarden.nl\/de\/fronten-und-glasschiebewaende\/","url":"http:\/\/verandagarden.nl\/de\/fronten-und-glasschiebewaende\/","name":"Fronten und Glasschiebew\u00e4nde - Veranda &amp; Garden","isPartOf":{"@id":"https:\/\/verandagarden.nl\/de\/#website"},"primaryImageOfPage":{"@id":"http:\/\/verandagarden.nl\/de\/fronten-und-glasschiebewaende\/#primaryimage"},"image":{"@id":"http:\/\/verandagarden.nl\/de\/fronten-und-glasschiebewaende\/#primaryimage"},"thumbnailUrl":"http:\/\/verandagarden.nl\/wp-content\/uploads\/2021\/09\/c9e292b2-cb74-48cc-89a1-5ac885601563-1594279d2062292af0f15b01e19e31bb.jpg","datePublished":"2021-10-12T10:09:43+00:00","dateModified":"2021-10-12T10:09:50+00:00","breadcrumb":{"@id":"http:\/\/verandagarden.nl\/de\/fronten-und-glasschiebewaende\/#breadcrumb"},"inLanguage":"de","potentialAction":[{"@type":"ReadAction","target":["http:\/\/verandagarden.nl\/de\/fronten-und-glasschiebewaende\/"]}]},{"@type":"ImageObject","inLanguage":"de","@id":"http:\/\/verandagarden.nl\/de\/fronten-und-glasschiebewaende\/#primaryimage","url":"http:\/\/verandagarden.nl\/wp-content\/uploads\/2021\/09\/c9e292b2-cb74-48cc-89a1-5ac885601563-1594279d2062292af0f15b01e19e31bb.jpg","contentUrl":"http:\/\/verandagarden.nl\/wp-content\/uploads\/2021\/09\/c9e292b2-cb74-48cc-89a1-5ac885601563-1594279d2062292af0f15b01e19e31bb.jpg","width":1600,"height":1200},{"@type":"BreadcrumbList","@id":"http:\/\/verandagarden.nl\/de\/fronten-und-glasschiebewaende\/#breadcrumb","itemListElement":[{"@type":"ListItem","position":1,"name":"Home","item":"https:\/\/verandagarden.nl\/de\/"},{"@type":"ListItem","position":2,"name":"Fronten und Glasschiebew\u00e4nde"}]},{"@type":"WebSite","@id":"https:\/\/verandagarden.nl\/de\/#website","url":"https:\/\/verandagarden.nl\/de\/","name":"Veranda & Garden","description":"","publisher":{"@id":"https:\/\/verandagarden.nl\/de\/#organization"},"potentialAction":[{"@type":"SearchAction","target":{"@type":"EntryPoint","urlTemplate":"https:\/\/verandagarden.nl\/de\/?s={search_term_string}"},"query-input":{"@type":"PropertyValueSpecification","valueRequired":true,"valueName":"search_term_string"}}],"inLanguage":"de"},{"@type":"Organization","@id":"https:\/\/verandagarden.nl\/de\/#organization","name":"Veranda & Garden","url":"https:\/\/verandagarden.nl\/de\/","logo":{"@type":"ImageObject","inLanguage":"de","@id":"https:\/\/verandagarden.nl\/de\/#\/schema\/logo\/image\/","url":"https:\/\/verandagarden.nl\/wp-content\/uploads\/2021\/09\/logo-transparant.png","contentUrl":"https:\/\/verandagarden.nl\/wp-content\/uploads\/2021\/09\/logo-transparant.png","width":1091,"height":134,"caption":"Veranda & Garden"},"image":{"@id":"https:\/\/verandagarden.nl\/de\/#\/schema\/logo\/image\/"},"sameAs":["https:\/\/www.facebook.com\/vgverandagarden","https:\/\/www.instagram.com\/vgverandagarden\/?hl=nl"]}]}},"_links":{"self":[{"href":"http:\/\/verandagarden.nl\/de\/wp-json\/wp\/v2\/pages\/2417","targetHints":{"allow":["GET"]}}],"collection":[{"href":"http:\/\/verandagarden.nl\/de\/wp-json\/wp\/v2\/pages"}],"about":[{"href":"http:\/\/verandagarden.nl\/de\/wp-json\/wp\/v2\/types\/page"}],"author":[{"embeddable":true,"href":"http:\/\/verandagarden.nl\/de\/wp-json\/wp\/v2\/users\/4"}],"replies":[{"embeddable":true,"href":"http:\/\/verandagarden.nl\/de\/wp-json\/wp\/v2\/comments?post=2417"}],"version-history":[{"count":0,"href":"http:\/\/verandagarden.nl\/de\/wp-json\/wp\/v2\/pages\/2417\/revisions"}],"wp:featuredmedia":[{"embeddable":true,"href":"http:\/\/verandagarden.nl\/de\/wp-json\/wp\/v2\/media\/2340"}],"wp:attachment":[{"href":"http:\/\/verandagarden.nl\/de\/wp-json\/wp\/v2\/media?parent=2417"}],"curies":[{"name":"wp","href":"https:\/\/api.w.org\/{rel}","templated":true}]}}