{"id":2423,"date":"2021-10-12T10:09:53","date_gmt":"2021-10-12T10:09:53","guid":{"rendered":"https:\/\/veranda.templ8.nl\/landschaftsbau\/"},"modified":"2021-10-12T10:09:57","modified_gmt":"2021-10-12T10:09:57","slug":"landschaftsbau","status":"publish","type":"page","link":"http:\/\/verandagarden.nl\/de\/landschaftsbau\/","title":{"rendered":"Landschaftsbau"},"content":{"rendered":"<h3>Ihr gesamter Garten in guten H\u00e4nden!<\/h3>\n<p>Wir entlasten unsere Kunden gerne. Das hei\u00dft, Sie k\u00f6nnen uns von A bis Z einen Job \u00fcberlassen, wenn es um Ihren Garten geht. Oder f\u00fcr die Platzierung von D\u00e4chern oder Carports. So sorgen wir f\u00fcr ein sch\u00f6nes<\/p>\n<p>Bodenbelag des darunter liegenden Bodens, in dem sich die Erweiterung oder Erweiterung befindet. Und wenn Sie m\u00f6chten, nehmen wir sogar Ihren gesamten Garten in Angriff. Veranda Garden arbeitet mit einem Team von Fachleuten zusammen. Wir alle haben unsere Spezialit\u00e4ten. M\u00f6chten Sie in Ihrem Garten neben einem Dach dekorative Fliesen oder Bord\u00fcren? Gerne f\u00fcgen wir es in ein Gesamtpaket ein.<\/p>\n<h3>Ja, ich m\u00f6chte mehr \u00fcber alles erfahren, was Veranda Garden tut!<\/h3>\n<p>Rufen Sie 06-36491406 an oder<a href=\"\/contact\"> E-Mail<\/a> f\u00fcr einen pers\u00f6nlichen Termin. Gerne besuchen wir Sie, um die M\u00f6glichkeiten zu besprechen. Im Handumdrehen sitzen Sie unter Ihrem neuen Dach, sch\u00f6n angelegt und aufgebaut von Veranda Garden.<\/p>\n","protected":false},"excerpt":{"rendered":"<p>Ihr gesamter Garten in guten H\u00e4nden! Wir entlasten unsere Kunden gerne. Das hei\u00dft, Sie k\u00f6nnen uns von A bis Z einen Job \u00fcberlassen, wenn es um Ihren Garten geht. Oder f\u00fcr die Platzierung von D\u00e4chern oder Carports. So sorgen wir f\u00fcr ein sch\u00f6nes Bodenbelag des darunter liegenden Bodens, in dem sich die Erweiterung oder Erweiterung [&hellip;]<\/p>\n","protected":false},"author":4,"featured_media":2343,"parent":0,"menu_order":0,"comment_status":"closed","ping_status":"closed","template":"","meta":{"footnotes":""},"class_list":["post-2423","page","type-page","status-publish","has-post-thumbnail","hentry"],"yoast_head":"<!-- This site is optimized with the Yoast SEO plugin v27.1.1 - https:\/\/yoast.com\/product\/yoast-seo-wordpress\/ -->\n<title>Landschaftsbau - Veranda &amp; Garden<\/title>\n<meta name=\"robots\" content=\"index, follow, max-snippet:-1, max-image-preview:large, max-video-preview:-1\" \/>\n<link rel=\"canonical\" href=\"http:\/\/verandagarden.nl\/de\/landschaftsbau\/\" \/>\n<meta property=\"og:locale\" content=\"de_DE\" \/>\n<meta property=\"og:type\" content=\"article\" \/>\n<meta property=\"og:title\" content=\"Landschaftsbau - Veranda &amp; Garden\" \/>\n<meta property=\"og:description\" content=\"Ihr gesamter Garten in guten H\u00e4nden! Wir entlasten unsere Kunden gerne. Das hei\u00dft, Sie k\u00f6nnen uns von A bis Z einen Job \u00fcberlassen, wenn es um Ihren Garten geht. Oder f\u00fcr die Platzierung von D\u00e4chern oder Carports. So sorgen wir f\u00fcr ein sch\u00f6nes Bodenbelag des darunter liegenden Bodens, in dem sich die Erweiterung oder Erweiterung [&hellip;]\" \/>\n<meta property=\"og:url\" content=\"http:\/\/verandagarden.nl\/de\/landschaftsbau\/\" \/>\n<meta property=\"og:site_name\" content=\"Veranda &amp; Garden\" \/>\n<meta property=\"article:publisher\" content=\"https:\/\/www.facebook.com\/vgverandagarden\" \/>\n<meta property=\"article:modified_time\" content=\"2021-10-12T10:09:57+00:00\" \/>\n<meta property=\"og:image\" content=\"https:\/\/verandagarden.nl\/wp-content\/uploads\/2021\/09\/shutterstock_475440925-scaled.jpg\" \/>\n\t<meta property=\"og:image:width\" content=\"2560\" \/>\n\t<meta property=\"og:image:height\" content=\"1707\" \/>\n\t<meta property=\"og:image:type\" content=\"image\/jpeg\" \/>\n<meta name=\"twitter:card\" content=\"summary_large_image\" \/>\n<meta name=\"twitter:label1\" content=\"Gesch\u00e4tzte Lesezeit\" \/>\n\t<meta name=\"twitter:data1\" content=\"1\u00a0Minute\" \/>\n<script type=\"application\/ld+json\" class=\"yoast-schema-graph\">{\"@context\":\"https:\/\/schema.org\",\"@graph\":[{\"@type\":\"WebPage\",\"@id\":\"http:\/\/verandagarden.nl\/de\/landschaftsbau\/\",\"url\":\"http:\/\/verandagarden.nl\/de\/landschaftsbau\/\",\"name\":\"Landschaftsbau - Veranda &amp; Garden\",\"isPartOf\":{\"@id\":\"https:\/\/verandagarden.nl\/de\/#website\"},\"primaryImageOfPage\":{\"@id\":\"http:\/\/verandagarden.nl\/de\/landschaftsbau\/#primaryimage\"},\"image\":{\"@id\":\"http:\/\/verandagarden.nl\/de\/landschaftsbau\/#primaryimage\"},\"thumbnailUrl\":\"http:\/\/verandagarden.nl\/wp-content\/uploads\/2021\/09\/f90f7b6e-c651-4347-ad8b-b6c657666183-4ba68ba6536c104e86317d5c1c8e73b3.jpg\",\"datePublished\":\"2021-10-12T10:09:53+00:00\",\"dateModified\":\"2021-10-12T10:09:57+00:00\",\"breadcrumb\":{\"@id\":\"http:\/\/verandagarden.nl\/de\/landschaftsbau\/#breadcrumb\"},\"inLanguage\":\"de\",\"potentialAction\":[{\"@type\":\"ReadAction\",\"target\":[\"http:\/\/verandagarden.nl\/de\/landschaftsbau\/\"]}]},{\"@type\":\"ImageObject\",\"inLanguage\":\"de\",\"@id\":\"http:\/\/verandagarden.nl\/de\/landschaftsbau\/#primaryimage\",\"url\":\"http:\/\/verandagarden.nl\/wp-content\/uploads\/2021\/09\/f90f7b6e-c651-4347-ad8b-b6c657666183-4ba68ba6536c104e86317d5c1c8e73b3.jpg\",\"contentUrl\":\"http:\/\/verandagarden.nl\/wp-content\/uploads\/2021\/09\/f90f7b6e-c651-4347-ad8b-b6c657666183-4ba68ba6536c104e86317d5c1c8e73b3.jpg\",\"width\":1600,\"height\":1200},{\"@type\":\"BreadcrumbList\",\"@id\":\"http:\/\/verandagarden.nl\/de\/landschaftsbau\/#breadcrumb\",\"itemListElement\":[{\"@type\":\"ListItem\",\"position\":1,\"name\":\"Home\",\"item\":\"https:\/\/verandagarden.nl\/de\/\"},{\"@type\":\"ListItem\",\"position\":2,\"name\":\"Landschaftsbau\"}]},{\"@type\":\"WebSite\",\"@id\":\"https:\/\/verandagarden.nl\/de\/#website\",\"url\":\"https:\/\/verandagarden.nl\/de\/\",\"name\":\"Veranda & Garden\",\"description\":\"\",\"publisher\":{\"@id\":\"https:\/\/verandagarden.nl\/de\/#organization\"},\"potentialAction\":[{\"@type\":\"SearchAction\",\"target\":{\"@type\":\"EntryPoint\",\"urlTemplate\":\"https:\/\/verandagarden.nl\/de\/?s={search_term_string}\"},\"query-input\":{\"@type\":\"PropertyValueSpecification\",\"valueRequired\":true,\"valueName\":\"search_term_string\"}}],\"inLanguage\":\"de\"},{\"@type\":\"Organization\",\"@id\":\"https:\/\/verandagarden.nl\/de\/#organization\",\"name\":\"Veranda & Garden\",\"url\":\"https:\/\/verandagarden.nl\/de\/\",\"logo\":{\"@type\":\"ImageObject\",\"inLanguage\":\"de\",\"@id\":\"https:\/\/verandagarden.nl\/de\/#\/schema\/logo\/image\/\",\"url\":\"https:\/\/verandagarden.nl\/wp-content\/uploads\/2021\/09\/logo-transparant.png\",\"contentUrl\":\"https:\/\/verandagarden.nl\/wp-content\/uploads\/2021\/09\/logo-transparant.png\",\"width\":1091,\"height\":134,\"caption\":\"Veranda & Garden\"},\"image\":{\"@id\":\"https:\/\/verandagarden.nl\/de\/#\/schema\/logo\/image\/\"},\"sameAs\":[\"https:\/\/www.facebook.com\/vgverandagarden\",\"https:\/\/www.instagram.com\/vgverandagarden\/?hl=nl\"]}]}<\/script>\n<!-- \/ Yoast SEO plugin. -->","yoast_head_json":{"title":"Landschaftsbau - Veranda &amp; Garden","robots":{"index":"index","follow":"follow","max-snippet":"max-snippet:-1","max-image-preview":"max-image-preview:large","max-video-preview":"max-video-preview:-1"},"canonical":"http:\/\/verandagarden.nl\/de\/landschaftsbau\/","og_locale":"de_DE","og_type":"article","og_title":"Landschaftsbau - Veranda &amp; Garden","og_description":"Ihr gesamter Garten in guten H\u00e4nden! Wir entlasten unsere Kunden gerne. Das hei\u00dft, Sie k\u00f6nnen uns von A bis Z einen Job \u00fcberlassen, wenn es um Ihren Garten geht. Oder f\u00fcr die Platzierung von D\u00e4chern oder Carports. So sorgen wir f\u00fcr ein sch\u00f6nes Bodenbelag des darunter liegenden Bodens, in dem sich die Erweiterung oder Erweiterung [&hellip;]","og_url":"http:\/\/verandagarden.nl\/de\/landschaftsbau\/","og_site_name":"Veranda &amp; Garden","article_publisher":"https:\/\/www.facebook.com\/vgverandagarden","article_modified_time":"2021-10-12T10:09:57+00:00","og_image":[{"width":2560,"height":1707,"url":"https:\/\/verandagarden.nl\/wp-content\/uploads\/2021\/09\/shutterstock_475440925-scaled.jpg","type":"image\/jpeg"}],"twitter_card":"summary_large_image","twitter_misc":{"Gesch\u00e4tzte Lesezeit":"1\u00a0Minute"},"schema":{"@context":"https:\/\/schema.org","@graph":[{"@type":"WebPage","@id":"http:\/\/verandagarden.nl\/de\/landschaftsbau\/","url":"http:\/\/verandagarden.nl\/de\/landschaftsbau\/","name":"Landschaftsbau - Veranda &amp; Garden","isPartOf":{"@id":"https:\/\/verandagarden.nl\/de\/#website"},"primaryImageOfPage":{"@id":"http:\/\/verandagarden.nl\/de\/landschaftsbau\/#primaryimage"},"image":{"@id":"http:\/\/verandagarden.nl\/de\/landschaftsbau\/#primaryimage"},"thumbnailUrl":"http:\/\/verandagarden.nl\/wp-content\/uploads\/2021\/09\/f90f7b6e-c651-4347-ad8b-b6c657666183-4ba68ba6536c104e86317d5c1c8e73b3.jpg","datePublished":"2021-10-12T10:09:53+00:00","dateModified":"2021-10-12T10:09:57+00:00","breadcrumb":{"@id":"http:\/\/verandagarden.nl\/de\/landschaftsbau\/#breadcrumb"},"inLanguage":"de","potentialAction":[{"@type":"ReadAction","target":["http:\/\/verandagarden.nl\/de\/landschaftsbau\/"]}]},{"@type":"ImageObject","inLanguage":"de","@id":"http:\/\/verandagarden.nl\/de\/landschaftsbau\/#primaryimage","url":"http:\/\/verandagarden.nl\/wp-content\/uploads\/2021\/09\/f90f7b6e-c651-4347-ad8b-b6c657666183-4ba68ba6536c104e86317d5c1c8e73b3.jpg","contentUrl":"http:\/\/verandagarden.nl\/wp-content\/uploads\/2021\/09\/f90f7b6e-c651-4347-ad8b-b6c657666183-4ba68ba6536c104e86317d5c1c8e73b3.jpg","width":1600,"height":1200},{"@type":"BreadcrumbList","@id":"http:\/\/verandagarden.nl\/de\/landschaftsbau\/#breadcrumb","itemListElement":[{"@type":"ListItem","position":1,"name":"Home","item":"https:\/\/verandagarden.nl\/de\/"},{"@type":"ListItem","position":2,"name":"Landschaftsbau"}]},{"@type":"WebSite","@id":"https:\/\/verandagarden.nl\/de\/#website","url":"https:\/\/verandagarden.nl\/de\/","name":"Veranda & Garden","description":"","publisher":{"@id":"https:\/\/verandagarden.nl\/de\/#organization"},"potentialAction":[{"@type":"SearchAction","target":{"@type":"EntryPoint","urlTemplate":"https:\/\/verandagarden.nl\/de\/?s={search_term_string}"},"query-input":{"@type":"PropertyValueSpecification","valueRequired":true,"valueName":"search_term_string"}}],"inLanguage":"de"},{"@type":"Organization","@id":"https:\/\/verandagarden.nl\/de\/#organization","name":"Veranda & Garden","url":"https:\/\/verandagarden.nl\/de\/","logo":{"@type":"ImageObject","inLanguage":"de","@id":"https:\/\/verandagarden.nl\/de\/#\/schema\/logo\/image\/","url":"https:\/\/verandagarden.nl\/wp-content\/uploads\/2021\/09\/logo-transparant.png","contentUrl":"https:\/\/verandagarden.nl\/wp-content\/uploads\/2021\/09\/logo-transparant.png","width":1091,"height":134,"caption":"Veranda & Garden"},"image":{"@id":"https:\/\/verandagarden.nl\/de\/#\/schema\/logo\/image\/"},"sameAs":["https:\/\/www.facebook.com\/vgverandagarden","https:\/\/www.instagram.com\/vgverandagarden\/?hl=nl"]}]}},"_links":{"self":[{"href":"http:\/\/verandagarden.nl\/de\/wp-json\/wp\/v2\/pages\/2423","targetHints":{"allow":["GET"]}}],"collection":[{"href":"http:\/\/verandagarden.nl\/de\/wp-json\/wp\/v2\/pages"}],"about":[{"href":"http:\/\/verandagarden.nl\/de\/wp-json\/wp\/v2\/types\/page"}],"author":[{"embeddable":true,"href":"http:\/\/verandagarden.nl\/de\/wp-json\/wp\/v2\/users\/4"}],"replies":[{"embeddable":true,"href":"http:\/\/verandagarden.nl\/de\/wp-json\/wp\/v2\/comments?post=2423"}],"version-history":[{"count":0,"href":"http:\/\/verandagarden.nl\/de\/wp-json\/wp\/v2\/pages\/2423\/revisions"}],"wp:featuredmedia":[{"embeddable":true,"href":"http:\/\/verandagarden.nl\/de\/wp-json\/wp\/v2\/media\/2343"}],"wp:attachment":[{"href":"http:\/\/verandagarden.nl\/de\/wp-json\/wp\/v2\/media?parent=2423"}],"curies":[{"name":"wp","href":"https:\/\/api.w.org\/{rel}","templated":true}]}}