{"id":2425,"date":"2021-10-12T10:13:17","date_gmt":"2021-10-12T10:13:17","guid":{"rendered":"https:\/\/veranda.templ8.nl\/jalousien-und-rolllaeden\/"},"modified":"2021-10-12T10:13:17","modified_gmt":"2021-10-12T10:13:17","slug":"jalousien-und-rolllaeden","status":"publish","type":"page","link":"http:\/\/verandagarden.nl\/de\/jalousien-und-rolllaeden\/","title":{"rendered":"Jalousien und Rolll\u00e4den"},"content":{"rendered":"<h3>Immer das Licht, das Sie wollen!<\/h3>\n<p>Sie m\u00f6chten Ihren Anbau, Ihre Terrassen\u00fcberdachung oder Ihren Carport noch angenehmer nutzen? Genie\u00dfen Sie Ihren Neukauf in vollen Z\u00fcgen? Versorgen Sie sie mit dem richtigen Sonnenschutz, Screens, Markisen oder Rolll\u00e4den. Veranda Garden liefert das Gesamtbild. Neben der Montage der Terrassen\u00fcberdachung Ihrer Wahl montieren wir alle von Ihnen gew\u00fcnschten Sonnenschutzsysteme, Markisen oder Rolll\u00e4den.<\/p>\n<h3>Licht richtig steuern<\/h3>\n<p>Sonne ist wunderbar, aber in Ma\u00dfen&#8230; Steuern Sie den Sonneneinfall optimal mit dem richtigen Bildschirm. Wir beraten Sie gerne bei der optimalen Auswahl. Im Veranda Garden bieten wir zum Beispiel:<\/p>\n<h3>\u00b7 Sonnenschirme<\/h3>\n<p>Mit einem Sonnenschirm sch\u00fctzen Sie sich auf der Terrasse vor sch\u00e4dlicher ultravioletter Strahlung. Dieses wirksame Produkt blockiert durchschnittlich zwischen 90 und 99% der UV-Strahlung. Au\u00dferdem regulieren Sie mit Ihrer Markise die Temperatur auf Ihrer Terrasse. An hei\u00dfen Tagen \u00f6ffnen Sie Ihre Markise, woraufhin die Lichtintensit\u00e4t und W\u00e4rme auf Ihrer Terrasse sofort nachl\u00e4sst. Genie\u00dfen Sie, aber auf die richtige Weise. Mit den Markisen von Veranda Garden!<\/p>\n<h3>\u00b7 Markisen<\/h3>\n<p>Die Bedienung einer Veranda-Markise ist vergleichbar mit der einer Markise.<\/p>\n<p>Das sonnenbest\u00e4ndige Gewebe sorgt daf\u00fcr, dass UV-Strahlung drau\u00dfen bleibt und die Temperatur unter der Terrassen\u00fcberdachung nicht ansteigt. Welche Option ist die richtige f\u00fcr Ihre Situation? Veranda Gardena ber\u00e4t Sie gerne. F\u00fcr jede Situation gibt es eine tolle L\u00f6sung. So besteht beispielsweise die M\u00f6glichkeit, Sonnenschutz sowohl oben als auch unten am Dach anzubringen. Veranda Garden ber\u00e4t Sie gerne!<\/p>\n<h3>Bildschirme<\/h3>\n<p>Ungest\u00f6rtes Betrachten Ihres Bildschirms von Ihrem Fernseher, Laptop oder Telefon, ohne st\u00f6rendes Sonnenlicht. Das sonnenbest\u00e4ndige Gewebe unserer Sichtschutzsysteme blockiert die Hitze und Blendung durch die Sonne. Ein zus\u00e4tzlicher Vorteil unserer Screens ist, dass Sie von au\u00dfen nicht mehr in Ihr Zuhause schauen k\u00f6nnen, w\u00e4hrend Sie von innen weiter nach drau\u00dfen schauen k\u00f6nnen. Dar\u00fcber hinaus sorgen die Screens von Veranda Garden f\u00fcr ein angenehmes Wohnklima in Ihrem Zuhause.<\/p>\n<h3>\u00b7 Jalousien<\/h3>\n<p>Rolll\u00e4den reduzieren Hitze, K\u00e4lte und L\u00e4rmbel\u00e4stigung von au\u00dfen. Ein Rollladen hat zu jeder Jahreszeit eine passende Funktion. Im Sommer die Hitze drau\u00dfen halten, im Winter die K\u00e4lte drau\u00dfen halten und das ganze Jahr \u00fcber die L\u00e4rmbel\u00e4stigung reduzieren. Die Lamellen oder Rollos sind verdunkelnd und halten Insekten fern, w\u00e4hrend sich nach innen \u00f6ffnende Fenster noch \u00f6ffnen lassen. Ein Rollladen bietet zudem Sicherheit und ist einbruchhemmend. Veranda Garden montiert gerne Ihre neuen Rolll\u00e4den!<\/p>\n<h3>Ja, erz\u00e4hlen Sie mir mehr \u00fcber die Veranda Garden Markisen!<\/h3>\n<p>Sie m\u00f6chten mehr \u00fcber alle von uns platzierten Produkte im Bereich Sonnenschutz, Rollladen oder Screen erfahren? Rufen Sie 06-36491406 an oder<a href=\"\/contact\"> E-Mail<\/a> und wir kommen gerne f\u00fcr ein passendes Angebot vorbei.<\/p>\n","protected":false},"excerpt":{"rendered":"<p>Immer das Licht, das Sie wollen! Sie m\u00f6chten Ihren Anbau, Ihre Terrassen\u00fcberdachung oder Ihren Carport noch angenehmer nutzen? Genie\u00dfen Sie Ihren Neukauf in vollen Z\u00fcgen? Versorgen Sie sie mit dem richtigen Sonnenschutz, Screens, Markisen oder Rolll\u00e4den. Veranda Garden liefert das Gesamtbild. Neben der Montage der Terrassen\u00fcberdachung Ihrer Wahl montieren wir alle von Ihnen gew\u00fcnschten Sonnenschutzsysteme, [&hellip;]<\/p>\n","protected":false},"author":4,"featured_media":2358,"parent":0,"menu_order":0,"comment_status":"closed","ping_status":"closed","template":"","meta":{"footnotes":""},"class_list":["post-2425","page","type-page","status-publish","has-post-thumbnail","hentry"],"yoast_head":"<!-- This site is optimized with the Yoast SEO plugin v27.1.1 - https:\/\/yoast.com\/product\/yoast-seo-wordpress\/ -->\n<title>Jalousien und Rolll\u00e4den - Veranda &amp; Garden<\/title>\n<meta name=\"robots\" content=\"index, follow, max-snippet:-1, max-image-preview:large, max-video-preview:-1\" \/>\n<link rel=\"canonical\" href=\"http:\/\/verandagarden.nl\/de\/jalousien-und-rolllaeden\/\" \/>\n<meta property=\"og:locale\" content=\"de_DE\" \/>\n<meta property=\"og:type\" content=\"article\" \/>\n<meta property=\"og:title\" content=\"Jalousien und Rolll\u00e4den - Veranda &amp; Garden\" \/>\n<meta property=\"og:description\" content=\"Immer das Licht, das Sie wollen! Sie m\u00f6chten Ihren Anbau, Ihre Terrassen\u00fcberdachung oder Ihren Carport noch angenehmer nutzen? Genie\u00dfen Sie Ihren Neukauf in vollen Z\u00fcgen? Versorgen Sie sie mit dem richtigen Sonnenschutz, Screens, Markisen oder Rolll\u00e4den. Veranda Garden liefert das Gesamtbild. Neben der Montage der Terrassen\u00fcberdachung Ihrer Wahl montieren wir alle von Ihnen gew\u00fcnschten Sonnenschutzsysteme, [&hellip;]\" \/>\n<meta property=\"og:url\" content=\"http:\/\/verandagarden.nl\/de\/jalousien-und-rolllaeden\/\" \/>\n<meta property=\"og:site_name\" content=\"Veranda &amp; Garden\" \/>\n<meta property=\"article:publisher\" content=\"https:\/\/www.facebook.com\/vgverandagarden\" \/>\n<meta property=\"og:image\" content=\"https:\/\/verandagarden.nl\/wp-content\/uploads\/2021\/09\/shutterstock_475440925-scaled.jpg\" \/>\n\t<meta property=\"og:image:width\" content=\"2560\" \/>\n\t<meta property=\"og:image:height\" content=\"1707\" \/>\n\t<meta property=\"og:image:type\" content=\"image\/jpeg\" \/>\n<meta name=\"twitter:card\" content=\"summary_large_image\" \/>\n<meta name=\"twitter:label1\" content=\"Gesch\u00e4tzte Lesezeit\" \/>\n\t<meta name=\"twitter:data1\" content=\"2\u00a0Minuten\" \/>\n<script type=\"application\/ld+json\" class=\"yoast-schema-graph\">{\"@context\":\"https:\/\/schema.org\",\"@graph\":[{\"@type\":\"WebPage\",\"@id\":\"http:\/\/verandagarden.nl\/de\/jalousien-und-rolllaeden\/\",\"url\":\"http:\/\/verandagarden.nl\/de\/jalousien-und-rolllaeden\/\",\"name\":\"Jalousien und Rolll\u00e4den - Veranda &amp; Garden\",\"isPartOf\":{\"@id\":\"https:\/\/verandagarden.nl\/de\/#website\"},\"primaryImageOfPage\":{\"@id\":\"http:\/\/verandagarden.nl\/de\/jalousien-und-rolllaeden\/#primaryimage\"},\"image\":{\"@id\":\"http:\/\/verandagarden.nl\/de\/jalousien-und-rolllaeden\/#primaryimage\"},\"thumbnailUrl\":\"http:\/\/verandagarden.nl\/wp-content\/uploads\/2021\/09\/shutterstock_1662039679-scaled.jpg\",\"datePublished\":\"2021-10-12T10:13:17+00:00\",\"breadcrumb\":{\"@id\":\"http:\/\/verandagarden.nl\/de\/jalousien-und-rolllaeden\/#breadcrumb\"},\"inLanguage\":\"de\",\"potentialAction\":[{\"@type\":\"ReadAction\",\"target\":[\"http:\/\/verandagarden.nl\/de\/jalousien-und-rolllaeden\/\"]}]},{\"@type\":\"ImageObject\",\"inLanguage\":\"de\",\"@id\":\"http:\/\/verandagarden.nl\/de\/jalousien-und-rolllaeden\/#primaryimage\",\"url\":\"http:\/\/verandagarden.nl\/wp-content\/uploads\/2021\/09\/shutterstock_1662039679-scaled.jpg\",\"contentUrl\":\"http:\/\/verandagarden.nl\/wp-content\/uploads\/2021\/09\/shutterstock_1662039679-scaled.jpg\",\"width\":2560,\"height\":1920},{\"@type\":\"BreadcrumbList\",\"@id\":\"http:\/\/verandagarden.nl\/de\/jalousien-und-rolllaeden\/#breadcrumb\",\"itemListElement\":[{\"@type\":\"ListItem\",\"position\":1,\"name\":\"Home\",\"item\":\"https:\/\/verandagarden.nl\/de\/\"},{\"@type\":\"ListItem\",\"position\":2,\"name\":\"Jalousien und Rolll\u00e4den\"}]},{\"@type\":\"WebSite\",\"@id\":\"https:\/\/verandagarden.nl\/de\/#website\",\"url\":\"https:\/\/verandagarden.nl\/de\/\",\"name\":\"Veranda & Garden\",\"description\":\"\",\"publisher\":{\"@id\":\"https:\/\/verandagarden.nl\/de\/#organization\"},\"potentialAction\":[{\"@type\":\"SearchAction\",\"target\":{\"@type\":\"EntryPoint\",\"urlTemplate\":\"https:\/\/verandagarden.nl\/de\/?s={search_term_string}\"},\"query-input\":{\"@type\":\"PropertyValueSpecification\",\"valueRequired\":true,\"valueName\":\"search_term_string\"}}],\"inLanguage\":\"de\"},{\"@type\":\"Organization\",\"@id\":\"https:\/\/verandagarden.nl\/de\/#organization\",\"name\":\"Veranda & Garden\",\"url\":\"https:\/\/verandagarden.nl\/de\/\",\"logo\":{\"@type\":\"ImageObject\",\"inLanguage\":\"de\",\"@id\":\"https:\/\/verandagarden.nl\/de\/#\/schema\/logo\/image\/\",\"url\":\"https:\/\/verandagarden.nl\/wp-content\/uploads\/2021\/09\/logo-transparant.png\",\"contentUrl\":\"https:\/\/verandagarden.nl\/wp-content\/uploads\/2021\/09\/logo-transparant.png\",\"width\":1091,\"height\":134,\"caption\":\"Veranda & Garden\"},\"image\":{\"@id\":\"https:\/\/verandagarden.nl\/de\/#\/schema\/logo\/image\/\"},\"sameAs\":[\"https:\/\/www.facebook.com\/vgverandagarden\",\"https:\/\/www.instagram.com\/vgverandagarden\/?hl=nl\"]}]}<\/script>\n<!-- \/ Yoast SEO plugin. -->","yoast_head_json":{"title":"Jalousien und Rolll\u00e4den - Veranda &amp; Garden","robots":{"index":"index","follow":"follow","max-snippet":"max-snippet:-1","max-image-preview":"max-image-preview:large","max-video-preview":"max-video-preview:-1"},"canonical":"http:\/\/verandagarden.nl\/de\/jalousien-und-rolllaeden\/","og_locale":"de_DE","og_type":"article","og_title":"Jalousien und Rolll\u00e4den - Veranda &amp; Garden","og_description":"Immer das Licht, das Sie wollen! Sie m\u00f6chten Ihren Anbau, Ihre Terrassen\u00fcberdachung oder Ihren Carport noch angenehmer nutzen? Genie\u00dfen Sie Ihren Neukauf in vollen Z\u00fcgen? Versorgen Sie sie mit dem richtigen Sonnenschutz, Screens, Markisen oder Rolll\u00e4den. Veranda Garden liefert das Gesamtbild. Neben der Montage der Terrassen\u00fcberdachung Ihrer Wahl montieren wir alle von Ihnen gew\u00fcnschten Sonnenschutzsysteme, [&hellip;]","og_url":"http:\/\/verandagarden.nl\/de\/jalousien-und-rolllaeden\/","og_site_name":"Veranda &amp; Garden","article_publisher":"https:\/\/www.facebook.com\/vgverandagarden","og_image":[{"width":2560,"height":1707,"url":"https:\/\/verandagarden.nl\/wp-content\/uploads\/2021\/09\/shutterstock_475440925-scaled.jpg","type":"image\/jpeg"}],"twitter_card":"summary_large_image","twitter_misc":{"Gesch\u00e4tzte Lesezeit":"2\u00a0Minuten"},"schema":{"@context":"https:\/\/schema.org","@graph":[{"@type":"WebPage","@id":"http:\/\/verandagarden.nl\/de\/jalousien-und-rolllaeden\/","url":"http:\/\/verandagarden.nl\/de\/jalousien-und-rolllaeden\/","name":"Jalousien und Rolll\u00e4den - Veranda &amp; Garden","isPartOf":{"@id":"https:\/\/verandagarden.nl\/de\/#website"},"primaryImageOfPage":{"@id":"http:\/\/verandagarden.nl\/de\/jalousien-und-rolllaeden\/#primaryimage"},"image":{"@id":"http:\/\/verandagarden.nl\/de\/jalousien-und-rolllaeden\/#primaryimage"},"thumbnailUrl":"http:\/\/verandagarden.nl\/wp-content\/uploads\/2021\/09\/shutterstock_1662039679-scaled.jpg","datePublished":"2021-10-12T10:13:17+00:00","breadcrumb":{"@id":"http:\/\/verandagarden.nl\/de\/jalousien-und-rolllaeden\/#breadcrumb"},"inLanguage":"de","potentialAction":[{"@type":"ReadAction","target":["http:\/\/verandagarden.nl\/de\/jalousien-und-rolllaeden\/"]}]},{"@type":"ImageObject","inLanguage":"de","@id":"http:\/\/verandagarden.nl\/de\/jalousien-und-rolllaeden\/#primaryimage","url":"http:\/\/verandagarden.nl\/wp-content\/uploads\/2021\/09\/shutterstock_1662039679-scaled.jpg","contentUrl":"http:\/\/verandagarden.nl\/wp-content\/uploads\/2021\/09\/shutterstock_1662039679-scaled.jpg","width":2560,"height":1920},{"@type":"BreadcrumbList","@id":"http:\/\/verandagarden.nl\/de\/jalousien-und-rolllaeden\/#breadcrumb","itemListElement":[{"@type":"ListItem","position":1,"name":"Home","item":"https:\/\/verandagarden.nl\/de\/"},{"@type":"ListItem","position":2,"name":"Jalousien und Rolll\u00e4den"}]},{"@type":"WebSite","@id":"https:\/\/verandagarden.nl\/de\/#website","url":"https:\/\/verandagarden.nl\/de\/","name":"Veranda & Garden","description":"","publisher":{"@id":"https:\/\/verandagarden.nl\/de\/#organization"},"potentialAction":[{"@type":"SearchAction","target":{"@type":"EntryPoint","urlTemplate":"https:\/\/verandagarden.nl\/de\/?s={search_term_string}"},"query-input":{"@type":"PropertyValueSpecification","valueRequired":true,"valueName":"search_term_string"}}],"inLanguage":"de"},{"@type":"Organization","@id":"https:\/\/verandagarden.nl\/de\/#organization","name":"Veranda & Garden","url":"https:\/\/verandagarden.nl\/de\/","logo":{"@type":"ImageObject","inLanguage":"de","@id":"https:\/\/verandagarden.nl\/de\/#\/schema\/logo\/image\/","url":"https:\/\/verandagarden.nl\/wp-content\/uploads\/2021\/09\/logo-transparant.png","contentUrl":"https:\/\/verandagarden.nl\/wp-content\/uploads\/2021\/09\/logo-transparant.png","width":1091,"height":134,"caption":"Veranda & Garden"},"image":{"@id":"https:\/\/verandagarden.nl\/de\/#\/schema\/logo\/image\/"},"sameAs":["https:\/\/www.facebook.com\/vgverandagarden","https:\/\/www.instagram.com\/vgverandagarden\/?hl=nl"]}]}},"_links":{"self":[{"href":"http:\/\/verandagarden.nl\/de\/wp-json\/wp\/v2\/pages\/2425","targetHints":{"allow":["GET"]}}],"collection":[{"href":"http:\/\/verandagarden.nl\/de\/wp-json\/wp\/v2\/pages"}],"about":[{"href":"http:\/\/verandagarden.nl\/de\/wp-json\/wp\/v2\/types\/page"}],"author":[{"embeddable":true,"href":"http:\/\/verandagarden.nl\/de\/wp-json\/wp\/v2\/users\/4"}],"replies":[{"embeddable":true,"href":"http:\/\/verandagarden.nl\/de\/wp-json\/wp\/v2\/comments?post=2425"}],"version-history":[{"count":0,"href":"http:\/\/verandagarden.nl\/de\/wp-json\/wp\/v2\/pages\/2425\/revisions"}],"wp:featuredmedia":[{"embeddable":true,"href":"http:\/\/verandagarden.nl\/de\/wp-json\/wp\/v2\/media\/2358"}],"wp:attachment":[{"href":"http:\/\/verandagarden.nl\/de\/wp-json\/wp\/v2\/media?parent=2425"}],"curies":[{"name":"wp","href":"https:\/\/api.w.org\/{rel}","templated":true}]}}