{"id":2430,"date":"2021-10-12T11:16:05","date_gmt":"2021-10-12T11:16:05","guid":{"rendered":"https:\/\/veranda.templ8.nl\/abri-voiture\/"},"modified":"2021-10-12T11:16:15","modified_gmt":"2021-10-12T11:16:15","slug":"abri-voiture","status":"publish","type":"page","link":"http:\/\/verandagarden.nl\/fr\/abri-voiture\/","title":{"rendered":"abri voiture"},"content":{"rendered":"\t\t<div data-elementor-type=\"wp-page\" data-elementor-id=\"2430\" class=\"elementor elementor-2430 elementor-2080\" data-elementor-post-type=\"page\">\n\t\t\t\t\t\t<section class=\"elementor-section elementor-top-section elementor-element elementor-element-7b55c999 elementor-section-boxed elementor-section-height-default elementor-section-height-default\" data-id=\"7b55c999\" data-element_type=\"section\" data-e-type=\"section\">\n\t\t\t\t\t\t<div class=\"elementor-container elementor-column-gap-default\">\n\t\t\t\t\t<div class=\"elementor-column elementor-col-100 elementor-top-column elementor-element elementor-element-40c85004\" data-id=\"40c85004\" data-element_type=\"column\" data-e-type=\"column\">\n\t\t\t<div class=\"elementor-widget-wrap elementor-element-populated\">\n\t\t\t\t\t\t<div class=\"elementor-element elementor-element-7447494b elementor-widget elementor-widget-text-editor\" data-id=\"7447494b\" data-element_type=\"widget\" data-e-type=\"widget\" data-widget_type=\"text-editor.default\">\n\t\t\t\t<div class=\"elementor-widget-container\">\n\t\t\t\t\t\t\t\t\t<h3>Confortable et bien rang\u00e9 !<\/h3>\n<p>Ne rentrez plus jamais sous la pluie avec un abri d&#8217;auto Veranda Garden ! Garez votre voiture confortablement. Sec, rang\u00e9 et couvert sous le nouveau carport. Veranda Garden le placera dans votre jardin ou \u00e0 c\u00f4t\u00e9 de votre maison en une journ\u00e9e.<\/p>\n<p>Aussi pour vos v\u00e9los, bateau ou caravane<\/p>\n<p>Bel espace suppl\u00e9mentaire, \u00e9galement tr\u00e8s appropri\u00e9 pour placer vos v\u00e9los, bateau avec plateau, moteur ou caravane. Avec un abri d&#8217;auto Veranda Garden, vous pouvez ranger vos affaires proprement et \u00e0 l&#8217;abri de la pluie, du vent, des feuilles qui tombent, de la neige ou de la gr\u00eale. Un abri Veranda Garden c&#8217;est :<\/p>\n\t\t\t\t\t\t\t\t<\/div>\n\t\t\t\t<\/div>\n\t\t\t\t\t<\/div>\n\t\t<\/div>\n\t\t\t\t\t<\/div>\n\t\t<\/section>\n\t\t\t\t<section class=\"elementor-section elementor-top-section elementor-element elementor-element-88489b7 elementor-section-boxed elementor-section-height-default elementor-section-height-default\" data-id=\"88489b7\" data-element_type=\"section\" data-e-type=\"section\">\n\t\t\t\t\t\t<div class=\"elementor-container elementor-column-gap-default\">\n\t\t\t\t\t<div class=\"elementor-column elementor-col-100 elementor-top-column elementor-element elementor-element-1079891\" data-id=\"1079891\" data-element_type=\"column\" data-e-type=\"column\">\n\t\t\t<div class=\"elementor-widget-wrap elementor-element-populated\">\n\t\t\t\t\t\t<div class=\"elementor-element elementor-element-d2d604c elementor-icon-list--layout-traditional elementor-list-item-link-full_width elementor-invisible elementor-widget elementor-widget-icon-list\" data-id=\"d2d604c\" data-element_type=\"widget\" data-e-type=\"widget\" data-settings=\"{&quot;_animation&quot;:&quot;fadeInRight&quot;}\" data-widget_type=\"icon-list.default\">\n\t\t\t\t<div class=\"elementor-widget-container\">\n\t\t\t\t\t\t\t<ul class=\"elementor-icon-list-items\">\n\t\t\t\t\t\t\t<li class=\"elementor-icon-list-item\">\n\t\t\t\t\t\t\t\t\t\t\t<span class=\"elementor-icon-list-icon\">\n\t\t\t\t\t\t\t<i aria-hidden=\"true\" class=\"fas fa-chevron-right\"><\/i>\t\t\t\t\t\t<\/span>\n\t\t\t\t\t\t\t\t\t\t<span class=\"elementor-icon-list-text\">disponible en polycarbonate clair, opale et clair.<\/span>\n\t\t\t\t\t\t\t\t\t<\/li>\n\t\t\t\t\t\t\t\t<li class=\"elementor-icon-list-item\">\n\t\t\t\t\t\t\t\t\t\t\t<span class=\"elementor-icon-list-icon\">\n\t\t\t\t\t\t\t<i aria-hidden=\"true\" class=\"fas fa-chevron-right\"><\/i>\t\t\t\t\t\t<\/span>\n\t\t\t\t\t\t\t\t\t\t<span class=\"elementor-icon-list-text\">disponible en blanc, anthracite et blanc cr\u00e8me.<\/span>\n\t\t\t\t\t\t\t\t\t<\/li>\n\t\t\t\t\t\t\t\t<li class=\"elementor-icon-list-item\">\n\t\t\t\t\t\t\t\t\t\t\t<span class=\"elementor-icon-list-icon\">\n\t\t\t\t\t\t\t<i aria-hidden=\"true\" class=\"fas fa-chevron-right\"><\/i>\t\t\t\t\t\t<\/span>\n\t\t\t\t\t\t\t\t\t\t<span class=\"elementor-icon-list-text\">disponible en largeur standard dans les tailles 3060, 4060, 5060, etc. jusqu'\u00e0 12060 mm. Profondeurs : 2500, 3000, 3500, 4000 mm.<\/span>\n\t\t\t\t\t\t\t\t\t<\/li>\n\t\t\t\t\t\t\t\t<li class=\"elementor-icon-list-item\">\n\t\t\t\t\t\t\t\t\t\t\t<span class=\"elementor-icon-list-icon\">\n\t\t\t\t\t\t\t<i aria-hidden=\"true\" class=\"fas fa-chevron-right\"><\/i>\t\t\t\t\t\t<\/span>\n\t\t\t\t\t\t\t\t\t\t<span class=\"elementor-icon-list-text\">Disponible en mod\u00e8le autoportant ou attach\u00e9 \u00e0 votre maison.<\/span>\n\t\t\t\t\t\t\t\t\t<\/li>\n\t\t\t\t\t\t\t\t<li class=\"elementor-icon-list-item\">\n\t\t\t\t\t\t\t\t\t\t\t<span class=\"elementor-icon-list-icon\">\n\t\t\t\t\t\t\t<i aria-hidden=\"true\" class=\"fas fa-chevron-right\"><\/i>\t\t\t\t\t\t<\/span>\n\t\t\t\t\t\t\t\t\t\t<span class=\"elementor-icon-list-text\">choix d'une goutti\u00e8re ronde classique ou \u00e9pur\u00e9e, disponible jusqu'\u00e0 7 m\u00e8tres sans raccord. Choix de montant semi-circulaire ou carr\u00e9.<\/span>\n\t\t\t\t\t\t\t\t\t<\/li>\n\t\t\t\t\t\t<\/ul>\n\t\t\t\t\t\t<\/div>\n\t\t\t\t<\/div>\n\t\t\t\t\t<\/div>\n\t\t<\/div>\n\t\t\t\t\t<\/div>\n\t\t<\/section>\n\t\t\t\t<section class=\"elementor-section elementor-top-section elementor-element elementor-element-ca5c8cb elementor-section-boxed elementor-section-height-default elementor-section-height-default\" data-id=\"ca5c8cb\" data-element_type=\"section\" data-e-type=\"section\">\n\t\t\t\t\t\t<div class=\"elementor-container elementor-column-gap-default\">\n\t\t\t\t\t<div class=\"elementor-column elementor-col-100 elementor-top-column elementor-element elementor-element-26859d2\" data-id=\"26859d2\" data-element_type=\"column\" data-e-type=\"column\">\n\t\t\t<div class=\"elementor-widget-wrap elementor-element-populated\">\n\t\t\t\t\t\t<div class=\"elementor-element elementor-element-177439f elementor-widget elementor-widget-text-editor\" data-id=\"177439f\" data-element_type=\"widget\" data-e-type=\"widget\" data-widget_type=\"text-editor.default\">\n\t\t\t\t<div class=\"elementor-widget-container\">\n\t\t\t\t\t\t\t\t\t<h3>On dirait un carport pour moi !<\/h3>\n<p>Vous souhaitez en savoir plus sur les possibilit\u00e9s qu&#8217;offre Veranda Garden dans le domaine des carports ? Nous serions heureux de visiter votre emplacement et de discuter des options avec vous. Contactez-nous par t\u00e9l\u00e9phone au 06-36491406 ou faites-nous savoir via<a href=\"https:\/\/verandagarden.nl\/fr\/contacter\/\"> le courrier<\/a> laisser un message.<\/p>\n\t\t\t\t\t\t\t\t<\/div>\n\t\t\t\t<\/div>\n\t\t\t\t\t<\/div>\n\t\t<\/div>\n\t\t\t\t\t<\/div>\n\t\t<\/section>\n\t\t\t\t<\/div>\n\t\t","protected":false},"excerpt":{"rendered":"<p>Confortable et bien rang\u00e9 ! Ne rentrez plus jamais sous la pluie avec un abri d&#8217;auto Veranda Garden ! Garez votre voiture confortablement. Sec, rang\u00e9 et couvert sous le nouveau carport. Veranda Garden le placera dans votre jardin ou \u00e0 c\u00f4t\u00e9 de votre maison en une journ\u00e9e. Aussi pour vos v\u00e9los, bateau ou caravane Bel [&hellip;]<\/p>\n","protected":false},"author":4,"featured_media":2354,"parent":0,"menu_order":0,"comment_status":"closed","ping_status":"closed","template":"","meta":{"footnotes":""},"class_list":["post-2430","page","type-page","status-publish","has-post-thumbnail","hentry"],"yoast_head":"<!-- This site is optimized with the Yoast SEO plugin v27.1.1 - https:\/\/yoast.com\/product\/yoast-seo-wordpress\/ -->\n<title>abri voiture - Veranda &amp; Garden<\/title>\n<meta name=\"robots\" content=\"index, follow, max-snippet:-1, max-image-preview:large, max-video-preview:-1\" \/>\n<link rel=\"canonical\" href=\"http:\/\/verandagarden.nl\/fr\/abri-voiture\/\" \/>\n<meta property=\"og:locale\" content=\"fr_FR\" \/>\n<meta property=\"og:type\" content=\"article\" \/>\n<meta property=\"og:title\" content=\"abri voiture - Veranda &amp; Garden\" \/>\n<meta property=\"og:description\" content=\"Confortable et bien rang\u00e9 ! Ne rentrez plus jamais sous la pluie avec un abri d&#8217;auto Veranda Garden ! Garez votre voiture confortablement. Sec, rang\u00e9 et couvert sous le nouveau carport. Veranda Garden le placera dans votre jardin ou \u00e0 c\u00f4t\u00e9 de votre maison en une journ\u00e9e. Aussi pour vos v\u00e9los, bateau ou caravane Bel [&hellip;]\" \/>\n<meta property=\"og:url\" content=\"http:\/\/verandagarden.nl\/fr\/abri-voiture\/\" \/>\n<meta property=\"og:site_name\" content=\"Veranda &amp; Garden\" \/>\n<meta property=\"article:publisher\" content=\"https:\/\/www.facebook.com\/vgverandagarden\" \/>\n<meta property=\"article:modified_time\" content=\"2021-10-12T11:16:15+00:00\" \/>\n<meta property=\"og:image\" content=\"https:\/\/verandagarden.nl\/wp-content\/uploads\/2021\/09\/shutterstock_475440925-scaled.jpg\" \/>\n\t<meta property=\"og:image:width\" content=\"2560\" \/>\n\t<meta property=\"og:image:height\" content=\"1707\" \/>\n\t<meta property=\"og:image:type\" content=\"image\/jpeg\" \/>\n<meta name=\"twitter:card\" content=\"summary_large_image\" \/>\n<meta name=\"twitter:label1\" content=\"Dur\u00e9e de lecture estim\u00e9e\" \/>\n\t<meta name=\"twitter:data1\" content=\"1 minute\" \/>\n<script type=\"application\/ld+json\" class=\"yoast-schema-graph\">{\"@context\":\"https:\/\/schema.org\",\"@graph\":[{\"@type\":\"WebPage\",\"@id\":\"http:\/\/verandagarden.nl\/fr\/abri-voiture\/\",\"url\":\"http:\/\/verandagarden.nl\/fr\/abri-voiture\/\",\"name\":\"abri voiture - Veranda &amp; Garden\",\"isPartOf\":{\"@id\":\"https:\/\/verandagarden.nl\/fr\/#website\"},\"primaryImageOfPage\":{\"@id\":\"http:\/\/verandagarden.nl\/fr\/abri-voiture\/#primaryimage\"},\"image\":{\"@id\":\"http:\/\/verandagarden.nl\/fr\/abri-voiture\/#primaryimage\"},\"thumbnailUrl\":\"http:\/\/verandagarden.nl\/wp-content\/uploads\/2021\/09\/shutterstock_1556454215-scaled.jpg\",\"datePublished\":\"2021-10-12T11:16:05+00:00\",\"dateModified\":\"2021-10-12T11:16:15+00:00\",\"breadcrumb\":{\"@id\":\"http:\/\/verandagarden.nl\/fr\/abri-voiture\/#breadcrumb\"},\"inLanguage\":\"fr-FR\",\"potentialAction\":[{\"@type\":\"ReadAction\",\"target\":[\"http:\/\/verandagarden.nl\/fr\/abri-voiture\/\"]}]},{\"@type\":\"ImageObject\",\"inLanguage\":\"fr-FR\",\"@id\":\"http:\/\/verandagarden.nl\/fr\/abri-voiture\/#primaryimage\",\"url\":\"http:\/\/verandagarden.nl\/wp-content\/uploads\/2021\/09\/shutterstock_1556454215-scaled.jpg\",\"contentUrl\":\"http:\/\/verandagarden.nl\/wp-content\/uploads\/2021\/09\/shutterstock_1556454215-scaled.jpg\",\"width\":2560,\"height\":1707,\"caption\":\"carport veranda overkappingen\"},{\"@type\":\"BreadcrumbList\",\"@id\":\"http:\/\/verandagarden.nl\/fr\/abri-voiture\/#breadcrumb\",\"itemListElement\":[{\"@type\":\"ListItem\",\"position\":1,\"name\":\"Home\",\"item\":\"https:\/\/verandagarden.nl\/fr\/\"},{\"@type\":\"ListItem\",\"position\":2,\"name\":\"abri voiture\"}]},{\"@type\":\"WebSite\",\"@id\":\"https:\/\/verandagarden.nl\/fr\/#website\",\"url\":\"https:\/\/verandagarden.nl\/fr\/\",\"name\":\"Veranda & Garden\",\"description\":\"\",\"publisher\":{\"@id\":\"https:\/\/verandagarden.nl\/fr\/#organization\"},\"potentialAction\":[{\"@type\":\"SearchAction\",\"target\":{\"@type\":\"EntryPoint\",\"urlTemplate\":\"https:\/\/verandagarden.nl\/fr\/?s={search_term_string}\"},\"query-input\":{\"@type\":\"PropertyValueSpecification\",\"valueRequired\":true,\"valueName\":\"search_term_string\"}}],\"inLanguage\":\"fr-FR\"},{\"@type\":\"Organization\",\"@id\":\"https:\/\/verandagarden.nl\/fr\/#organization\",\"name\":\"Veranda & Garden\",\"url\":\"https:\/\/verandagarden.nl\/fr\/\",\"logo\":{\"@type\":\"ImageObject\",\"inLanguage\":\"fr-FR\",\"@id\":\"https:\/\/verandagarden.nl\/fr\/#\/schema\/logo\/image\/\",\"url\":\"https:\/\/verandagarden.nl\/wp-content\/uploads\/2021\/09\/logo-transparant.png\",\"contentUrl\":\"https:\/\/verandagarden.nl\/wp-content\/uploads\/2021\/09\/logo-transparant.png\",\"width\":1091,\"height\":134,\"caption\":\"Veranda & Garden\"},\"image\":{\"@id\":\"https:\/\/verandagarden.nl\/fr\/#\/schema\/logo\/image\/\"},\"sameAs\":[\"https:\/\/www.facebook.com\/vgverandagarden\",\"https:\/\/www.instagram.com\/vgverandagarden\/?hl=nl\"]}]}<\/script>\n<!-- \/ Yoast SEO plugin. -->","yoast_head_json":{"title":"abri voiture - Veranda &amp; Garden","robots":{"index":"index","follow":"follow","max-snippet":"max-snippet:-1","max-image-preview":"max-image-preview:large","max-video-preview":"max-video-preview:-1"},"canonical":"http:\/\/verandagarden.nl\/fr\/abri-voiture\/","og_locale":"fr_FR","og_type":"article","og_title":"abri voiture - Veranda &amp; Garden","og_description":"Confortable et bien rang\u00e9 ! Ne rentrez plus jamais sous la pluie avec un abri d&#8217;auto Veranda Garden ! Garez votre voiture confortablement. Sec, rang\u00e9 et couvert sous le nouveau carport. Veranda Garden le placera dans votre jardin ou \u00e0 c\u00f4t\u00e9 de votre maison en une journ\u00e9e. Aussi pour vos v\u00e9los, bateau ou caravane Bel [&hellip;]","og_url":"http:\/\/verandagarden.nl\/fr\/abri-voiture\/","og_site_name":"Veranda &amp; Garden","article_publisher":"https:\/\/www.facebook.com\/vgverandagarden","article_modified_time":"2021-10-12T11:16:15+00:00","og_image":[{"width":2560,"height":1707,"url":"https:\/\/verandagarden.nl\/wp-content\/uploads\/2021\/09\/shutterstock_475440925-scaled.jpg","type":"image\/jpeg"}],"twitter_card":"summary_large_image","twitter_misc":{"Dur\u00e9e de lecture estim\u00e9e":"1 minute"},"schema":{"@context":"https:\/\/schema.org","@graph":[{"@type":"WebPage","@id":"http:\/\/verandagarden.nl\/fr\/abri-voiture\/","url":"http:\/\/verandagarden.nl\/fr\/abri-voiture\/","name":"abri voiture - Veranda &amp; Garden","isPartOf":{"@id":"https:\/\/verandagarden.nl\/fr\/#website"},"primaryImageOfPage":{"@id":"http:\/\/verandagarden.nl\/fr\/abri-voiture\/#primaryimage"},"image":{"@id":"http:\/\/verandagarden.nl\/fr\/abri-voiture\/#primaryimage"},"thumbnailUrl":"http:\/\/verandagarden.nl\/wp-content\/uploads\/2021\/09\/shutterstock_1556454215-scaled.jpg","datePublished":"2021-10-12T11:16:05+00:00","dateModified":"2021-10-12T11:16:15+00:00","breadcrumb":{"@id":"http:\/\/verandagarden.nl\/fr\/abri-voiture\/#breadcrumb"},"inLanguage":"fr-FR","potentialAction":[{"@type":"ReadAction","target":["http:\/\/verandagarden.nl\/fr\/abri-voiture\/"]}]},{"@type":"ImageObject","inLanguage":"fr-FR","@id":"http:\/\/verandagarden.nl\/fr\/abri-voiture\/#primaryimage","url":"http:\/\/verandagarden.nl\/wp-content\/uploads\/2021\/09\/shutterstock_1556454215-scaled.jpg","contentUrl":"http:\/\/verandagarden.nl\/wp-content\/uploads\/2021\/09\/shutterstock_1556454215-scaled.jpg","width":2560,"height":1707,"caption":"carport veranda overkappingen"},{"@type":"BreadcrumbList","@id":"http:\/\/verandagarden.nl\/fr\/abri-voiture\/#breadcrumb","itemListElement":[{"@type":"ListItem","position":1,"name":"Home","item":"https:\/\/verandagarden.nl\/fr\/"},{"@type":"ListItem","position":2,"name":"abri voiture"}]},{"@type":"WebSite","@id":"https:\/\/verandagarden.nl\/fr\/#website","url":"https:\/\/verandagarden.nl\/fr\/","name":"Veranda & Garden","description":"","publisher":{"@id":"https:\/\/verandagarden.nl\/fr\/#organization"},"potentialAction":[{"@type":"SearchAction","target":{"@type":"EntryPoint","urlTemplate":"https:\/\/verandagarden.nl\/fr\/?s={search_term_string}"},"query-input":{"@type":"PropertyValueSpecification","valueRequired":true,"valueName":"search_term_string"}}],"inLanguage":"fr-FR"},{"@type":"Organization","@id":"https:\/\/verandagarden.nl\/fr\/#organization","name":"Veranda & Garden","url":"https:\/\/verandagarden.nl\/fr\/","logo":{"@type":"ImageObject","inLanguage":"fr-FR","@id":"https:\/\/verandagarden.nl\/fr\/#\/schema\/logo\/image\/","url":"https:\/\/verandagarden.nl\/wp-content\/uploads\/2021\/09\/logo-transparant.png","contentUrl":"https:\/\/verandagarden.nl\/wp-content\/uploads\/2021\/09\/logo-transparant.png","width":1091,"height":134,"caption":"Veranda & Garden"},"image":{"@id":"https:\/\/verandagarden.nl\/fr\/#\/schema\/logo\/image\/"},"sameAs":["https:\/\/www.facebook.com\/vgverandagarden","https:\/\/www.instagram.com\/vgverandagarden\/?hl=nl"]}]}},"_links":{"self":[{"href":"http:\/\/verandagarden.nl\/fr\/wp-json\/wp\/v2\/pages\/2430","targetHints":{"allow":["GET"]}}],"collection":[{"href":"http:\/\/verandagarden.nl\/fr\/wp-json\/wp\/v2\/pages"}],"about":[{"href":"http:\/\/verandagarden.nl\/fr\/wp-json\/wp\/v2\/types\/page"}],"author":[{"embeddable":true,"href":"http:\/\/verandagarden.nl\/fr\/wp-json\/wp\/v2\/users\/4"}],"replies":[{"embeddable":true,"href":"http:\/\/verandagarden.nl\/fr\/wp-json\/wp\/v2\/comments?post=2430"}],"version-history":[{"count":0,"href":"http:\/\/verandagarden.nl\/fr\/wp-json\/wp\/v2\/pages\/2430\/revisions"}],"wp:featuredmedia":[{"embeddable":true,"href":"http:\/\/verandagarden.nl\/fr\/wp-json\/wp\/v2\/media\/2354"}],"wp:attachment":[{"href":"http:\/\/verandagarden.nl\/fr\/wp-json\/wp\/v2\/media?parent=2430"}],"curies":[{"name":"wp","href":"https:\/\/api.w.org\/{rel}","templated":true}]}}