{"id":2454,"date":"2021-10-12T11:20:54","date_gmt":"2021-10-12T11:20:54","guid":{"rendered":"https:\/\/veranda.templ8.nl\/a-propos-de-nous\/"},"modified":"2021-10-12T11:21:38","modified_gmt":"2021-10-12T11:21:38","slug":"a-propos-de-nous","status":"publish","type":"page","link":"http:\/\/verandagarden.nl\/fr\/a-propos-de-nous\/","title":{"rendered":"\u00c0 propos de nous"},"content":{"rendered":"\t\t<div data-elementor-type=\"wp-page\" data-elementor-id=\"2454\" class=\"elementor elementor-2454 elementor-2126\" data-elementor-post-type=\"page\">\n\t\t\t\t\t\t<section class=\"elementor-section elementor-top-section elementor-element elementor-element-5dcddfb7 elementor-section-boxed elementor-section-height-default elementor-section-height-default\" data-id=\"5dcddfb7\" data-element_type=\"section\" data-e-type=\"section\">\n\t\t\t\t\t\t<div class=\"elementor-container elementor-column-gap-default\">\n\t\t\t\t\t<div class=\"elementor-column elementor-col-100 elementor-top-column elementor-element elementor-element-5ab64f16\" data-id=\"5ab64f16\" data-element_type=\"column\" data-e-type=\"column\">\n\t\t\t<div class=\"elementor-widget-wrap elementor-element-populated\">\n\t\t\t\t\t\t<div class=\"elementor-element elementor-element-5281c50c elementor-widget elementor-widget-text-editor\" data-id=\"5281c50c\" data-element_type=\"widget\" data-e-type=\"widget\" data-widget_type=\"text-editor.default\">\n\t\t\t\t<div class=\"elementor-widget-container\">\n\t\t\t\t\t\t\t\t\t<h3>Construction compl\u00e8te de votre toiture, abri voiture et jardin !<\/h3>\n<p>Vous cherchez une \u00e9quipe de gens qui savent de quoi il s&#8217;agit lorsqu&#8217;il s&#8217;agit de la construction de votre v\u00e9randa, toiture ou abri d&#8217;auto? Veranda Garden est le sp\u00e9cialiste polyvalent. Nous assemblons votre<\/p>\n<p>nouvelle v\u00e9randa, couverture de patio, parois de verre coulissantes ou abri d&#8217;auto en une journ\u00e9e. Si vous le souhaitez, nous pouvons \u00e9galement nous occuper de l&#8217;ensemble de votre jardin. Nos professionnels connaissent leur m\u00e9tier et aiment vous mettre en avant en tant que client. Livrer un beau projet, auquel nous nous engageons avec c\u0153ur et \u00e2me. C&#8217;est ce que nous aimons faire !<\/p>\n<h3>Comment \u00e7a marche?<\/h3>\n<p>\u00cates-vous int\u00e9ress\u00e9 par le travail que Veranda Garden peut fournir? Faites-nous part de votre int\u00e9r\u00eat par t\u00e9l\u00e9phone ou via Internet. Veranda Garden se fera un plaisir de venir chez vous sans engagement, afin que nous puissions discuter de vos souhaits. Vous n&#8217;arrivez pas \u00e0 le comprendre ? Nous r\u00e9fl\u00e9chissons avec vous et discutons avec vous des nombreuses possibilit\u00e9s cr\u00e9atives. Sur la base d&#8217;un premier devis, nous \u00e9laborons un plan, engageons nos professionnels et vous remettons un plan. Jardin du porche :<\/p>\n\t\t\t\t\t\t\t\t<\/div>\n\t\t\t\t<\/div>\n\t\t\t\t\t<\/div>\n\t\t<\/div>\n\t\t\t\t\t<\/div>\n\t\t<\/section>\n\t\t\t\t<section class=\"elementor-section elementor-top-section elementor-element elementor-element-eb27965 elementor-section-boxed elementor-section-height-default elementor-section-height-default\" data-id=\"eb27965\" data-element_type=\"section\" data-e-type=\"section\">\n\t\t\t\t\t\t<div class=\"elementor-container elementor-column-gap-default\">\n\t\t\t\t\t<div class=\"elementor-column elementor-col-100 elementor-top-column elementor-element elementor-element-a61eeb2\" data-id=\"a61eeb2\" data-element_type=\"column\" data-e-type=\"column\">\n\t\t\t<div class=\"elementor-widget-wrap elementor-element-populated\">\n\t\t\t\t\t\t<div class=\"elementor-element elementor-element-cc5ad59 elementor-icon-list--layout-traditional elementor-list-item-link-full_width elementor-widget elementor-widget-icon-list\" data-id=\"cc5ad59\" data-element_type=\"widget\" data-e-type=\"widget\" data-widget_type=\"icon-list.default\">\n\t\t\t\t<div class=\"elementor-widget-container\">\n\t\t\t\t\t\t\t<ul class=\"elementor-icon-list-items\">\n\t\t\t\t\t\t\t<li class=\"elementor-icon-list-item\">\n\t\t\t\t\t\t\t\t\t\t\t<span class=\"elementor-icon-list-icon\">\n\t\t\t\t\t\t\t<i aria-hidden=\"true\" class=\"fas fa-chevron-right\"><\/i>\t\t\t\t\t\t<\/span>\n\t\t\t\t\t\t\t\t\t\t<span class=\"elementor-icon-list-text\">discute longuement avec vous de l'ensemble du projet, prend des photos et mesure le projet en question<\/span>\n\t\t\t\t\t\t\t\t\t<\/li>\n\t\t\t\t\t\t\t\t<li class=\"elementor-icon-list-item\">\n\t\t\t\t\t\t\t\t\t\t\t<span class=\"elementor-icon-list-icon\">\n\t\t\t\t\t\t\t<i aria-hidden=\"true\" class=\"fas fa-chevron-right\"><\/i>\t\t\t\t\t\t<\/span>\n\t\t\t\t\t\t\t\t\t\t<span class=\"elementor-icon-list-text\">signifie service de mesure gratuit. Nous vous rendrons visite sur place ou nous rencontrerons dans le showroom<\/span>\n\t\t\t\t\t\t\t\t\t<\/li>\n\t\t\t\t\t\t\t\t<li class=\"elementor-icon-list-item\">\n\t\t\t\t\t\t\t\t\t\t\t<span class=\"elementor-icon-list-icon\">\n\t\t\t\t\t\t\t<i aria-hidden=\"true\" class=\"fas fa-chevron-right\"><\/i>\t\t\t\t\t\t<\/span>\n\t\t\t\t\t\t\t\t\t\t<span class=\"elementor-icon-list-text\">discute des nombreuses possibilit\u00e9s dans le domaine du mat\u00e9riel<\/span>\n\t\t\t\t\t\t\t\t\t<\/li>\n\t\t\t\t\t\t\t\t<li class=\"elementor-icon-list-item\">\n\t\t\t\t\t\t\t\t\t\t\t<span class=\"elementor-icon-list-icon\">\n\t\t\t\t\t\t\t<i aria-hidden=\"true\" class=\"fas fa-chevron-right\"><\/i>\t\t\t\t\t\t<\/span>\n\t\t\t\t\t\t\t\t\t\t<span class=\"elementor-icon-list-text\">fournit un devis d\u00e9taill\u00e9 dans lequel les options sont r\u00e9pertori\u00e9es<\/span>\n\t\t\t\t\t\t\t\t\t<\/li>\n\t\t\t\t\t\t\t\t<li class=\"elementor-icon-list-item\">\n\t\t\t\t\t\t\t\t\t\t\t<span class=\"elementor-icon-list-icon\">\n\t\t\t\t\t\t\t<i aria-hidden=\"true\" class=\"fas fa-chevron-right\"><\/i>\t\t\t\t\t\t<\/span>\n\t\t\t\t\t\t\t\t\t\t<span class=\"elementor-icon-list-text\">rend le projet et toutes les options suppl\u00e9mentaires transparents en termes de co\u00fbts<\/span>\n\t\t\t\t\t\t\t\t\t<\/li>\n\t\t\t\t\t\t\t\t<li class=\"elementor-icon-list-item\">\n\t\t\t\t\t\t\t\t\t\t\t<span class=\"elementor-icon-list-icon\">\n\t\t\t\t\t\t\t<i aria-hidden=\"true\" class=\"fas fa-chevron-right\"><\/i>\t\t\t\t\t\t<\/span>\n\t\t\t\t\t\t\t\t\t\t<span class=\"elementor-icon-list-text\">donne un calendrier de d\u00e9marrage du projet<\/span>\n\t\t\t\t\t\t\t\t\t<\/li>\n\t\t\t\t\t\t<\/ul>\n\t\t\t\t\t\t<\/div>\n\t\t\t\t<\/div>\n\t\t\t\t<div class=\"elementor-element elementor-element-a335add elementor-widget elementor-widget-text-editor\" data-id=\"a335add\" data-element_type=\"widget\" data-e-type=\"widget\" data-widget_type=\"text-editor.default\">\n\t\t\t\t<div class=\"elementor-widget-container\">\n\t\t\t\t\t\t\t\t\t<h3>Clients satisfaits. C&#8217;est de \u00e7a qu&#8217;il s&#8217;agit !<\/h3>\n<p>L&#8217;\u00e9quipe de Veranda Garden est exp\u00e9riment\u00e9e et ax\u00e9e sur les r\u00e9sultats. Nous aimons r\u00e9fl\u00e9chir avec nos clients. De cette fa\u00e7on, nous laissons \u00e0 nos clients un sentiment de satisfaction \u00e0 chaque fois. Dans le cas improbable o\u00f9 quelque chose ne va pas, nous le r\u00e9soudrons imm\u00e9diatement. Nous ne sommes satisfaits que lorsque vous l&#8217;\u00eates.<\/p>\n<p>Notre objectif est de laisser quelque chose de beau \u00e0 nos clients \u00e0 chaque fois ! C&#8217;est ainsi que nous travaillons chez Veranda Garden!<\/p>\n\t\t\t\t\t\t\t\t<\/div>\n\t\t\t\t<\/div>\n\t\t\t\t\t<\/div>\n\t\t<\/div>\n\t\t\t\t\t<\/div>\n\t\t<\/section>\n\t\t\t\t<\/div>\n\t\t","protected":false},"excerpt":{"rendered":"<p>Construction compl\u00e8te de votre toiture, abri voiture et jardin ! Vous cherchez une \u00e9quipe de gens qui savent de quoi il s&#8217;agit lorsqu&#8217;il s&#8217;agit de la construction de votre v\u00e9randa, toiture ou abri d&#8217;auto? Veranda Garden est le sp\u00e9cialiste polyvalent. Nous assemblons votre nouvelle v\u00e9randa, couverture de patio, parois de verre coulissantes ou abri d&#8217;auto [&hellip;]<\/p>\n","protected":false},"author":4,"featured_media":2360,"parent":0,"menu_order":0,"comment_status":"closed","ping_status":"closed","template":"","meta":{"footnotes":""},"class_list":["post-2454","page","type-page","status-publish","has-post-thumbnail","hentry"],"yoast_head":"<!-- This site is optimized with the Yoast SEO plugin v27.1.1 - https:\/\/yoast.com\/product\/yoast-seo-wordpress\/ -->\n<title>\u00c0 propos de nous - Veranda &amp; Garden<\/title>\n<meta name=\"robots\" content=\"index, follow, max-snippet:-1, max-image-preview:large, max-video-preview:-1\" \/>\n<link rel=\"canonical\" href=\"http:\/\/verandagarden.nl\/fr\/a-propos-de-nous\/\" \/>\n<meta property=\"og:locale\" content=\"fr_FR\" \/>\n<meta property=\"og:type\" content=\"article\" \/>\n<meta property=\"og:title\" content=\"\u00c0 propos de nous - Veranda &amp; Garden\" \/>\n<meta property=\"og:description\" content=\"Construction compl\u00e8te de votre toiture, abri voiture et jardin ! Vous cherchez une \u00e9quipe de gens qui savent de quoi il s&#8217;agit lorsqu&#8217;il s&#8217;agit de la construction de votre v\u00e9randa, toiture ou abri d&#8217;auto? Veranda Garden est le sp\u00e9cialiste polyvalent. Nous assemblons votre nouvelle v\u00e9randa, couverture de patio, parois de verre coulissantes ou abri d&#8217;auto [&hellip;]\" \/>\n<meta property=\"og:url\" content=\"http:\/\/verandagarden.nl\/fr\/a-propos-de-nous\/\" \/>\n<meta property=\"og:site_name\" content=\"Veranda &amp; Garden\" \/>\n<meta property=\"article:publisher\" content=\"https:\/\/www.facebook.com\/vgverandagarden\" \/>\n<meta property=\"article:modified_time\" content=\"2021-10-12T11:21:38+00:00\" \/>\n<meta property=\"og:image\" content=\"https:\/\/verandagarden.nl\/wp-content\/uploads\/2021\/09\/shutterstock_475440925-scaled.jpg\" \/>\n\t<meta property=\"og:image:width\" content=\"2560\" \/>\n\t<meta property=\"og:image:height\" content=\"1707\" \/>\n\t<meta property=\"og:image:type\" content=\"image\/jpeg\" \/>\n<meta name=\"twitter:card\" content=\"summary_large_image\" \/>\n<meta name=\"twitter:label1\" content=\"Dur\u00e9e de lecture estim\u00e9e\" \/>\n\t<meta name=\"twitter:data1\" content=\"2 minutes\" \/>\n<script type=\"application\/ld+json\" class=\"yoast-schema-graph\">{\"@context\":\"https:\/\/schema.org\",\"@graph\":[{\"@type\":\"WebPage\",\"@id\":\"http:\/\/verandagarden.nl\/fr\/a-propos-de-nous\/\",\"url\":\"http:\/\/verandagarden.nl\/fr\/a-propos-de-nous\/\",\"name\":\"\u00c0 propos de nous - Veranda &amp; Garden\",\"isPartOf\":{\"@id\":\"https:\/\/verandagarden.nl\/fr\/#website\"},\"primaryImageOfPage\":{\"@id\":\"http:\/\/verandagarden.nl\/fr\/a-propos-de-nous\/#primaryimage\"},\"image\":{\"@id\":\"http:\/\/verandagarden.nl\/fr\/a-propos-de-nous\/#primaryimage\"},\"thumbnailUrl\":\"http:\/\/verandagarden.nl\/wp-content\/uploads\/2020\/10\/shutterstock_572451373-min-scaled.jpg\",\"datePublished\":\"2021-10-12T11:20:54+00:00\",\"dateModified\":\"2021-10-12T11:21:38+00:00\",\"breadcrumb\":{\"@id\":\"http:\/\/verandagarden.nl\/fr\/a-propos-de-nous\/#breadcrumb\"},\"inLanguage\":\"fr-FR\",\"potentialAction\":[{\"@type\":\"ReadAction\",\"target\":[\"http:\/\/verandagarden.nl\/fr\/a-propos-de-nous\/\"]}]},{\"@type\":\"ImageObject\",\"inLanguage\":\"fr-FR\",\"@id\":\"http:\/\/verandagarden.nl\/fr\/a-propos-de-nous\/#primaryimage\",\"url\":\"http:\/\/verandagarden.nl\/wp-content\/uploads\/2020\/10\/shutterstock_572451373-min-scaled.jpg\",\"contentUrl\":\"http:\/\/verandagarden.nl\/wp-content\/uploads\/2020\/10\/shutterstock_572451373-min-scaled.jpg\",\"width\":2560,\"height\":1440},{\"@type\":\"BreadcrumbList\",\"@id\":\"http:\/\/verandagarden.nl\/fr\/a-propos-de-nous\/#breadcrumb\",\"itemListElement\":[{\"@type\":\"ListItem\",\"position\":1,\"name\":\"Home\",\"item\":\"https:\/\/verandagarden.nl\/fr\/\"},{\"@type\":\"ListItem\",\"position\":2,\"name\":\"\u00c0 propos de nous\"}]},{\"@type\":\"WebSite\",\"@id\":\"https:\/\/verandagarden.nl\/fr\/#website\",\"url\":\"https:\/\/verandagarden.nl\/fr\/\",\"name\":\"Veranda & Garden\",\"description\":\"\",\"publisher\":{\"@id\":\"https:\/\/verandagarden.nl\/fr\/#organization\"},\"potentialAction\":[{\"@type\":\"SearchAction\",\"target\":{\"@type\":\"EntryPoint\",\"urlTemplate\":\"https:\/\/verandagarden.nl\/fr\/?s={search_term_string}\"},\"query-input\":{\"@type\":\"PropertyValueSpecification\",\"valueRequired\":true,\"valueName\":\"search_term_string\"}}],\"inLanguage\":\"fr-FR\"},{\"@type\":\"Organization\",\"@id\":\"https:\/\/verandagarden.nl\/fr\/#organization\",\"name\":\"Veranda & Garden\",\"url\":\"https:\/\/verandagarden.nl\/fr\/\",\"logo\":{\"@type\":\"ImageObject\",\"inLanguage\":\"fr-FR\",\"@id\":\"https:\/\/verandagarden.nl\/fr\/#\/schema\/logo\/image\/\",\"url\":\"https:\/\/verandagarden.nl\/wp-content\/uploads\/2021\/09\/logo-transparant.png\",\"contentUrl\":\"https:\/\/verandagarden.nl\/wp-content\/uploads\/2021\/09\/logo-transparant.png\",\"width\":1091,\"height\":134,\"caption\":\"Veranda & Garden\"},\"image\":{\"@id\":\"https:\/\/verandagarden.nl\/fr\/#\/schema\/logo\/image\/\"},\"sameAs\":[\"https:\/\/www.facebook.com\/vgverandagarden\",\"https:\/\/www.instagram.com\/vgverandagarden\/?hl=nl\"]}]}<\/script>\n<!-- \/ Yoast SEO plugin. -->","yoast_head_json":{"title":"\u00c0 propos de nous - Veranda &amp; Garden","robots":{"index":"index","follow":"follow","max-snippet":"max-snippet:-1","max-image-preview":"max-image-preview:large","max-video-preview":"max-video-preview:-1"},"canonical":"http:\/\/verandagarden.nl\/fr\/a-propos-de-nous\/","og_locale":"fr_FR","og_type":"article","og_title":"\u00c0 propos de nous - Veranda &amp; Garden","og_description":"Construction compl\u00e8te de votre toiture, abri voiture et jardin ! Vous cherchez une \u00e9quipe de gens qui savent de quoi il s&#8217;agit lorsqu&#8217;il s&#8217;agit de la construction de votre v\u00e9randa, toiture ou abri d&#8217;auto? Veranda Garden est le sp\u00e9cialiste polyvalent. Nous assemblons votre nouvelle v\u00e9randa, couverture de patio, parois de verre coulissantes ou abri d&#8217;auto [&hellip;]","og_url":"http:\/\/verandagarden.nl\/fr\/a-propos-de-nous\/","og_site_name":"Veranda &amp; Garden","article_publisher":"https:\/\/www.facebook.com\/vgverandagarden","article_modified_time":"2021-10-12T11:21:38+00:00","og_image":[{"width":2560,"height":1707,"url":"https:\/\/verandagarden.nl\/wp-content\/uploads\/2021\/09\/shutterstock_475440925-scaled.jpg","type":"image\/jpeg"}],"twitter_card":"summary_large_image","twitter_misc":{"Dur\u00e9e de lecture estim\u00e9e":"2 minutes"},"schema":{"@context":"https:\/\/schema.org","@graph":[{"@type":"WebPage","@id":"http:\/\/verandagarden.nl\/fr\/a-propos-de-nous\/","url":"http:\/\/verandagarden.nl\/fr\/a-propos-de-nous\/","name":"\u00c0 propos de nous - Veranda &amp; Garden","isPartOf":{"@id":"https:\/\/verandagarden.nl\/fr\/#website"},"primaryImageOfPage":{"@id":"http:\/\/verandagarden.nl\/fr\/a-propos-de-nous\/#primaryimage"},"image":{"@id":"http:\/\/verandagarden.nl\/fr\/a-propos-de-nous\/#primaryimage"},"thumbnailUrl":"http:\/\/verandagarden.nl\/wp-content\/uploads\/2020\/10\/shutterstock_572451373-min-scaled.jpg","datePublished":"2021-10-12T11:20:54+00:00","dateModified":"2021-10-12T11:21:38+00:00","breadcrumb":{"@id":"http:\/\/verandagarden.nl\/fr\/a-propos-de-nous\/#breadcrumb"},"inLanguage":"fr-FR","potentialAction":[{"@type":"ReadAction","target":["http:\/\/verandagarden.nl\/fr\/a-propos-de-nous\/"]}]},{"@type":"ImageObject","inLanguage":"fr-FR","@id":"http:\/\/verandagarden.nl\/fr\/a-propos-de-nous\/#primaryimage","url":"http:\/\/verandagarden.nl\/wp-content\/uploads\/2020\/10\/shutterstock_572451373-min-scaled.jpg","contentUrl":"http:\/\/verandagarden.nl\/wp-content\/uploads\/2020\/10\/shutterstock_572451373-min-scaled.jpg","width":2560,"height":1440},{"@type":"BreadcrumbList","@id":"http:\/\/verandagarden.nl\/fr\/a-propos-de-nous\/#breadcrumb","itemListElement":[{"@type":"ListItem","position":1,"name":"Home","item":"https:\/\/verandagarden.nl\/fr\/"},{"@type":"ListItem","position":2,"name":"\u00c0 propos de nous"}]},{"@type":"WebSite","@id":"https:\/\/verandagarden.nl\/fr\/#website","url":"https:\/\/verandagarden.nl\/fr\/","name":"Veranda & Garden","description":"","publisher":{"@id":"https:\/\/verandagarden.nl\/fr\/#organization"},"potentialAction":[{"@type":"SearchAction","target":{"@type":"EntryPoint","urlTemplate":"https:\/\/verandagarden.nl\/fr\/?s={search_term_string}"},"query-input":{"@type":"PropertyValueSpecification","valueRequired":true,"valueName":"search_term_string"}}],"inLanguage":"fr-FR"},{"@type":"Organization","@id":"https:\/\/verandagarden.nl\/fr\/#organization","name":"Veranda & Garden","url":"https:\/\/verandagarden.nl\/fr\/","logo":{"@type":"ImageObject","inLanguage":"fr-FR","@id":"https:\/\/verandagarden.nl\/fr\/#\/schema\/logo\/image\/","url":"https:\/\/verandagarden.nl\/wp-content\/uploads\/2021\/09\/logo-transparant.png","contentUrl":"https:\/\/verandagarden.nl\/wp-content\/uploads\/2021\/09\/logo-transparant.png","width":1091,"height":134,"caption":"Veranda & Garden"},"image":{"@id":"https:\/\/verandagarden.nl\/fr\/#\/schema\/logo\/image\/"},"sameAs":["https:\/\/www.facebook.com\/vgverandagarden","https:\/\/www.instagram.com\/vgverandagarden\/?hl=nl"]}]}},"_links":{"self":[{"href":"http:\/\/verandagarden.nl\/fr\/wp-json\/wp\/v2\/pages\/2454","targetHints":{"allow":["GET"]}}],"collection":[{"href":"http:\/\/verandagarden.nl\/fr\/wp-json\/wp\/v2\/pages"}],"about":[{"href":"http:\/\/verandagarden.nl\/fr\/wp-json\/wp\/v2\/types\/page"}],"author":[{"embeddable":true,"href":"http:\/\/verandagarden.nl\/fr\/wp-json\/wp\/v2\/users\/4"}],"replies":[{"embeddable":true,"href":"http:\/\/verandagarden.nl\/fr\/wp-json\/wp\/v2\/comments?post=2454"}],"version-history":[{"count":0,"href":"http:\/\/verandagarden.nl\/fr\/wp-json\/wp\/v2\/pages\/2454\/revisions"}],"wp:featuredmedia":[{"embeddable":true,"href":"http:\/\/verandagarden.nl\/fr\/wp-json\/wp\/v2\/media\/2360"}],"wp:attachment":[{"href":"http:\/\/verandagarden.nl\/fr\/wp-json\/wp\/v2\/media?parent=2454"}],"curies":[{"name":"wp","href":"https:\/\/api.w.org\/{rel}","templated":true}]}}