{"id":2459,"date":"2021-10-12T11:23:27","date_gmt":"2021-10-12T11:23:27","guid":{"rendered":"https:\/\/veranda.templ8.nl\/facades-et-parois-coulissantes-en-verre\/"},"modified":"2021-10-12T11:23:27","modified_gmt":"2021-10-12T11:23:27","slug":"facades-et-parois-coulissantes-en-verre","status":"publish","type":"page","link":"http:\/\/verandagarden.nl\/fr\/facades-et-parois-coulissantes-en-verre\/","title":{"rendered":"Fa\u00e7ades et parois coulissantes en verre"},"content":{"rendered":"\t\t<div data-elementor-type=\"wp-page\" data-elementor-id=\"2459\" class=\"elementor elementor-2459 elementor-2084\" data-elementor-post-type=\"page\">\n\t\t\t\t\t\t<section class=\"elementor-section elementor-top-section elementor-element elementor-element-b68f0ee elementor-section-boxed elementor-section-height-default elementor-section-height-default\" data-id=\"b68f0ee\" data-element_type=\"section\" data-e-type=\"section\">\n\t\t\t\t\t\t<div class=\"elementor-container elementor-column-gap-default\">\n\t\t\t\t\t<div class=\"elementor-column elementor-col-100 elementor-top-column elementor-element elementor-element-61e6975d\" data-id=\"61e6975d\" data-element_type=\"column\" data-e-type=\"column\">\n\t\t\t<div class=\"elementor-widget-wrap elementor-element-populated\">\n\t\t\t\t\t\t<div class=\"elementor-element elementor-element-61668afe elementor-widget elementor-widget-text-editor\" data-id=\"61668afe\" data-element_type=\"widget\" data-e-type=\"widget\" data-widget_type=\"text-editor.default\">\n\t\t\t\t<div class=\"elementor-widget-container\">\n\t\t\t\t\t\t\t\t\t<h3>Profitez encore plus de votre jardin ou de votre balcon !<\/h3>\n<p>Agr\u00e9able \u00e0 l&#8217;abri du vent et du soleil. Avec les fa\u00e7ades en verre et les parois coulissantes en verre de Veranda Garden, vous pouvez cr\u00e9er votre propre endroit abrit\u00e9, prot\u00e9g\u00e9 du vent et des intemp\u00e9ries. A l&#8217;abri du vent, profitez pleinement de la vue sur la campagne. Ce sont les fa\u00e7ades et les parois vitr\u00e9es coulissantes de Veranda Garden.<\/p>\n<h3>Impliquez votre balcon avec votre maison<\/h3>\n<p>Nous pouvons \u00e9galement fournir des toits ou balcons existants avec une fa\u00e7ade ou des parois coulissantes en verre. Avec des parois vitr\u00e9es coulissantes sur votre balcon ou dans votre extension, vous pourrez profiter plus longtemps de l&#8217;espace ext\u00e9rieur. Avec les parois coulissantes, vous conservez \u00e9galement la libert\u00e9 d&#8217;ouvrir ou de fermer l&#8217;espace en question. Cr\u00e9ez la sensation ultime d&#8217;int\u00e9rieur ou d&#8217;ext\u00e9rieur en un instant!<\/p>\n<p>Les fa\u00e7ades et parois coulissantes en verre de Veranda Garden<\/p>\n\t\t\t\t\t\t\t\t<\/div>\n\t\t\t\t<\/div>\n\t\t\t\t\t<\/div>\n\t\t<\/div>\n\t\t\t\t\t<\/div>\n\t\t<\/section>\n\t\t\t\t<section class=\"elementor-section elementor-top-section elementor-element elementor-element-b41ccf2 elementor-section-boxed elementor-section-height-default elementor-section-height-default\" data-id=\"b41ccf2\" data-element_type=\"section\" data-e-type=\"section\">\n\t\t\t\t\t\t<div class=\"elementor-container elementor-column-gap-default\">\n\t\t\t\t\t<div class=\"elementor-column elementor-col-100 elementor-top-column elementor-element elementor-element-4c335b4\" data-id=\"4c335b4\" data-element_type=\"column\" data-e-type=\"column\">\n\t\t\t<div class=\"elementor-widget-wrap elementor-element-populated\">\n\t\t\t\t\t\t<div class=\"elementor-element elementor-element-732afa9 elementor-icon-list--layout-traditional elementor-list-item-link-full_width elementor-invisible elementor-widget elementor-widget-icon-list\" data-id=\"732afa9\" data-element_type=\"widget\" data-e-type=\"widget\" data-settings=\"{&quot;_animation&quot;:&quot;fadeInRight&quot;}\" data-widget_type=\"icon-list.default\">\n\t\t\t\t<div class=\"elementor-widget-container\">\n\t\t\t\t\t\t\t<ul class=\"elementor-icon-list-items\">\n\t\t\t\t\t\t\t<li class=\"elementor-icon-list-item\">\n\t\t\t\t\t\t\t\t\t\t\t<span class=\"elementor-icon-list-icon\">\n\t\t\t\t\t\t\t<i aria-hidden=\"true\" class=\"fas fa-chevron-right\"><\/i>\t\t\t\t\t\t<\/span>\n\t\t\t\t\t\t\t\t\t\t<span class=\"elementor-icon-list-text\">sont disponibles en diff\u00e9rentes hauteurs et largeurs<\/span>\n\t\t\t\t\t\t\t\t\t<\/li>\n\t\t\t\t\t\t\t\t<li class=\"elementor-icon-list-item\">\n\t\t\t\t\t\t\t\t\t\t\t<span class=\"elementor-icon-list-icon\">\n\t\t\t\t\t\t\t<i aria-hidden=\"true\" class=\"fas fa-chevron-right\"><\/i>\t\t\t\t\t\t<\/span>\n\t\t\t\t\t\t\t\t\t\t<span class=\"elementor-icon-list-text\">peut fonctionner en trois \u00e0 six pistes et n'a pas de cadre<\/span>\n\t\t\t\t\t\t\t\t\t<\/li>\n\t\t\t\t\t\t\t\t<li class=\"elementor-icon-list-item\">\n\t\t\t\t\t\t\t\t\t\t\t<span class=\"elementor-icon-list-icon\">\n\t\t\t\t\t\t\t<i aria-hidden=\"true\" class=\"fas fa-chevron-right\"><\/i>\t\t\t\t\t\t<\/span>\n\t\t\t\t\t\t\t\t\t\t<span class=\"elementor-icon-list-text\">conviennent parfaitement comme vitrage de balcon<\/span>\n\t\t\t\t\t\t\t\t\t<\/li>\n\t\t\t\t\t\t\t\t<li class=\"elementor-icon-list-item\">\n\t\t\t\t\t\t\t\t\t\t\t<span class=\"elementor-icon-list-icon\">\n\t\t\t\t\t\t\t<i aria-hidden=\"true\" class=\"fas fa-chevron-right\"><\/i>\t\t\t\t\t\t<\/span>\n\t\t\t\t\t\t\t\t\t\t<span class=\"elementor-icon-list-text\">nous pouvons fournir divers accessoires, tels que des poign\u00e9es en acier inoxydable et des poign\u00e9es en acier inoxydable, des syst\u00e8mes de transport et des brosses \u00e0 tirage<\/span>\n\t\t\t\t\t\t\t\t\t<\/li>\n\t\t\t\t\t\t\t\t<li class=\"elementor-icon-list-item\">\n\t\t\t\t\t\t\t\t\t\t\t<span class=\"elementor-icon-list-icon\">\n\t\t\t\t\t\t\t<i aria-hidden=\"true\" class=\"fas fa-chevron-right\"><\/i>\t\t\t\t\t\t<\/span>\n\t\t\t\t\t\t\t\t\t\t<span class=\"elementor-icon-list-text\">sont \u00e9quip\u00e9s de charni\u00e8res et de serrures solides et s\u00fbres.<\/span>\n\t\t\t\t\t\t\t\t\t<\/li>\n\t\t\t\t\t\t<\/ul>\n\t\t\t\t\t\t<\/div>\n\t\t\t\t<\/div>\n\t\t\t\t\t<\/div>\n\t\t<\/div>\n\t\t\t\t\t<\/div>\n\t\t<\/section>\n\t\t\t\t<section class=\"elementor-section elementor-top-section elementor-element elementor-element-79dc3ff elementor-section-boxed elementor-section-height-default elementor-section-height-default\" data-id=\"79dc3ff\" data-element_type=\"section\" data-e-type=\"section\">\n\t\t\t\t\t\t<div class=\"elementor-container elementor-column-gap-default\">\n\t\t\t\t\t<div class=\"elementor-column elementor-col-100 elementor-top-column elementor-element elementor-element-79e8364\" data-id=\"79e8364\" data-element_type=\"column\" data-e-type=\"column\">\n\t\t\t<div class=\"elementor-widget-wrap elementor-element-populated\">\n\t\t\t\t\t\t<div class=\"elementor-element elementor-element-5ab8a2b elementor-widget elementor-widget-text-editor\" data-id=\"5ab8a2b\" data-element_type=\"widget\" data-e-type=\"widget\" data-widget_type=\"text-editor.default\">\n\t\t\t\t<div class=\"elementor-widget-container\">\n\t\t\t\t\t\t\t\t\t<h3>Plus d&#8217;information?<\/h3>\n<p>Vous voulez aussi des parois coulissantes en verre avec une finition parfaite et un look luxueux ? Contactez Veranda Garden d\u00e8s aujourd&#8217;hui. Nous serions heureux de discuter des options avec vous. Appelez le 06-36491406 ou envoyez un courriel pour un<a href=\"https:\/\/verandagarden.nl\/fr\/devis\/\"> devis<\/a> ou rendez-vous sur place.<\/p>\n\t\t\t\t\t\t\t\t<\/div>\n\t\t\t\t<\/div>\n\t\t\t\t\t<\/div>\n\t\t<\/div>\n\t\t\t\t\t<\/div>\n\t\t<\/section>\n\t\t\t\t<\/div>\n\t\t","protected":false},"excerpt":{"rendered":"<p>Profitez encore plus de votre jardin ou de votre balcon ! Agr\u00e9able \u00e0 l&#8217;abri du vent et du soleil. Avec les fa\u00e7ades en verre et les parois coulissantes en verre de Veranda Garden, vous pouvez cr\u00e9er votre propre endroit abrit\u00e9, prot\u00e9g\u00e9 du vent et des intemp\u00e9ries. A l&#8217;abri du vent, profitez pleinement de la vue [&hellip;]<\/p>\n","protected":false},"author":4,"featured_media":2339,"parent":0,"menu_order":0,"comment_status":"closed","ping_status":"closed","template":"","meta":{"footnotes":""},"class_list":["post-2459","page","type-page","status-publish","has-post-thumbnail","hentry"],"yoast_head":"<!-- This site is optimized with the Yoast SEO plugin v27.1.1 - https:\/\/yoast.com\/product\/yoast-seo-wordpress\/ -->\n<title>Fa\u00e7ades et parois coulissantes en verre - Veranda &amp; Garden<\/title>\n<meta name=\"robots\" content=\"index, follow, max-snippet:-1, max-image-preview:large, max-video-preview:-1\" \/>\n<link rel=\"canonical\" href=\"http:\/\/verandagarden.nl\/fr\/facades-et-parois-coulissantes-en-verre\/\" \/>\n<meta property=\"og:locale\" content=\"fr_FR\" \/>\n<meta property=\"og:type\" content=\"article\" \/>\n<meta property=\"og:title\" content=\"Fa\u00e7ades et parois coulissantes en verre - Veranda &amp; Garden\" \/>\n<meta property=\"og:description\" content=\"Profitez encore plus de votre jardin ou de votre balcon ! Agr\u00e9able \u00e0 l&#8217;abri du vent et du soleil. Avec les fa\u00e7ades en verre et les parois coulissantes en verre de Veranda Garden, vous pouvez cr\u00e9er votre propre endroit abrit\u00e9, prot\u00e9g\u00e9 du vent et des intemp\u00e9ries. A l&#8217;abri du vent, profitez pleinement de la vue [&hellip;]\" \/>\n<meta property=\"og:url\" content=\"http:\/\/verandagarden.nl\/fr\/facades-et-parois-coulissantes-en-verre\/\" \/>\n<meta property=\"og:site_name\" content=\"Veranda &amp; Garden\" \/>\n<meta property=\"article:publisher\" content=\"https:\/\/www.facebook.com\/vgverandagarden\" \/>\n<meta property=\"og:image\" content=\"https:\/\/verandagarden.nl\/wp-content\/uploads\/2021\/09\/shutterstock_475440925-scaled.jpg\" \/>\n\t<meta property=\"og:image:width\" content=\"2560\" \/>\n\t<meta property=\"og:image:height\" content=\"1707\" \/>\n\t<meta property=\"og:image:type\" content=\"image\/jpeg\" \/>\n<meta name=\"twitter:card\" content=\"summary_large_image\" \/>\n<meta name=\"twitter:label1\" content=\"Dur\u00e9e de lecture estim\u00e9e\" \/>\n\t<meta name=\"twitter:data1\" content=\"1 minute\" \/>\n<script type=\"application\/ld+json\" class=\"yoast-schema-graph\">{\"@context\":\"https:\/\/schema.org\",\"@graph\":[{\"@type\":\"WebPage\",\"@id\":\"http:\/\/verandagarden.nl\/fr\/facades-et-parois-coulissantes-en-verre\/\",\"url\":\"http:\/\/verandagarden.nl\/fr\/facades-et-parois-coulissantes-en-verre\/\",\"name\":\"Fa\u00e7ades et parois coulissantes en verre - Veranda &amp; Garden\",\"isPartOf\":{\"@id\":\"https:\/\/verandagarden.nl\/fr\/#website\"},\"primaryImageOfPage\":{\"@id\":\"http:\/\/verandagarden.nl\/fr\/facades-et-parois-coulissantes-en-verre\/#primaryimage\"},\"image\":{\"@id\":\"http:\/\/verandagarden.nl\/fr\/facades-et-parois-coulissantes-en-verre\/#primaryimage\"},\"thumbnailUrl\":\"http:\/\/verandagarden.nl\/wp-content\/uploads\/2021\/09\/c9e292b2-cb74-48cc-89a1-5ac885601563-1594279d2062292af0f15b01e19e31bb.jpg\",\"datePublished\":\"2021-10-12T11:23:27+00:00\",\"breadcrumb\":{\"@id\":\"http:\/\/verandagarden.nl\/fr\/facades-et-parois-coulissantes-en-verre\/#breadcrumb\"},\"inLanguage\":\"fr-FR\",\"potentialAction\":[{\"@type\":\"ReadAction\",\"target\":[\"http:\/\/verandagarden.nl\/fr\/facades-et-parois-coulissantes-en-verre\/\"]}]},{\"@type\":\"ImageObject\",\"inLanguage\":\"fr-FR\",\"@id\":\"http:\/\/verandagarden.nl\/fr\/facades-et-parois-coulissantes-en-verre\/#primaryimage\",\"url\":\"http:\/\/verandagarden.nl\/wp-content\/uploads\/2021\/09\/c9e292b2-cb74-48cc-89a1-5ac885601563-1594279d2062292af0f15b01e19e31bb.jpg\",\"contentUrl\":\"http:\/\/verandagarden.nl\/wp-content\/uploads\/2021\/09\/c9e292b2-cb74-48cc-89a1-5ac885601563-1594279d2062292af0f15b01e19e31bb.jpg\",\"width\":1600,\"height\":1200},{\"@type\":\"BreadcrumbList\",\"@id\":\"http:\/\/verandagarden.nl\/fr\/facades-et-parois-coulissantes-en-verre\/#breadcrumb\",\"itemListElement\":[{\"@type\":\"ListItem\",\"position\":1,\"name\":\"Home\",\"item\":\"https:\/\/verandagarden.nl\/fr\/\"},{\"@type\":\"ListItem\",\"position\":2,\"name\":\"Fa\u00e7ades et parois coulissantes en verre\"}]},{\"@type\":\"WebSite\",\"@id\":\"https:\/\/verandagarden.nl\/fr\/#website\",\"url\":\"https:\/\/verandagarden.nl\/fr\/\",\"name\":\"Veranda & Garden\",\"description\":\"\",\"publisher\":{\"@id\":\"https:\/\/verandagarden.nl\/fr\/#organization\"},\"potentialAction\":[{\"@type\":\"SearchAction\",\"target\":{\"@type\":\"EntryPoint\",\"urlTemplate\":\"https:\/\/verandagarden.nl\/fr\/?s={search_term_string}\"},\"query-input\":{\"@type\":\"PropertyValueSpecification\",\"valueRequired\":true,\"valueName\":\"search_term_string\"}}],\"inLanguage\":\"fr-FR\"},{\"@type\":\"Organization\",\"@id\":\"https:\/\/verandagarden.nl\/fr\/#organization\",\"name\":\"Veranda & Garden\",\"url\":\"https:\/\/verandagarden.nl\/fr\/\",\"logo\":{\"@type\":\"ImageObject\",\"inLanguage\":\"fr-FR\",\"@id\":\"https:\/\/verandagarden.nl\/fr\/#\/schema\/logo\/image\/\",\"url\":\"https:\/\/verandagarden.nl\/wp-content\/uploads\/2021\/09\/logo-transparant.png\",\"contentUrl\":\"https:\/\/verandagarden.nl\/wp-content\/uploads\/2021\/09\/logo-transparant.png\",\"width\":1091,\"height\":134,\"caption\":\"Veranda & Garden\"},\"image\":{\"@id\":\"https:\/\/verandagarden.nl\/fr\/#\/schema\/logo\/image\/\"},\"sameAs\":[\"https:\/\/www.facebook.com\/vgverandagarden\",\"https:\/\/www.instagram.com\/vgverandagarden\/?hl=nl\"]}]}<\/script>\n<!-- \/ Yoast SEO plugin. -->","yoast_head_json":{"title":"Fa\u00e7ades et parois coulissantes en verre - Veranda &amp; Garden","robots":{"index":"index","follow":"follow","max-snippet":"max-snippet:-1","max-image-preview":"max-image-preview:large","max-video-preview":"max-video-preview:-1"},"canonical":"http:\/\/verandagarden.nl\/fr\/facades-et-parois-coulissantes-en-verre\/","og_locale":"fr_FR","og_type":"article","og_title":"Fa\u00e7ades et parois coulissantes en verre - Veranda &amp; Garden","og_description":"Profitez encore plus de votre jardin ou de votre balcon ! Agr\u00e9able \u00e0 l&#8217;abri du vent et du soleil. Avec les fa\u00e7ades en verre et les parois coulissantes en verre de Veranda Garden, vous pouvez cr\u00e9er votre propre endroit abrit\u00e9, prot\u00e9g\u00e9 du vent et des intemp\u00e9ries. A l&#8217;abri du vent, profitez pleinement de la vue [&hellip;]","og_url":"http:\/\/verandagarden.nl\/fr\/facades-et-parois-coulissantes-en-verre\/","og_site_name":"Veranda &amp; Garden","article_publisher":"https:\/\/www.facebook.com\/vgverandagarden","og_image":[{"width":2560,"height":1707,"url":"https:\/\/verandagarden.nl\/wp-content\/uploads\/2021\/09\/shutterstock_475440925-scaled.jpg","type":"image\/jpeg"}],"twitter_card":"summary_large_image","twitter_misc":{"Dur\u00e9e de lecture estim\u00e9e":"1 minute"},"schema":{"@context":"https:\/\/schema.org","@graph":[{"@type":"WebPage","@id":"http:\/\/verandagarden.nl\/fr\/facades-et-parois-coulissantes-en-verre\/","url":"http:\/\/verandagarden.nl\/fr\/facades-et-parois-coulissantes-en-verre\/","name":"Fa\u00e7ades et parois coulissantes en verre - Veranda &amp; Garden","isPartOf":{"@id":"https:\/\/verandagarden.nl\/fr\/#website"},"primaryImageOfPage":{"@id":"http:\/\/verandagarden.nl\/fr\/facades-et-parois-coulissantes-en-verre\/#primaryimage"},"image":{"@id":"http:\/\/verandagarden.nl\/fr\/facades-et-parois-coulissantes-en-verre\/#primaryimage"},"thumbnailUrl":"http:\/\/verandagarden.nl\/wp-content\/uploads\/2021\/09\/c9e292b2-cb74-48cc-89a1-5ac885601563-1594279d2062292af0f15b01e19e31bb.jpg","datePublished":"2021-10-12T11:23:27+00:00","breadcrumb":{"@id":"http:\/\/verandagarden.nl\/fr\/facades-et-parois-coulissantes-en-verre\/#breadcrumb"},"inLanguage":"fr-FR","potentialAction":[{"@type":"ReadAction","target":["http:\/\/verandagarden.nl\/fr\/facades-et-parois-coulissantes-en-verre\/"]}]},{"@type":"ImageObject","inLanguage":"fr-FR","@id":"http:\/\/verandagarden.nl\/fr\/facades-et-parois-coulissantes-en-verre\/#primaryimage","url":"http:\/\/verandagarden.nl\/wp-content\/uploads\/2021\/09\/c9e292b2-cb74-48cc-89a1-5ac885601563-1594279d2062292af0f15b01e19e31bb.jpg","contentUrl":"http:\/\/verandagarden.nl\/wp-content\/uploads\/2021\/09\/c9e292b2-cb74-48cc-89a1-5ac885601563-1594279d2062292af0f15b01e19e31bb.jpg","width":1600,"height":1200},{"@type":"BreadcrumbList","@id":"http:\/\/verandagarden.nl\/fr\/facades-et-parois-coulissantes-en-verre\/#breadcrumb","itemListElement":[{"@type":"ListItem","position":1,"name":"Home","item":"https:\/\/verandagarden.nl\/fr\/"},{"@type":"ListItem","position":2,"name":"Fa\u00e7ades et parois coulissantes en verre"}]},{"@type":"WebSite","@id":"https:\/\/verandagarden.nl\/fr\/#website","url":"https:\/\/verandagarden.nl\/fr\/","name":"Veranda & Garden","description":"","publisher":{"@id":"https:\/\/verandagarden.nl\/fr\/#organization"},"potentialAction":[{"@type":"SearchAction","target":{"@type":"EntryPoint","urlTemplate":"https:\/\/verandagarden.nl\/fr\/?s={search_term_string}"},"query-input":{"@type":"PropertyValueSpecification","valueRequired":true,"valueName":"search_term_string"}}],"inLanguage":"fr-FR"},{"@type":"Organization","@id":"https:\/\/verandagarden.nl\/fr\/#organization","name":"Veranda & Garden","url":"https:\/\/verandagarden.nl\/fr\/","logo":{"@type":"ImageObject","inLanguage":"fr-FR","@id":"https:\/\/verandagarden.nl\/fr\/#\/schema\/logo\/image\/","url":"https:\/\/verandagarden.nl\/wp-content\/uploads\/2021\/09\/logo-transparant.png","contentUrl":"https:\/\/verandagarden.nl\/wp-content\/uploads\/2021\/09\/logo-transparant.png","width":1091,"height":134,"caption":"Veranda & Garden"},"image":{"@id":"https:\/\/verandagarden.nl\/fr\/#\/schema\/logo\/image\/"},"sameAs":["https:\/\/www.facebook.com\/vgverandagarden","https:\/\/www.instagram.com\/vgverandagarden\/?hl=nl"]}]}},"_links":{"self":[{"href":"http:\/\/verandagarden.nl\/fr\/wp-json\/wp\/v2\/pages\/2459","targetHints":{"allow":["GET"]}}],"collection":[{"href":"http:\/\/verandagarden.nl\/fr\/wp-json\/wp\/v2\/pages"}],"about":[{"href":"http:\/\/verandagarden.nl\/fr\/wp-json\/wp\/v2\/types\/page"}],"author":[{"embeddable":true,"href":"http:\/\/verandagarden.nl\/fr\/wp-json\/wp\/v2\/users\/4"}],"replies":[{"embeddable":true,"href":"http:\/\/verandagarden.nl\/fr\/wp-json\/wp\/v2\/comments?post=2459"}],"version-history":[{"count":0,"href":"http:\/\/verandagarden.nl\/fr\/wp-json\/wp\/v2\/pages\/2459\/revisions"}],"wp:featuredmedia":[{"embeddable":true,"href":"http:\/\/verandagarden.nl\/fr\/wp-json\/wp\/v2\/media\/2339"}],"wp:attachment":[{"href":"http:\/\/verandagarden.nl\/fr\/wp-json\/wp\/v2\/media?parent=2459"}],"curies":[{"name":"wp","href":"https:\/\/api.w.org\/{rel}","templated":true}]}}