{"id":2461,"date":"2021-10-12T11:27:56","date_gmt":"2021-10-12T11:27:56","guid":{"rendered":"https:\/\/veranda.templ8.nl\/couverture-de-terrasse\/"},"modified":"2021-10-12T11:28:02","modified_gmt":"2021-10-12T11:28:02","slug":"couverture-de-terrasse","status":"publish","type":"page","link":"http:\/\/verandagarden.nl\/fr\/couverture-de-terrasse\/","title":{"rendered":"couverture de terrasse"},"content":{"rendered":"\t\t<div data-elementor-type=\"wp-page\" data-elementor-id=\"2461\" class=\"elementor elementor-2461 elementor-2078\" data-elementor-post-type=\"page\">\n\t\t\t\t\t\t<section class=\"elementor-section elementor-top-section elementor-element elementor-element-f8d6823 elementor-section-boxed elementor-section-height-default elementor-section-height-default\" data-id=\"f8d6823\" data-element_type=\"section\" data-e-type=\"section\">\n\t\t\t\t\t\t<div class=\"elementor-container elementor-column-gap-default\">\n\t\t\t\t\t<div class=\"elementor-column elementor-col-100 elementor-top-column elementor-element elementor-element-7afd1e0c\" data-id=\"7afd1e0c\" data-element_type=\"column\" data-e-type=\"column\">\n\t\t\t<div class=\"elementor-widget-wrap elementor-element-populated\">\n\t\t\t\t\t\t<div class=\"elementor-element elementor-element-1e6aa5c6 elementor-widget elementor-widget-text-editor\" data-id=\"1e6aa5c6\" data-element_type=\"widget\" data-e-type=\"widget\" data-widget_type=\"text-editor.default\">\n\t\t\t\t<div class=\"elementor-widget-container\">\n\t\t\t\t\t\t\t\t\t<h3>De l&#8217;espace pour vivre !<\/h3>\n<p>Plus de qualit\u00e9 et d&#8217;espace \u00e0 vivre! Avec une couverture de terrasse de Veranda Garden, vous pouvez agrandir votre maison ou cr\u00e9er un magnifique endroit couvert dans votre jardin. Nous r\u00e9alisons des toitures jusqu&#8217;\u00e0 12 m\u00e8tres de large en standard. Nous les pla\u00e7ons contre votre maison ainsi qu&#8217;un toit d\u00e9tach\u00e9, par exemple dans votre jardin. Prolongez vos soir\u00e9es d&#8217;\u00e9t\u00e9 sous un magnifique auvent Veranda Garden !<\/p>\n<p>Une couverture de terrasse de Veranda Garden est :<\/p>\n\t\t\t\t\t\t\t\t<\/div>\n\t\t\t\t<\/div>\n\t\t\t\t\t<\/div>\n\t\t<\/div>\n\t\t\t\t\t<\/div>\n\t\t<\/section>\n\t\t\t\t<section class=\"elementor-section elementor-top-section elementor-element elementor-element-2baf57e elementor-section-boxed elementor-section-height-default elementor-section-height-default\" data-id=\"2baf57e\" data-element_type=\"section\" data-e-type=\"section\">\n\t\t\t\t\t\t<div class=\"elementor-container elementor-column-gap-default\">\n\t\t\t\t\t<div class=\"elementor-column elementor-col-100 elementor-top-column elementor-element elementor-element-c084210\" data-id=\"c084210\" data-element_type=\"column\" data-e-type=\"column\">\n\t\t\t<div class=\"elementor-widget-wrap elementor-element-populated\">\n\t\t\t\t\t\t<div class=\"elementor-element elementor-element-c281372 elementor-icon-list--layout-traditional elementor-list-item-link-full_width elementor-invisible elementor-widget elementor-widget-icon-list\" data-id=\"c281372\" data-element_type=\"widget\" data-e-type=\"widget\" data-settings=\"{&quot;_animation&quot;:&quot;fadeInRight&quot;}\" data-widget_type=\"icon-list.default\">\n\t\t\t\t<div class=\"elementor-widget-container\">\n\t\t\t\t\t\t\t<ul class=\"elementor-icon-list-items\">\n\t\t\t\t\t\t\t<li class=\"elementor-icon-list-item\">\n\t\t\t\t\t\t\t\t\t\t\t<span class=\"elementor-icon-list-icon\">\n\t\t\t\t\t\t\t<i aria-hidden=\"true\" class=\"fas fa-chevron-right\"><\/i>\t\t\t\t\t\t<\/span>\n\t\t\t\t\t\t\t\t\t\t<span class=\"elementor-icon-list-text\">disponible en polycarbonate clair, opale et clair.<\/span>\n\t\t\t\t\t\t\t\t\t<\/li>\n\t\t\t\t\t\t\t\t<li class=\"elementor-icon-list-item\">\n\t\t\t\t\t\t\t\t\t\t\t<span class=\"elementor-icon-list-icon\">\n\t\t\t\t\t\t\t<i aria-hidden=\"true\" class=\"fas fa-chevron-right\"><\/i>\t\t\t\t\t\t<\/span>\n\t\t\t\t\t\t\t\t\t\t<span class=\"elementor-icon-list-text\">disponible en blanc, anthracite et blanc cr\u00e8me.<\/span>\n\t\t\t\t\t\t\t\t\t<\/li>\n\t\t\t\t\t\t\t\t<li class=\"elementor-icon-list-item\">\n\t\t\t\t\t\t\t\t\t\t\t<span class=\"elementor-icon-list-icon\">\n\t\t\t\t\t\t\t<i aria-hidden=\"true\" class=\"fas fa-chevron-right\"><\/i>\t\t\t\t\t\t<\/span>\n\t\t\t\t\t\t\t\t\t\t<span class=\"elementor-icon-list-text\">disponible en largeur standard dans les tailles 3060, 4060, 5060, etc. jusqu'\u00e0 12060 mm. Profondeurs : 2500, 3000, 3500, 4000 mm.<\/span>\n\t\t\t\t\t\t\t\t\t<\/li>\n\t\t\t\t\t\t\t\t<li class=\"elementor-icon-list-item\">\n\t\t\t\t\t\t\t\t\t\t\t<span class=\"elementor-icon-list-icon\">\n\t\t\t\t\t\t\t<i aria-hidden=\"true\" class=\"fas fa-chevron-right\"><\/i>\t\t\t\t\t\t<\/span>\n\t\t\t\t\t\t\t\t\t\t<span class=\"elementor-icon-list-text\">Disponible en mod\u00e8le autoportant ou attach\u00e9 \u00e0 votre maison.<\/span>\n\t\t\t\t\t\t\t\t\t<\/li>\n\t\t\t\t\t\t\t\t<li class=\"elementor-icon-list-item\">\n\t\t\t\t\t\t\t\t\t\t\t<span class=\"elementor-icon-list-icon\">\n\t\t\t\t\t\t\t<i aria-hidden=\"true\" class=\"fas fa-chevron-right\"><\/i>\t\t\t\t\t\t<\/span>\n\t\t\t\t\t\t\t\t\t\t<span class=\"elementor-icon-list-text\">choix d'une goutti\u00e8re ronde classique ou \u00e9pur\u00e9e, disponible jusqu'\u00e0 7 m\u00e8tres sans raccord. Choix de montant semi-circulaire ou carr\u00e9.<\/span>\n\t\t\t\t\t\t\t\t\t<\/li>\n\t\t\t\t\t\t<\/ul>\n\t\t\t\t\t\t<\/div>\n\t\t\t\t<\/div>\n\t\t\t\t\t<\/div>\n\t\t<\/div>\n\t\t\t\t\t<\/div>\n\t\t<\/section>\n\t\t\t\t<section class=\"elementor-section elementor-top-section elementor-element elementor-element-d4b6575 elementor-section-boxed elementor-section-height-default elementor-section-height-default\" data-id=\"d4b6575\" data-element_type=\"section\" data-e-type=\"section\">\n\t\t\t\t\t\t<div class=\"elementor-container elementor-column-gap-default\">\n\t\t\t\t\t<div class=\"elementor-column elementor-col-100 elementor-top-column elementor-element elementor-element-b3c02a7\" data-id=\"b3c02a7\" data-element_type=\"column\" data-e-type=\"column\">\n\t\t\t<div class=\"elementor-widget-wrap elementor-element-populated\">\n\t\t\t\t\t\t<div class=\"elementor-element elementor-element-6fced21 elementor-widget elementor-widget-text-editor\" data-id=\"6fced21\" data-element_type=\"widget\" data-e-type=\"widget\" data-widget_type=\"text-editor.default\">\n\t\t\t\t<div class=\"elementor-widget-container\">\n\t\t\t\t\t\t\t\t\t<h3>Oui, je veux une telle couverture !<\/h3>\n<p>Vous souhaitez en savoir plus sur les possibilit\u00e9s de Veranda Garden ? Contactez-nous d\u00e8s aujourd&#8217;hui au 06-36491406 ou demandez \u00e0 un<a href=\"https:\/\/verandagarden.nl\/fr\/devis\/\"> devis<\/a> \u00e0. Nous sommes heureux de vous rendre visite pour placer une couverture de terrasse en une journ\u00e9e. Nous fixerons rapidement un rendez-vous afin que vous puissiez profiter de votre nouvelle toiture d\u00e8s le lendemain!<\/p>\n\t\t\t\t\t\t\t\t<\/div>\n\t\t\t\t<\/div>\n\t\t\t\t\t<\/div>\n\t\t<\/div>\n\t\t\t\t\t<\/div>\n\t\t<\/section>\n\t\t\t\t<\/div>\n\t\t","protected":false},"excerpt":{"rendered":"<p>De l&#8217;espace pour vivre ! Plus de qualit\u00e9 et d&#8217;espace \u00e0 vivre! Avec une couverture de terrasse de Veranda Garden, vous pouvez agrandir votre maison ou cr\u00e9er un magnifique endroit couvert dans votre jardin. Nous r\u00e9alisons des toitures jusqu&#8217;\u00e0 12 m\u00e8tres de large en standard. Nous les pla\u00e7ons contre votre maison ainsi qu&#8217;un toit d\u00e9tach\u00e9, [&hellip;]<\/p>\n","protected":false},"author":4,"featured_media":2345,"parent":0,"menu_order":0,"comment_status":"closed","ping_status":"closed","template":"","meta":{"footnotes":""},"class_list":["post-2461","page","type-page","status-publish","has-post-thumbnail","hentry"],"yoast_head":"<!-- This site is optimized with the Yoast SEO plugin v27.1.1 - https:\/\/yoast.com\/product\/yoast-seo-wordpress\/ -->\n<title>couverture de terrasse - Veranda &amp; Garden<\/title>\n<meta name=\"robots\" content=\"index, follow, max-snippet:-1, max-image-preview:large, max-video-preview:-1\" \/>\n<link rel=\"canonical\" href=\"http:\/\/verandagarden.nl\/fr\/couverture-de-terrasse\/\" \/>\n<meta property=\"og:locale\" content=\"fr_FR\" \/>\n<meta property=\"og:type\" content=\"article\" \/>\n<meta property=\"og:title\" content=\"couverture de terrasse - Veranda &amp; Garden\" \/>\n<meta property=\"og:description\" content=\"De l&#8217;espace pour vivre ! Plus de qualit\u00e9 et d&#8217;espace \u00e0 vivre! Avec une couverture de terrasse de Veranda Garden, vous pouvez agrandir votre maison ou cr\u00e9er un magnifique endroit couvert dans votre jardin. Nous r\u00e9alisons des toitures jusqu&#8217;\u00e0 12 m\u00e8tres de large en standard. Nous les pla\u00e7ons contre votre maison ainsi qu&#8217;un toit d\u00e9tach\u00e9, [&hellip;]\" \/>\n<meta property=\"og:url\" content=\"http:\/\/verandagarden.nl\/fr\/couverture-de-terrasse\/\" \/>\n<meta property=\"og:site_name\" content=\"Veranda &amp; Garden\" \/>\n<meta property=\"article:publisher\" content=\"https:\/\/www.facebook.com\/vgverandagarden\" \/>\n<meta property=\"article:modified_time\" content=\"2021-10-12T11:28:02+00:00\" \/>\n<meta property=\"og:image\" content=\"https:\/\/verandagarden.nl\/wp-content\/uploads\/2021\/09\/shutterstock_475440925-scaled.jpg\" \/>\n\t<meta property=\"og:image:width\" content=\"2560\" \/>\n\t<meta property=\"og:image:height\" content=\"1707\" \/>\n\t<meta property=\"og:image:type\" content=\"image\/jpeg\" \/>\n<meta name=\"twitter:card\" content=\"summary_large_image\" \/>\n<meta name=\"twitter:label1\" content=\"Dur\u00e9e de lecture estim\u00e9e\" \/>\n\t<meta name=\"twitter:data1\" content=\"1 minute\" \/>\n<script type=\"application\/ld+json\" class=\"yoast-schema-graph\">{\"@context\":\"https:\/\/schema.org\",\"@graph\":[{\"@type\":\"WebPage\",\"@id\":\"http:\/\/verandagarden.nl\/fr\/couverture-de-terrasse\/\",\"url\":\"http:\/\/verandagarden.nl\/fr\/couverture-de-terrasse\/\",\"name\":\"couverture de terrasse - Veranda &amp; Garden\",\"isPartOf\":{\"@id\":\"https:\/\/verandagarden.nl\/fr\/#website\"},\"primaryImageOfPage\":{\"@id\":\"http:\/\/verandagarden.nl\/fr\/couverture-de-terrasse\/#primaryimage\"},\"image\":{\"@id\":\"http:\/\/verandagarden.nl\/fr\/couverture-de-terrasse\/#primaryimage\"},\"thumbnailUrl\":\"http:\/\/verandagarden.nl\/wp-content\/uploads\/2021\/09\/shutterstock_475440925-scaled.jpg\",\"datePublished\":\"2021-10-12T11:27:56+00:00\",\"dateModified\":\"2021-10-12T11:28:02+00:00\",\"breadcrumb\":{\"@id\":\"http:\/\/verandagarden.nl\/fr\/couverture-de-terrasse\/#breadcrumb\"},\"inLanguage\":\"fr-FR\",\"potentialAction\":[{\"@type\":\"ReadAction\",\"target\":[\"http:\/\/verandagarden.nl\/fr\/couverture-de-terrasse\/\"]}]},{\"@type\":\"ImageObject\",\"inLanguage\":\"fr-FR\",\"@id\":\"http:\/\/verandagarden.nl\/fr\/couverture-de-terrasse\/#primaryimage\",\"url\":\"http:\/\/verandagarden.nl\/wp-content\/uploads\/2021\/09\/shutterstock_475440925-scaled.jpg\",\"contentUrl\":\"http:\/\/verandagarden.nl\/wp-content\/uploads\/2021\/09\/shutterstock_475440925-scaled.jpg\",\"width\":2560,\"height\":1707},{\"@type\":\"BreadcrumbList\",\"@id\":\"http:\/\/verandagarden.nl\/fr\/couverture-de-terrasse\/#breadcrumb\",\"itemListElement\":[{\"@type\":\"ListItem\",\"position\":1,\"name\":\"Home\",\"item\":\"https:\/\/verandagarden.nl\/fr\/\"},{\"@type\":\"ListItem\",\"position\":2,\"name\":\"couverture de terrasse\"}]},{\"@type\":\"WebSite\",\"@id\":\"https:\/\/verandagarden.nl\/fr\/#website\",\"url\":\"https:\/\/verandagarden.nl\/fr\/\",\"name\":\"Veranda & Garden\",\"description\":\"\",\"publisher\":{\"@id\":\"https:\/\/verandagarden.nl\/fr\/#organization\"},\"potentialAction\":[{\"@type\":\"SearchAction\",\"target\":{\"@type\":\"EntryPoint\",\"urlTemplate\":\"https:\/\/verandagarden.nl\/fr\/?s={search_term_string}\"},\"query-input\":{\"@type\":\"PropertyValueSpecification\",\"valueRequired\":true,\"valueName\":\"search_term_string\"}}],\"inLanguage\":\"fr-FR\"},{\"@type\":\"Organization\",\"@id\":\"https:\/\/verandagarden.nl\/fr\/#organization\",\"name\":\"Veranda & Garden\",\"url\":\"https:\/\/verandagarden.nl\/fr\/\",\"logo\":{\"@type\":\"ImageObject\",\"inLanguage\":\"fr-FR\",\"@id\":\"https:\/\/verandagarden.nl\/fr\/#\/schema\/logo\/image\/\",\"url\":\"https:\/\/verandagarden.nl\/wp-content\/uploads\/2021\/09\/logo-transparant.png\",\"contentUrl\":\"https:\/\/verandagarden.nl\/wp-content\/uploads\/2021\/09\/logo-transparant.png\",\"width\":1091,\"height\":134,\"caption\":\"Veranda & Garden\"},\"image\":{\"@id\":\"https:\/\/verandagarden.nl\/fr\/#\/schema\/logo\/image\/\"},\"sameAs\":[\"https:\/\/www.facebook.com\/vgverandagarden\",\"https:\/\/www.instagram.com\/vgverandagarden\/?hl=nl\"]}]}<\/script>\n<!-- \/ Yoast SEO plugin. -->","yoast_head_json":{"title":"couverture de terrasse - Veranda &amp; Garden","robots":{"index":"index","follow":"follow","max-snippet":"max-snippet:-1","max-image-preview":"max-image-preview:large","max-video-preview":"max-video-preview:-1"},"canonical":"http:\/\/verandagarden.nl\/fr\/couverture-de-terrasse\/","og_locale":"fr_FR","og_type":"article","og_title":"couverture de terrasse - Veranda &amp; Garden","og_description":"De l&#8217;espace pour vivre ! Plus de qualit\u00e9 et d&#8217;espace \u00e0 vivre! Avec une couverture de terrasse de Veranda Garden, vous pouvez agrandir votre maison ou cr\u00e9er un magnifique endroit couvert dans votre jardin. Nous r\u00e9alisons des toitures jusqu&#8217;\u00e0 12 m\u00e8tres de large en standard. Nous les pla\u00e7ons contre votre maison ainsi qu&#8217;un toit d\u00e9tach\u00e9, [&hellip;]","og_url":"http:\/\/verandagarden.nl\/fr\/couverture-de-terrasse\/","og_site_name":"Veranda &amp; Garden","article_publisher":"https:\/\/www.facebook.com\/vgverandagarden","article_modified_time":"2021-10-12T11:28:02+00:00","og_image":[{"width":2560,"height":1707,"url":"https:\/\/verandagarden.nl\/wp-content\/uploads\/2021\/09\/shutterstock_475440925-scaled.jpg","type":"image\/jpeg"}],"twitter_card":"summary_large_image","twitter_misc":{"Dur\u00e9e de lecture estim\u00e9e":"1 minute"},"schema":{"@context":"https:\/\/schema.org","@graph":[{"@type":"WebPage","@id":"http:\/\/verandagarden.nl\/fr\/couverture-de-terrasse\/","url":"http:\/\/verandagarden.nl\/fr\/couverture-de-terrasse\/","name":"couverture de terrasse - Veranda &amp; Garden","isPartOf":{"@id":"https:\/\/verandagarden.nl\/fr\/#website"},"primaryImageOfPage":{"@id":"http:\/\/verandagarden.nl\/fr\/couverture-de-terrasse\/#primaryimage"},"image":{"@id":"http:\/\/verandagarden.nl\/fr\/couverture-de-terrasse\/#primaryimage"},"thumbnailUrl":"http:\/\/verandagarden.nl\/wp-content\/uploads\/2021\/09\/shutterstock_475440925-scaled.jpg","datePublished":"2021-10-12T11:27:56+00:00","dateModified":"2021-10-12T11:28:02+00:00","breadcrumb":{"@id":"http:\/\/verandagarden.nl\/fr\/couverture-de-terrasse\/#breadcrumb"},"inLanguage":"fr-FR","potentialAction":[{"@type":"ReadAction","target":["http:\/\/verandagarden.nl\/fr\/couverture-de-terrasse\/"]}]},{"@type":"ImageObject","inLanguage":"fr-FR","@id":"http:\/\/verandagarden.nl\/fr\/couverture-de-terrasse\/#primaryimage","url":"http:\/\/verandagarden.nl\/wp-content\/uploads\/2021\/09\/shutterstock_475440925-scaled.jpg","contentUrl":"http:\/\/verandagarden.nl\/wp-content\/uploads\/2021\/09\/shutterstock_475440925-scaled.jpg","width":2560,"height":1707},{"@type":"BreadcrumbList","@id":"http:\/\/verandagarden.nl\/fr\/couverture-de-terrasse\/#breadcrumb","itemListElement":[{"@type":"ListItem","position":1,"name":"Home","item":"https:\/\/verandagarden.nl\/fr\/"},{"@type":"ListItem","position":2,"name":"couverture de terrasse"}]},{"@type":"WebSite","@id":"https:\/\/verandagarden.nl\/fr\/#website","url":"https:\/\/verandagarden.nl\/fr\/","name":"Veranda & Garden","description":"","publisher":{"@id":"https:\/\/verandagarden.nl\/fr\/#organization"},"potentialAction":[{"@type":"SearchAction","target":{"@type":"EntryPoint","urlTemplate":"https:\/\/verandagarden.nl\/fr\/?s={search_term_string}"},"query-input":{"@type":"PropertyValueSpecification","valueRequired":true,"valueName":"search_term_string"}}],"inLanguage":"fr-FR"},{"@type":"Organization","@id":"https:\/\/verandagarden.nl\/fr\/#organization","name":"Veranda & Garden","url":"https:\/\/verandagarden.nl\/fr\/","logo":{"@type":"ImageObject","inLanguage":"fr-FR","@id":"https:\/\/verandagarden.nl\/fr\/#\/schema\/logo\/image\/","url":"https:\/\/verandagarden.nl\/wp-content\/uploads\/2021\/09\/logo-transparant.png","contentUrl":"https:\/\/verandagarden.nl\/wp-content\/uploads\/2021\/09\/logo-transparant.png","width":1091,"height":134,"caption":"Veranda & Garden"},"image":{"@id":"https:\/\/verandagarden.nl\/fr\/#\/schema\/logo\/image\/"},"sameAs":["https:\/\/www.facebook.com\/vgverandagarden","https:\/\/www.instagram.com\/vgverandagarden\/?hl=nl"]}]}},"_links":{"self":[{"href":"http:\/\/verandagarden.nl\/fr\/wp-json\/wp\/v2\/pages\/2461","targetHints":{"allow":["GET"]}}],"collection":[{"href":"http:\/\/verandagarden.nl\/fr\/wp-json\/wp\/v2\/pages"}],"about":[{"href":"http:\/\/verandagarden.nl\/fr\/wp-json\/wp\/v2\/types\/page"}],"author":[{"embeddable":true,"href":"http:\/\/verandagarden.nl\/fr\/wp-json\/wp\/v2\/users\/4"}],"replies":[{"embeddable":true,"href":"http:\/\/verandagarden.nl\/fr\/wp-json\/wp\/v2\/comments?post=2461"}],"version-history":[{"count":0,"href":"http:\/\/verandagarden.nl\/fr\/wp-json\/wp\/v2\/pages\/2461\/revisions"}],"wp:featuredmedia":[{"embeddable":true,"href":"http:\/\/verandagarden.nl\/fr\/wp-json\/wp\/v2\/media\/2345"}],"wp:attachment":[{"href":"http:\/\/verandagarden.nl\/fr\/wp-json\/wp\/v2\/media?parent=2461"}],"curies":[{"name":"wp","href":"https:\/\/api.w.org\/{rel}","templated":true}]}}