{"id":2465,"date":"2021-10-12T11:30:47","date_gmt":"2021-10-12T11:30:47","guid":{"rendered":"https:\/\/veranda.templ8.nl\/amenagement-paysager\/"},"modified":"2021-10-12T11:31:00","modified_gmt":"2021-10-12T11:31:00","slug":"amenagement-paysager","status":"publish","type":"page","link":"http:\/\/verandagarden.nl\/fr\/amenagement-paysager\/","title":{"rendered":"am\u00e9nagement paysager"},"content":{"rendered":"<h3>Tout votre jardin entre de bonnes mains !<\/h3>\n<p>Nous aimons d\u00e9charger nos clients. Cela signifie que vous pouvez nous laisser un travail de A \u00e0 Z pour votre jardin. Ou pour le placement de toits ou d&#8217;abris d&#8217;auto. C&#8217;est ainsi que nous assurons une belle<\/p>\n<p>finition de plancher du plancher sous-jacent o\u00f9 se trouve l&#8217;extension ou l&#8217;extension. Et si vous le souhaitez, nous pouvons m\u00eame nous occuper de tout votre jardin. Veranda Garden travaille avec une \u00e9quipe de professionnels. Nous avons tous nos sp\u00e9cialit\u00e9s. Vous voulez des tuiles d\u00e9coratives ou des bordures dans votre jardin \u00e0 c\u00f4t\u00e9 d&#8217;un toit ? Nous sommes heureux de l&#8217;inclure dans un package total.<\/p>\n<h3>Oui, je veux en savoir plus sur tout ce que fait Veranda Garden !<\/h3>\n<p>Appelez le 06-36491406 ou<a href=\"\/contact\"> courrier<\/a> pour un rendez-vous personnel. Nous serions heureux de vous rendre visite pour discuter des possibilit\u00e9s. Avant de vous en rendre compte, vous serez assis sous votre nouveau toit, magnifiquement am\u00e9nag\u00e9 et assembl\u00e9 par Veranda Garden.<\/p>\n","protected":false},"excerpt":{"rendered":"<p>Tout votre jardin entre de bonnes mains ! Nous aimons d\u00e9charger nos clients. Cela signifie que vous pouvez nous laisser un travail de A \u00e0 Z pour votre jardin. Ou pour le placement de toits ou d&#8217;abris d&#8217;auto. C&#8217;est ainsi que nous assurons une belle finition de plancher du plancher sous-jacent o\u00f9 se trouve l&#8217;extension [&hellip;]<\/p>\n","protected":false},"author":4,"featured_media":2342,"parent":0,"menu_order":0,"comment_status":"closed","ping_status":"closed","template":"","meta":{"footnotes":""},"class_list":["post-2465","page","type-page","status-publish","has-post-thumbnail","hentry"],"yoast_head":"<!-- This site is optimized with the Yoast SEO plugin v27.1.1 - https:\/\/yoast.com\/product\/yoast-seo-wordpress\/ -->\n<title>am\u00e9nagement paysager - Veranda &amp; Garden<\/title>\n<meta name=\"robots\" content=\"index, follow, max-snippet:-1, max-image-preview:large, max-video-preview:-1\" \/>\n<link rel=\"canonical\" href=\"http:\/\/verandagarden.nl\/fr\/amenagement-paysager\/\" \/>\n<meta property=\"og:locale\" content=\"fr_FR\" \/>\n<meta property=\"og:type\" content=\"article\" \/>\n<meta property=\"og:title\" content=\"am\u00e9nagement paysager - Veranda &amp; Garden\" \/>\n<meta property=\"og:description\" content=\"Tout votre jardin entre de bonnes mains ! Nous aimons d\u00e9charger nos clients. Cela signifie que vous pouvez nous laisser un travail de A \u00e0 Z pour votre jardin. Ou pour le placement de toits ou d&#8217;abris d&#8217;auto. C&#8217;est ainsi que nous assurons une belle finition de plancher du plancher sous-jacent o\u00f9 se trouve l&#8217;extension [&hellip;]\" \/>\n<meta property=\"og:url\" content=\"http:\/\/verandagarden.nl\/fr\/amenagement-paysager\/\" \/>\n<meta property=\"og:site_name\" content=\"Veranda &amp; Garden\" \/>\n<meta property=\"article:publisher\" content=\"https:\/\/www.facebook.com\/vgverandagarden\" \/>\n<meta property=\"article:modified_time\" content=\"2021-10-12T11:31:00+00:00\" \/>\n<meta property=\"og:image\" content=\"https:\/\/verandagarden.nl\/wp-content\/uploads\/2021\/09\/shutterstock_475440925-scaled.jpg\" \/>\n\t<meta property=\"og:image:width\" content=\"2560\" \/>\n\t<meta property=\"og:image:height\" content=\"1707\" \/>\n\t<meta property=\"og:image:type\" content=\"image\/jpeg\" \/>\n<meta name=\"twitter:card\" content=\"summary_large_image\" \/>\n<meta name=\"twitter:label1\" content=\"Dur\u00e9e de lecture estim\u00e9e\" \/>\n\t<meta name=\"twitter:data1\" content=\"1 minute\" \/>\n<script type=\"application\/ld+json\" class=\"yoast-schema-graph\">{\"@context\":\"https:\/\/schema.org\",\"@graph\":[{\"@type\":\"WebPage\",\"@id\":\"http:\/\/verandagarden.nl\/fr\/amenagement-paysager\/\",\"url\":\"http:\/\/verandagarden.nl\/fr\/amenagement-paysager\/\",\"name\":\"am\u00e9nagement paysager - Veranda &amp; Garden\",\"isPartOf\":{\"@id\":\"https:\/\/verandagarden.nl\/fr\/#website\"},\"primaryImageOfPage\":{\"@id\":\"http:\/\/verandagarden.nl\/fr\/amenagement-paysager\/#primaryimage\"},\"image\":{\"@id\":\"http:\/\/verandagarden.nl\/fr\/amenagement-paysager\/#primaryimage\"},\"thumbnailUrl\":\"http:\/\/verandagarden.nl\/wp-content\/uploads\/2021\/09\/f90f7b6e-c651-4347-ad8b-b6c657666183-4ba68ba6536c104e86317d5c1c8e73b3.jpg\",\"datePublished\":\"2021-10-12T11:30:47+00:00\",\"dateModified\":\"2021-10-12T11:31:00+00:00\",\"breadcrumb\":{\"@id\":\"http:\/\/verandagarden.nl\/fr\/amenagement-paysager\/#breadcrumb\"},\"inLanguage\":\"fr-FR\",\"potentialAction\":[{\"@type\":\"ReadAction\",\"target\":[\"http:\/\/verandagarden.nl\/fr\/amenagement-paysager\/\"]}]},{\"@type\":\"ImageObject\",\"inLanguage\":\"fr-FR\",\"@id\":\"http:\/\/verandagarden.nl\/fr\/amenagement-paysager\/#primaryimage\",\"url\":\"http:\/\/verandagarden.nl\/wp-content\/uploads\/2021\/09\/f90f7b6e-c651-4347-ad8b-b6c657666183-4ba68ba6536c104e86317d5c1c8e73b3.jpg\",\"contentUrl\":\"http:\/\/verandagarden.nl\/wp-content\/uploads\/2021\/09\/f90f7b6e-c651-4347-ad8b-b6c657666183-4ba68ba6536c104e86317d5c1c8e73b3.jpg\",\"width\":1600,\"height\":1200},{\"@type\":\"BreadcrumbList\",\"@id\":\"http:\/\/verandagarden.nl\/fr\/amenagement-paysager\/#breadcrumb\",\"itemListElement\":[{\"@type\":\"ListItem\",\"position\":1,\"name\":\"Home\",\"item\":\"https:\/\/verandagarden.nl\/fr\/\"},{\"@type\":\"ListItem\",\"position\":2,\"name\":\"am\u00e9nagement paysager\"}]},{\"@type\":\"WebSite\",\"@id\":\"https:\/\/verandagarden.nl\/fr\/#website\",\"url\":\"https:\/\/verandagarden.nl\/fr\/\",\"name\":\"Veranda & Garden\",\"description\":\"\",\"publisher\":{\"@id\":\"https:\/\/verandagarden.nl\/fr\/#organization\"},\"potentialAction\":[{\"@type\":\"SearchAction\",\"target\":{\"@type\":\"EntryPoint\",\"urlTemplate\":\"https:\/\/verandagarden.nl\/fr\/?s={search_term_string}\"},\"query-input\":{\"@type\":\"PropertyValueSpecification\",\"valueRequired\":true,\"valueName\":\"search_term_string\"}}],\"inLanguage\":\"fr-FR\"},{\"@type\":\"Organization\",\"@id\":\"https:\/\/verandagarden.nl\/fr\/#organization\",\"name\":\"Veranda & Garden\",\"url\":\"https:\/\/verandagarden.nl\/fr\/\",\"logo\":{\"@type\":\"ImageObject\",\"inLanguage\":\"fr-FR\",\"@id\":\"https:\/\/verandagarden.nl\/fr\/#\/schema\/logo\/image\/\",\"url\":\"https:\/\/verandagarden.nl\/wp-content\/uploads\/2021\/09\/logo-transparant.png\",\"contentUrl\":\"https:\/\/verandagarden.nl\/wp-content\/uploads\/2021\/09\/logo-transparant.png\",\"width\":1091,\"height\":134,\"caption\":\"Veranda & Garden\"},\"image\":{\"@id\":\"https:\/\/verandagarden.nl\/fr\/#\/schema\/logo\/image\/\"},\"sameAs\":[\"https:\/\/www.facebook.com\/vgverandagarden\",\"https:\/\/www.instagram.com\/vgverandagarden\/?hl=nl\"]}]}<\/script>\n<!-- \/ Yoast SEO plugin. -->","yoast_head_json":{"title":"am\u00e9nagement paysager - Veranda &amp; Garden","robots":{"index":"index","follow":"follow","max-snippet":"max-snippet:-1","max-image-preview":"max-image-preview:large","max-video-preview":"max-video-preview:-1"},"canonical":"http:\/\/verandagarden.nl\/fr\/amenagement-paysager\/","og_locale":"fr_FR","og_type":"article","og_title":"am\u00e9nagement paysager - Veranda &amp; Garden","og_description":"Tout votre jardin entre de bonnes mains ! Nous aimons d\u00e9charger nos clients. Cela signifie que vous pouvez nous laisser un travail de A \u00e0 Z pour votre jardin. Ou pour le placement de toits ou d&#8217;abris d&#8217;auto. C&#8217;est ainsi que nous assurons une belle finition de plancher du plancher sous-jacent o\u00f9 se trouve l&#8217;extension [&hellip;]","og_url":"http:\/\/verandagarden.nl\/fr\/amenagement-paysager\/","og_site_name":"Veranda &amp; Garden","article_publisher":"https:\/\/www.facebook.com\/vgverandagarden","article_modified_time":"2021-10-12T11:31:00+00:00","og_image":[{"width":2560,"height":1707,"url":"https:\/\/verandagarden.nl\/wp-content\/uploads\/2021\/09\/shutterstock_475440925-scaled.jpg","type":"image\/jpeg"}],"twitter_card":"summary_large_image","twitter_misc":{"Dur\u00e9e de lecture estim\u00e9e":"1 minute"},"schema":{"@context":"https:\/\/schema.org","@graph":[{"@type":"WebPage","@id":"http:\/\/verandagarden.nl\/fr\/amenagement-paysager\/","url":"http:\/\/verandagarden.nl\/fr\/amenagement-paysager\/","name":"am\u00e9nagement paysager - Veranda &amp; Garden","isPartOf":{"@id":"https:\/\/verandagarden.nl\/fr\/#website"},"primaryImageOfPage":{"@id":"http:\/\/verandagarden.nl\/fr\/amenagement-paysager\/#primaryimage"},"image":{"@id":"http:\/\/verandagarden.nl\/fr\/amenagement-paysager\/#primaryimage"},"thumbnailUrl":"http:\/\/verandagarden.nl\/wp-content\/uploads\/2021\/09\/f90f7b6e-c651-4347-ad8b-b6c657666183-4ba68ba6536c104e86317d5c1c8e73b3.jpg","datePublished":"2021-10-12T11:30:47+00:00","dateModified":"2021-10-12T11:31:00+00:00","breadcrumb":{"@id":"http:\/\/verandagarden.nl\/fr\/amenagement-paysager\/#breadcrumb"},"inLanguage":"fr-FR","potentialAction":[{"@type":"ReadAction","target":["http:\/\/verandagarden.nl\/fr\/amenagement-paysager\/"]}]},{"@type":"ImageObject","inLanguage":"fr-FR","@id":"http:\/\/verandagarden.nl\/fr\/amenagement-paysager\/#primaryimage","url":"http:\/\/verandagarden.nl\/wp-content\/uploads\/2021\/09\/f90f7b6e-c651-4347-ad8b-b6c657666183-4ba68ba6536c104e86317d5c1c8e73b3.jpg","contentUrl":"http:\/\/verandagarden.nl\/wp-content\/uploads\/2021\/09\/f90f7b6e-c651-4347-ad8b-b6c657666183-4ba68ba6536c104e86317d5c1c8e73b3.jpg","width":1600,"height":1200},{"@type":"BreadcrumbList","@id":"http:\/\/verandagarden.nl\/fr\/amenagement-paysager\/#breadcrumb","itemListElement":[{"@type":"ListItem","position":1,"name":"Home","item":"https:\/\/verandagarden.nl\/fr\/"},{"@type":"ListItem","position":2,"name":"am\u00e9nagement paysager"}]},{"@type":"WebSite","@id":"https:\/\/verandagarden.nl\/fr\/#website","url":"https:\/\/verandagarden.nl\/fr\/","name":"Veranda & Garden","description":"","publisher":{"@id":"https:\/\/verandagarden.nl\/fr\/#organization"},"potentialAction":[{"@type":"SearchAction","target":{"@type":"EntryPoint","urlTemplate":"https:\/\/verandagarden.nl\/fr\/?s={search_term_string}"},"query-input":{"@type":"PropertyValueSpecification","valueRequired":true,"valueName":"search_term_string"}}],"inLanguage":"fr-FR"},{"@type":"Organization","@id":"https:\/\/verandagarden.nl\/fr\/#organization","name":"Veranda & Garden","url":"https:\/\/verandagarden.nl\/fr\/","logo":{"@type":"ImageObject","inLanguage":"fr-FR","@id":"https:\/\/verandagarden.nl\/fr\/#\/schema\/logo\/image\/","url":"https:\/\/verandagarden.nl\/wp-content\/uploads\/2021\/09\/logo-transparant.png","contentUrl":"https:\/\/verandagarden.nl\/wp-content\/uploads\/2021\/09\/logo-transparant.png","width":1091,"height":134,"caption":"Veranda & Garden"},"image":{"@id":"https:\/\/verandagarden.nl\/fr\/#\/schema\/logo\/image\/"},"sameAs":["https:\/\/www.facebook.com\/vgverandagarden","https:\/\/www.instagram.com\/vgverandagarden\/?hl=nl"]}]}},"_links":{"self":[{"href":"http:\/\/verandagarden.nl\/fr\/wp-json\/wp\/v2\/pages\/2465","targetHints":{"allow":["GET"]}}],"collection":[{"href":"http:\/\/verandagarden.nl\/fr\/wp-json\/wp\/v2\/pages"}],"about":[{"href":"http:\/\/verandagarden.nl\/fr\/wp-json\/wp\/v2\/types\/page"}],"author":[{"embeddable":true,"href":"http:\/\/verandagarden.nl\/fr\/wp-json\/wp\/v2\/users\/4"}],"replies":[{"embeddable":true,"href":"http:\/\/verandagarden.nl\/fr\/wp-json\/wp\/v2\/comments?post=2465"}],"version-history":[{"count":0,"href":"http:\/\/verandagarden.nl\/fr\/wp-json\/wp\/v2\/pages\/2465\/revisions"}],"wp:featuredmedia":[{"embeddable":true,"href":"http:\/\/verandagarden.nl\/fr\/wp-json\/wp\/v2\/media\/2342"}],"wp:attachment":[{"href":"http:\/\/verandagarden.nl\/fr\/wp-json\/wp\/v2\/media?parent=2465"}],"curies":[{"name":"wp","href":"https:\/\/api.w.org\/{rel}","templated":true}]}}