{"id":2467,"date":"2021-10-12T11:34:24","date_gmt":"2021-10-12T11:34:24","guid":{"rendered":"https:\/\/veranda.templ8.nl\/stores-et-volets-roulants\/"},"modified":"2021-10-12T11:34:47","modified_gmt":"2021-10-12T11:34:47","slug":"stores-et-volets-roulants","status":"publish","type":"page","link":"http:\/\/verandagarden.nl\/fr\/stores-et-volets-roulants\/","title":{"rendered":"Stores et volets roulants"},"content":{"rendered":"<h3>Toujours la lumi\u00e8re que vous voulez !<\/h3>\n<p>Vous souhaitez rendre encore plus agr\u00e9able l&#8217;utilisation de votre extension, abri de terrasse ou abri voiture ? Profiter au maximum de votre nouvel achat ? Fournissez-leur la bonne protection solaire, des \u00e9crans, des auvents ou des volets. Veranda Garden fournit l&#8217;image totale. En plus de la pose de la toiture terrasse de votre choix, nous installons tous les syst\u00e8mes de protection solaire, paravents ou volets que vous souhaitez.<\/p>\n<h3>Contr\u00f4ler la lumi\u00e8re de la bonne mani\u00e8re<\/h3>\n<p>Le soleil c&#8217;est beau, mais avec mod\u00e9ration&#8230; Contr\u00f4lez l&#8217;incidence de la lumi\u00e8re du soleil de mani\u00e8re optimale avec le bon \u00e9cran. Nous sommes heureux de vous conseiller pour faire un choix optimal. Par exemple, chez Veranda Garden nous proposons :<\/p>\n<h3>\u00b7 Parasols<\/h3>\n<p>Avec un parasol, prot\u00e9gez-vous des rayons ultraviolets nocifs sur la terrasse. Ce produit efficace bloque en moyenne entre 90 et 99% des rayons UV. De plus, vous r\u00e9gulez la temp\u00e9rature de votre terrasse avec votre store banne. Pendant les journ\u00e9es chaudes, vous ouvrez votre auvent, apr\u00e8s quoi l&#8217;intensit\u00e9 lumineuse et la chaleur de votre terrasse diminuent imm\u00e9diatement. Profitez, mais de la bonne mani\u00e8re. Avec les auvents de Veranda Garden !<\/p>\n<h3>\u00b7 Auvents<\/h3>\n<p>Le fonctionnement d&#8217;un auvent de v\u00e9randa est comparable \u00e0 celui d&#8217;un auvent.<\/p>\n<p>Le tissu r\u00e9sistant au soleil garantit que le rayonnement UV est maintenu \u00e0 l&#8217;ext\u00e9rieur et que la temp\u00e9rature sous la toiture de terrasse n&#8217;augmente pas. Quelle option convient \u00e0 votre situation ? Veranda Gardena se fera un plaisir de vous conseiller. Il existe une excellente solution pour chaque situation. Par exemple, il est possible d&#8217;installer une protection solaire aussi bien en haut qu&#8217;en bas du toit. Veranda Garden se fera un plaisir de vous conseiller !<\/p>\n<h3>\u00c9crans<\/h3>\n<p>Regarder votre \u00e9cran depuis votre t\u00e9l\u00e9vision, ordinateur portable ou t\u00e9l\u00e9phone sans \u00eatre d\u00e9rang\u00e9, sans soleil g\u00eanant. Le tissu r\u00e9sistant au soleil de nos syst\u00e8mes d&#8217;\u00e9cran bloque la chaleur et l&#8217;\u00e9blouissement du soleil. Un avantage suppl\u00e9mentaire de nos paravents est que vous ne pouvez plus regarder dans votre maison de l&#8217;ext\u00e9rieur, tandis que vous pouvez continuer \u00e0 regarder de l&#8217;int\u00e9rieur. De plus, les paravents de Veranda Garden offrent un climat de vie agr\u00e9able dans votre maison.<\/p>\n<h3>\u00b7 Stores<\/h3>\n<p>Les volets roulants r\u00e9duisent les nuisances de chaleur, de froid et de bruit de l&#8217;ext\u00e9rieur. Un volet roulant a une fonction adapt\u00e9e \u00e0 chaque saison. Prot\u00e9gez-vous de la chaleur en \u00e9t\u00e9, du froid en hiver et r\u00e9duisez les nuisances sonores toute l&#8217;ann\u00e9e. Les lames ou les volets roulants sont occultants et emp\u00eachent les insectes d&#8217;entrer, tandis que les fen\u00eatres qui s&#8217;ouvrent vers l&#8217;int\u00e9rieur peuvent toujours \u00eatre ouvertes. Un volet roulant assure \u00e9galement la s\u00e9curit\u00e9 et est anti-effraction. Veranda Garden est heureux d&#8217;installer vos nouveaux volets roulants !<\/p>\n<h3>Oui, parlez m&#8217;en plus sur les auvents Veranda Garden !<\/h3>\n<p>Vous souhaitez en savoir plus sur tous les produits que nous avons plac\u00e9s dans le domaine de la protection solaire, des volets roulants ou des \u00e9crans ? Appelez le 06-36491406 ou<a href=\"\/contact\"> courrier<\/a> et nous sommes heureux de passer pour une offre appropri\u00e9e.<\/p>\n","protected":false},"excerpt":{"rendered":"<p>Toujours la lumi\u00e8re que vous voulez ! Vous souhaitez rendre encore plus agr\u00e9able l&#8217;utilisation de votre extension, abri de terrasse ou abri voiture ? Profiter au maximum de votre nouvel achat ? Fournissez-leur la bonne protection solaire, des \u00e9crans, des auvents ou des volets. Veranda Garden fournit l&#8217;image totale. En plus de la pose de [&hellip;]<\/p>\n","protected":false},"author":4,"featured_media":2357,"parent":0,"menu_order":0,"comment_status":"closed","ping_status":"closed","template":"","meta":{"footnotes":""},"class_list":["post-2467","page","type-page","status-publish","has-post-thumbnail","hentry"],"yoast_head":"<!-- This site is optimized with the Yoast SEO plugin v27.1.1 - https:\/\/yoast.com\/product\/yoast-seo-wordpress\/ -->\n<title>Stores et volets roulants - Veranda &amp; Garden<\/title>\n<meta name=\"robots\" content=\"index, follow, max-snippet:-1, max-image-preview:large, max-video-preview:-1\" \/>\n<link rel=\"canonical\" href=\"http:\/\/verandagarden.nl\/fr\/stores-et-volets-roulants\/\" \/>\n<meta property=\"og:locale\" content=\"fr_FR\" \/>\n<meta property=\"og:type\" content=\"article\" \/>\n<meta property=\"og:title\" content=\"Stores et volets roulants - Veranda &amp; Garden\" \/>\n<meta property=\"og:description\" content=\"Toujours la lumi\u00e8re que vous voulez ! Vous souhaitez rendre encore plus agr\u00e9able l&#8217;utilisation de votre extension, abri de terrasse ou abri voiture ? Profiter au maximum de votre nouvel achat ? Fournissez-leur la bonne protection solaire, des \u00e9crans, des auvents ou des volets. Veranda Garden fournit l&#8217;image totale. En plus de la pose de [&hellip;]\" \/>\n<meta property=\"og:url\" content=\"http:\/\/verandagarden.nl\/fr\/stores-et-volets-roulants\/\" \/>\n<meta property=\"og:site_name\" content=\"Veranda &amp; Garden\" \/>\n<meta property=\"article:publisher\" content=\"https:\/\/www.facebook.com\/vgverandagarden\" \/>\n<meta property=\"article:modified_time\" content=\"2021-10-12T11:34:47+00:00\" \/>\n<meta property=\"og:image\" content=\"https:\/\/verandagarden.nl\/wp-content\/uploads\/2021\/09\/shutterstock_475440925-scaled.jpg\" \/>\n\t<meta property=\"og:image:width\" content=\"2560\" \/>\n\t<meta property=\"og:image:height\" content=\"1707\" \/>\n\t<meta property=\"og:image:type\" content=\"image\/jpeg\" \/>\n<meta name=\"twitter:card\" content=\"summary_large_image\" \/>\n<meta name=\"twitter:label1\" content=\"Dur\u00e9e de lecture estim\u00e9e\" \/>\n\t<meta name=\"twitter:data1\" content=\"3 minutes\" \/>\n<script type=\"application\/ld+json\" class=\"yoast-schema-graph\">{\"@context\":\"https:\/\/schema.org\",\"@graph\":[{\"@type\":\"WebPage\",\"@id\":\"http:\/\/verandagarden.nl\/fr\/stores-et-volets-roulants\/\",\"url\":\"http:\/\/verandagarden.nl\/fr\/stores-et-volets-roulants\/\",\"name\":\"Stores et volets roulants - Veranda &amp; Garden\",\"isPartOf\":{\"@id\":\"https:\/\/verandagarden.nl\/fr\/#website\"},\"primaryImageOfPage\":{\"@id\":\"http:\/\/verandagarden.nl\/fr\/stores-et-volets-roulants\/#primaryimage\"},\"image\":{\"@id\":\"http:\/\/verandagarden.nl\/fr\/stores-et-volets-roulants\/#primaryimage\"},\"thumbnailUrl\":\"http:\/\/verandagarden.nl\/wp-content\/uploads\/2021\/09\/shutterstock_1662039679-scaled.jpg\",\"datePublished\":\"2021-10-12T11:34:24+00:00\",\"dateModified\":\"2021-10-12T11:34:47+00:00\",\"breadcrumb\":{\"@id\":\"http:\/\/verandagarden.nl\/fr\/stores-et-volets-roulants\/#breadcrumb\"},\"inLanguage\":\"fr-FR\",\"potentialAction\":[{\"@type\":\"ReadAction\",\"target\":[\"http:\/\/verandagarden.nl\/fr\/stores-et-volets-roulants\/\"]}]},{\"@type\":\"ImageObject\",\"inLanguage\":\"fr-FR\",\"@id\":\"http:\/\/verandagarden.nl\/fr\/stores-et-volets-roulants\/#primaryimage\",\"url\":\"http:\/\/verandagarden.nl\/wp-content\/uploads\/2021\/09\/shutterstock_1662039679-scaled.jpg\",\"contentUrl\":\"http:\/\/verandagarden.nl\/wp-content\/uploads\/2021\/09\/shutterstock_1662039679-scaled.jpg\",\"width\":2560,\"height\":1920},{\"@type\":\"BreadcrumbList\",\"@id\":\"http:\/\/verandagarden.nl\/fr\/stores-et-volets-roulants\/#breadcrumb\",\"itemListElement\":[{\"@type\":\"ListItem\",\"position\":1,\"name\":\"Home\",\"item\":\"https:\/\/verandagarden.nl\/fr\/\"},{\"@type\":\"ListItem\",\"position\":2,\"name\":\"Stores et volets roulants\"}]},{\"@type\":\"WebSite\",\"@id\":\"https:\/\/verandagarden.nl\/fr\/#website\",\"url\":\"https:\/\/verandagarden.nl\/fr\/\",\"name\":\"Veranda & Garden\",\"description\":\"\",\"publisher\":{\"@id\":\"https:\/\/verandagarden.nl\/fr\/#organization\"},\"potentialAction\":[{\"@type\":\"SearchAction\",\"target\":{\"@type\":\"EntryPoint\",\"urlTemplate\":\"https:\/\/verandagarden.nl\/fr\/?s={search_term_string}\"},\"query-input\":{\"@type\":\"PropertyValueSpecification\",\"valueRequired\":true,\"valueName\":\"search_term_string\"}}],\"inLanguage\":\"fr-FR\"},{\"@type\":\"Organization\",\"@id\":\"https:\/\/verandagarden.nl\/fr\/#organization\",\"name\":\"Veranda & Garden\",\"url\":\"https:\/\/verandagarden.nl\/fr\/\",\"logo\":{\"@type\":\"ImageObject\",\"inLanguage\":\"fr-FR\",\"@id\":\"https:\/\/verandagarden.nl\/fr\/#\/schema\/logo\/image\/\",\"url\":\"https:\/\/verandagarden.nl\/wp-content\/uploads\/2021\/09\/logo-transparant.png\",\"contentUrl\":\"https:\/\/verandagarden.nl\/wp-content\/uploads\/2021\/09\/logo-transparant.png\",\"width\":1091,\"height\":134,\"caption\":\"Veranda & Garden\"},\"image\":{\"@id\":\"https:\/\/verandagarden.nl\/fr\/#\/schema\/logo\/image\/\"},\"sameAs\":[\"https:\/\/www.facebook.com\/vgverandagarden\",\"https:\/\/www.instagram.com\/vgverandagarden\/?hl=nl\"]}]}<\/script>\n<!-- \/ Yoast SEO plugin. -->","yoast_head_json":{"title":"Stores et volets roulants - Veranda &amp; Garden","robots":{"index":"index","follow":"follow","max-snippet":"max-snippet:-1","max-image-preview":"max-image-preview:large","max-video-preview":"max-video-preview:-1"},"canonical":"http:\/\/verandagarden.nl\/fr\/stores-et-volets-roulants\/","og_locale":"fr_FR","og_type":"article","og_title":"Stores et volets roulants - Veranda &amp; Garden","og_description":"Toujours la lumi\u00e8re que vous voulez ! Vous souhaitez rendre encore plus agr\u00e9able l&#8217;utilisation de votre extension, abri de terrasse ou abri voiture ? Profiter au maximum de votre nouvel achat ? Fournissez-leur la bonne protection solaire, des \u00e9crans, des auvents ou des volets. Veranda Garden fournit l&#8217;image totale. En plus de la pose de [&hellip;]","og_url":"http:\/\/verandagarden.nl\/fr\/stores-et-volets-roulants\/","og_site_name":"Veranda &amp; Garden","article_publisher":"https:\/\/www.facebook.com\/vgverandagarden","article_modified_time":"2021-10-12T11:34:47+00:00","og_image":[{"width":2560,"height":1707,"url":"https:\/\/verandagarden.nl\/wp-content\/uploads\/2021\/09\/shutterstock_475440925-scaled.jpg","type":"image\/jpeg"}],"twitter_card":"summary_large_image","twitter_misc":{"Dur\u00e9e de lecture estim\u00e9e":"3 minutes"},"schema":{"@context":"https:\/\/schema.org","@graph":[{"@type":"WebPage","@id":"http:\/\/verandagarden.nl\/fr\/stores-et-volets-roulants\/","url":"http:\/\/verandagarden.nl\/fr\/stores-et-volets-roulants\/","name":"Stores et volets roulants - Veranda &amp; Garden","isPartOf":{"@id":"https:\/\/verandagarden.nl\/fr\/#website"},"primaryImageOfPage":{"@id":"http:\/\/verandagarden.nl\/fr\/stores-et-volets-roulants\/#primaryimage"},"image":{"@id":"http:\/\/verandagarden.nl\/fr\/stores-et-volets-roulants\/#primaryimage"},"thumbnailUrl":"http:\/\/verandagarden.nl\/wp-content\/uploads\/2021\/09\/shutterstock_1662039679-scaled.jpg","datePublished":"2021-10-12T11:34:24+00:00","dateModified":"2021-10-12T11:34:47+00:00","breadcrumb":{"@id":"http:\/\/verandagarden.nl\/fr\/stores-et-volets-roulants\/#breadcrumb"},"inLanguage":"fr-FR","potentialAction":[{"@type":"ReadAction","target":["http:\/\/verandagarden.nl\/fr\/stores-et-volets-roulants\/"]}]},{"@type":"ImageObject","inLanguage":"fr-FR","@id":"http:\/\/verandagarden.nl\/fr\/stores-et-volets-roulants\/#primaryimage","url":"http:\/\/verandagarden.nl\/wp-content\/uploads\/2021\/09\/shutterstock_1662039679-scaled.jpg","contentUrl":"http:\/\/verandagarden.nl\/wp-content\/uploads\/2021\/09\/shutterstock_1662039679-scaled.jpg","width":2560,"height":1920},{"@type":"BreadcrumbList","@id":"http:\/\/verandagarden.nl\/fr\/stores-et-volets-roulants\/#breadcrumb","itemListElement":[{"@type":"ListItem","position":1,"name":"Home","item":"https:\/\/verandagarden.nl\/fr\/"},{"@type":"ListItem","position":2,"name":"Stores et volets roulants"}]},{"@type":"WebSite","@id":"https:\/\/verandagarden.nl\/fr\/#website","url":"https:\/\/verandagarden.nl\/fr\/","name":"Veranda & Garden","description":"","publisher":{"@id":"https:\/\/verandagarden.nl\/fr\/#organization"},"potentialAction":[{"@type":"SearchAction","target":{"@type":"EntryPoint","urlTemplate":"https:\/\/verandagarden.nl\/fr\/?s={search_term_string}"},"query-input":{"@type":"PropertyValueSpecification","valueRequired":true,"valueName":"search_term_string"}}],"inLanguage":"fr-FR"},{"@type":"Organization","@id":"https:\/\/verandagarden.nl\/fr\/#organization","name":"Veranda & Garden","url":"https:\/\/verandagarden.nl\/fr\/","logo":{"@type":"ImageObject","inLanguage":"fr-FR","@id":"https:\/\/verandagarden.nl\/fr\/#\/schema\/logo\/image\/","url":"https:\/\/verandagarden.nl\/wp-content\/uploads\/2021\/09\/logo-transparant.png","contentUrl":"https:\/\/verandagarden.nl\/wp-content\/uploads\/2021\/09\/logo-transparant.png","width":1091,"height":134,"caption":"Veranda & Garden"},"image":{"@id":"https:\/\/verandagarden.nl\/fr\/#\/schema\/logo\/image\/"},"sameAs":["https:\/\/www.facebook.com\/vgverandagarden","https:\/\/www.instagram.com\/vgverandagarden\/?hl=nl"]}]}},"_links":{"self":[{"href":"http:\/\/verandagarden.nl\/fr\/wp-json\/wp\/v2\/pages\/2467","targetHints":{"allow":["GET"]}}],"collection":[{"href":"http:\/\/verandagarden.nl\/fr\/wp-json\/wp\/v2\/pages"}],"about":[{"href":"http:\/\/verandagarden.nl\/fr\/wp-json\/wp\/v2\/types\/page"}],"author":[{"embeddable":true,"href":"http:\/\/verandagarden.nl\/fr\/wp-json\/wp\/v2\/users\/4"}],"replies":[{"embeddable":true,"href":"http:\/\/verandagarden.nl\/fr\/wp-json\/wp\/v2\/comments?post=2467"}],"version-history":[{"count":0,"href":"http:\/\/verandagarden.nl\/fr\/wp-json\/wp\/v2\/pages\/2467\/revisions"}],"wp:featuredmedia":[{"embeddable":true,"href":"http:\/\/verandagarden.nl\/fr\/wp-json\/wp\/v2\/media\/2357"}],"wp:attachment":[{"href":"http:\/\/verandagarden.nl\/fr\/wp-json\/wp\/v2\/media?parent=2467"}],"curies":[{"name":"wp","href":"https:\/\/api.w.org\/{rel}","templated":true}]}}