{"id":2402,"date":"2021-10-12T09:37:42","date_gmt":"2021-10-12T09:37:42","guid":{"rendered":"https:\/\/veranda.templ8.nl\/carport\/"},"modified":"2021-10-12T09:45:27","modified_gmt":"2021-10-12T09:45:27","slug":"carport","status":"publish","type":"page","link":"https:\/\/verandagarden.nl\/de\/carport\/","title":{"rendered":"Carport"},"content":{"rendered":"\t\t<div data-elementor-type=\"wp-page\" data-elementor-id=\"2402\" class=\"elementor elementor-2402 elementor-2080\" data-elementor-post-type=\"page\">\n\t\t\t\t\t\t<section class=\"elementor-section elementor-top-section elementor-element elementor-element-7b55c999 elementor-section-boxed elementor-section-height-default elementor-section-height-default\" data-id=\"7b55c999\" data-element_type=\"section\" data-e-type=\"section\">\n\t\t\t\t\t\t<div class=\"elementor-container elementor-column-gap-default\">\n\t\t\t\t\t<div class=\"elementor-column elementor-col-100 elementor-top-column elementor-element elementor-element-40c85004\" data-id=\"40c85004\" data-element_type=\"column\" data-e-type=\"column\">\n\t\t\t<div class=\"elementor-widget-wrap elementor-element-populated\">\n\t\t\t\t\t\t<div class=\"elementor-element elementor-element-7447494b elementor-widget elementor-widget-text-editor\" data-id=\"7447494b\" data-element_type=\"widget\" data-e-type=\"widget\" data-widget_type=\"text-editor.default\">\n\t\t\t\t<div class=\"elementor-widget-container\">\n\t\t\t\t\t\t\t\t\t<h3>Bequem und ordentlich!<\/h3>\n<p>Nie wieder im Regen ein- und aussteigen mit einem Veranda Garden Carport! Parken Sie Ihr Auto bequem. Trocken, aufger\u00e4umt und abgedeckt unter dem neuen Carport. Veranda Garden wird es innerhalb eines Tages in Ihrem Garten oder neben Ihrem Haus platzieren.<\/p>\n<p>Auch f\u00fcr Ihr Fahrrad, Boot oder Wohnwagen<\/p>\n<p>Sch\u00f6ner, zus\u00e4tzlicher Platz, auch sehr gut geeignet, um Ihre Fahrr\u00e4der, Boote mit Tablett, Motor oder Wohnwagen abzustellen. Mit einem Veranda Garden Carport k\u00f6nnen Sie Ihr Hab und Gut ordentlich und gesch\u00fctzt vor Regen, Wind, Laub und Schnee oder Hagel verstauen. Ein Veranda Garden Carport ist:<\/p>\n\t\t\t\t\t\t\t\t<\/div>\n\t\t\t\t<\/div>\n\t\t\t\t\t<\/div>\n\t\t<\/div>\n\t\t\t\t\t<\/div>\n\t\t<\/section>\n\t\t\t\t<section class=\"elementor-section elementor-top-section elementor-element elementor-element-88489b7 elementor-section-boxed elementor-section-height-default elementor-section-height-default\" data-id=\"88489b7\" data-element_type=\"section\" data-e-type=\"section\">\n\t\t\t\t\t\t<div class=\"elementor-container elementor-column-gap-default\">\n\t\t\t\t\t<div class=\"elementor-column elementor-col-100 elementor-top-column elementor-element elementor-element-1079891\" data-id=\"1079891\" data-element_type=\"column\" data-e-type=\"column\">\n\t\t\t<div class=\"elementor-widget-wrap elementor-element-populated\">\n\t\t\t\t\t\t<div class=\"elementor-element elementor-element-d2d604c elementor-icon-list--layout-traditional elementor-list-item-link-full_width elementor-invisible elementor-widget elementor-widget-icon-list\" data-id=\"d2d604c\" data-element_type=\"widget\" data-e-type=\"widget\" data-settings=\"{&quot;_animation&quot;:&quot;fadeInRight&quot;}\" data-widget_type=\"icon-list.default\">\n\t\t\t\t<div class=\"elementor-widget-container\">\n\t\t\t\t\t\t\t<ul class=\"elementor-icon-list-items\">\n\t\t\t\t\t\t\t<li class=\"elementor-icon-list-item\">\n\t\t\t\t\t\t\t\t\t\t\t<span class=\"elementor-icon-list-icon\">\n\t\t\t\t\t\t\t<i aria-hidden=\"true\" class=\"fas fa-chevron-right\"><\/i>\t\t\t\t\t\t<\/span>\n\t\t\t\t\t\t\t\t\t\t<span class=\"elementor-icon-list-text\">erh\u00e4ltlich in klarem, opalem und klarem Polycarbonat.<\/span>\n\t\t\t\t\t\t\t\t\t<\/li>\n\t\t\t\t\t\t\t\t<li class=\"elementor-icon-list-item\">\n\t\t\t\t\t\t\t\t\t\t\t<span class=\"elementor-icon-list-icon\">\n\t\t\t\t\t\t\t<i aria-hidden=\"true\" class=\"fas fa-chevron-right\"><\/i>\t\t\t\t\t\t<\/span>\n\t\t\t\t\t\t\t\t\t\t<span class=\"elementor-icon-list-text\">erh\u00e4ltlich in wei\u00df, anthrazit und cremewei\u00df.<\/span>\n\t\t\t\t\t\t\t\t\t<\/li>\n\t\t\t\t\t\t\t\t<li class=\"elementor-icon-list-item\">\n\t\t\t\t\t\t\t\t\t\t\t<span class=\"elementor-icon-list-icon\">\n\t\t\t\t\t\t\t<i aria-hidden=\"true\" class=\"fas fa-chevron-right\"><\/i>\t\t\t\t\t\t<\/span>\n\t\t\t\t\t\t\t\t\t\t<span class=\"elementor-icon-list-text\">lieferbar in Standardbreite in den Gr\u00f6\u00dfen 3060, 4060, 5060 usw. bis 12060 mm. Tiefen: 2500, 3000, 3500, 4000 mm.<\/span>\n\t\t\t\t\t\t\t\t\t<\/li>\n\t\t\t\t\t\t\t\t<li class=\"elementor-icon-list-item\">\n\t\t\t\t\t\t\t\t\t\t\t<span class=\"elementor-icon-list-icon\">\n\t\t\t\t\t\t\t<i aria-hidden=\"true\" class=\"fas fa-chevron-right\"><\/i>\t\t\t\t\t\t<\/span>\n\t\t\t\t\t\t\t\t\t\t<span class=\"elementor-icon-list-text\">Erh\u00e4ltlich als freistehendes Modell oder an Ihrem Zuhause befestigt.<\/span>\n\t\t\t\t\t\t\t\t\t<\/li>\n\t\t\t\t\t\t\t\t<li class=\"elementor-icon-list-item\">\n\t\t\t\t\t\t\t\t\t\t\t<span class=\"elementor-icon-list-icon\">\n\t\t\t\t\t\t\t<i aria-hidden=\"true\" class=\"fas fa-chevron-right\"><\/i>\t\t\t\t\t\t<\/span>\n\t\t\t\t\t\t\t\t\t\t<span class=\"elementor-icon-list-text\">Wahl zwischen einer klassischen oder schlanken runden Rinne, erh\u00e4ltlich bis zu 7 Meter ohne Kupplung. Wahlweise halbrund oder quadratisch aufrecht.<\/span>\n\t\t\t\t\t\t\t\t\t<\/li>\n\t\t\t\t\t\t<\/ul>\n\t\t\t\t\t\t<\/div>\n\t\t\t\t<\/div>\n\t\t\t\t\t<\/div>\n\t\t<\/div>\n\t\t\t\t\t<\/div>\n\t\t<\/section>\n\t\t\t\t<section class=\"elementor-section elementor-top-section elementor-element elementor-element-ca5c8cb elementor-section-boxed elementor-section-height-default elementor-section-height-default\" data-id=\"ca5c8cb\" data-element_type=\"section\" data-e-type=\"section\">\n\t\t\t\t\t\t<div class=\"elementor-container elementor-column-gap-default\">\n\t\t\t\t\t<div class=\"elementor-column elementor-col-100 elementor-top-column elementor-element elementor-element-26859d2\" data-id=\"26859d2\" data-element_type=\"column\" data-e-type=\"column\">\n\t\t\t<div class=\"elementor-widget-wrap elementor-element-populated\">\n\t\t\t\t\t\t<div class=\"elementor-element elementor-element-177439f elementor-widget elementor-widget-text-editor\" data-id=\"177439f\" data-element_type=\"widget\" data-e-type=\"widget\" data-widget_type=\"text-editor.default\">\n\t\t\t\t<div class=\"elementor-widget-container\">\n\t\t\t\t\t\t\t\t\t<h3>Sieht f\u00fcr mich aus wie ein Carport!<\/h3>\n<p>Sie m\u00f6chten mehr \u00fcber die M\u00f6glichkeiten erfahren, die Veranda Garden im Bereich Carports bietet? Gerne besuchen wir Ihren Standort und besprechen mit Ihnen die M\u00f6glichkeiten. Kontaktieren Sie uns telefonisch unter 06-36491406 oder geben Sie uns Bescheid \u00fcber<a href=\"https:\/\/verandagarden.nl\/de\/kontakt\/\"> die Post<\/a> hinterlass eine Nachricht.<\/p>\n\t\t\t\t\t\t\t\t<\/div>\n\t\t\t\t<\/div>\n\t\t\t\t\t<\/div>\n\t\t<\/div>\n\t\t\t\t\t<\/div>\n\t\t<\/section>\n\t\t\t\t<\/div>\n\t\t","protected":false},"excerpt":{"rendered":"<p>Bequem und ordentlich! Nie wieder im Regen ein- und aussteigen mit einem Veranda Garden Carport! Parken Sie Ihr Auto bequem. Trocken, aufger\u00e4umt und abgedeckt unter dem neuen Carport. Veranda Garden wird es innerhalb eines Tages in Ihrem Garten oder neben Ihrem Haus platzieren. Auch f\u00fcr Ihr Fahrrad, Boot oder Wohnwagen Sch\u00f6ner, zus\u00e4tzlicher Platz, auch sehr [&hellip;]<\/p>\n","protected":false},"author":4,"featured_media":2355,"parent":0,"menu_order":0,"comment_status":"closed","ping_status":"closed","template":"","meta":{"footnotes":""},"class_list":["post-2402","page","type-page","status-publish","has-post-thumbnail","hentry"],"yoast_head":"<!-- This site is optimized with the Yoast SEO plugin v27.1.1 - https:\/\/yoast.com\/product\/yoast-seo-wordpress\/ -->\n<title>Carport - Veranda &amp; Garden<\/title>\n<meta name=\"robots\" content=\"index, follow, max-snippet:-1, max-image-preview:large, max-video-preview:-1\" \/>\n<link rel=\"canonical\" href=\"https:\/\/verandagarden.nl\/de\/carport\/\" \/>\n<meta property=\"og:locale\" content=\"de_DE\" \/>\n<meta property=\"og:type\" content=\"article\" \/>\n<meta property=\"og:title\" content=\"Carport - Veranda &amp; Garden\" \/>\n<meta property=\"og:description\" content=\"Bequem und ordentlich! Nie wieder im Regen ein- und aussteigen mit einem Veranda Garden Carport! Parken Sie Ihr Auto bequem. Trocken, aufger\u00e4umt und abgedeckt unter dem neuen Carport. Veranda Garden wird es innerhalb eines Tages in Ihrem Garten oder neben Ihrem Haus platzieren. Auch f\u00fcr Ihr Fahrrad, Boot oder Wohnwagen Sch\u00f6ner, zus\u00e4tzlicher Platz, auch sehr [&hellip;]\" \/>\n<meta property=\"og:url\" content=\"https:\/\/verandagarden.nl\/de\/carport\/\" \/>\n<meta property=\"og:site_name\" content=\"Veranda &amp; Garden\" \/>\n<meta property=\"article:publisher\" content=\"https:\/\/www.facebook.com\/vgverandagarden\" \/>\n<meta property=\"article:modified_time\" content=\"2021-10-12T09:45:27+00:00\" \/>\n<meta property=\"og:image\" content=\"https:\/\/verandagarden.nl\/wp-content\/uploads\/2021\/09\/shutterstock_475440925-scaled.jpg\" \/>\n\t<meta property=\"og:image:width\" content=\"2560\" \/>\n\t<meta property=\"og:image:height\" content=\"1707\" \/>\n\t<meta property=\"og:image:type\" content=\"image\/jpeg\" \/>\n<meta name=\"twitter:card\" content=\"summary_large_image\" \/>\n<meta name=\"twitter:label1\" content=\"Gesch\u00e4tzte Lesezeit\" \/>\n\t<meta name=\"twitter:data1\" content=\"1\u00a0Minute\" \/>\n<script type=\"application\/ld+json\" class=\"yoast-schema-graph\">{\"@context\":\"https:\/\/schema.org\",\"@graph\":[{\"@type\":\"WebPage\",\"@id\":\"https:\/\/verandagarden.nl\/de\/carport\/\",\"url\":\"https:\/\/verandagarden.nl\/de\/carport\/\",\"name\":\"Carport - Veranda &amp; Garden\",\"isPartOf\":{\"@id\":\"https:\/\/verandagarden.nl\/de\/#website\"},\"primaryImageOfPage\":{\"@id\":\"https:\/\/verandagarden.nl\/de\/carport\/#primaryimage\"},\"image\":{\"@id\":\"https:\/\/verandagarden.nl\/de\/carport\/#primaryimage\"},\"thumbnailUrl\":\"https:\/\/verandagarden.nl\/wp-content\/uploads\/2021\/09\/shutterstock_1556454215-scaled.jpg\",\"datePublished\":\"2021-10-12T09:37:42+00:00\",\"dateModified\":\"2021-10-12T09:45:27+00:00\",\"breadcrumb\":{\"@id\":\"https:\/\/verandagarden.nl\/de\/carport\/#breadcrumb\"},\"inLanguage\":\"de\",\"potentialAction\":[{\"@type\":\"ReadAction\",\"target\":[\"https:\/\/verandagarden.nl\/de\/carport\/\"]}]},{\"@type\":\"ImageObject\",\"inLanguage\":\"de\",\"@id\":\"https:\/\/verandagarden.nl\/de\/carport\/#primaryimage\",\"url\":\"https:\/\/verandagarden.nl\/wp-content\/uploads\/2021\/09\/shutterstock_1556454215-scaled.jpg\",\"contentUrl\":\"https:\/\/verandagarden.nl\/wp-content\/uploads\/2021\/09\/shutterstock_1556454215-scaled.jpg\",\"width\":2560,\"height\":1707,\"caption\":\"carport veranda overkappingen\"},{\"@type\":\"BreadcrumbList\",\"@id\":\"https:\/\/verandagarden.nl\/de\/carport\/#breadcrumb\",\"itemListElement\":[{\"@type\":\"ListItem\",\"position\":1,\"name\":\"Home\",\"item\":\"https:\/\/verandagarden.nl\/de\/\"},{\"@type\":\"ListItem\",\"position\":2,\"name\":\"Carport\"}]},{\"@type\":\"WebSite\",\"@id\":\"https:\/\/verandagarden.nl\/de\/#website\",\"url\":\"https:\/\/verandagarden.nl\/de\/\",\"name\":\"Veranda & Garden\",\"description\":\"\",\"publisher\":{\"@id\":\"https:\/\/verandagarden.nl\/de\/#organization\"},\"potentialAction\":[{\"@type\":\"SearchAction\",\"target\":{\"@type\":\"EntryPoint\",\"urlTemplate\":\"https:\/\/verandagarden.nl\/de\/?s={search_term_string}\"},\"query-input\":{\"@type\":\"PropertyValueSpecification\",\"valueRequired\":true,\"valueName\":\"search_term_string\"}}],\"inLanguage\":\"de\"},{\"@type\":\"Organization\",\"@id\":\"https:\/\/verandagarden.nl\/de\/#organization\",\"name\":\"Veranda & Garden\",\"url\":\"https:\/\/verandagarden.nl\/de\/\",\"logo\":{\"@type\":\"ImageObject\",\"inLanguage\":\"de\",\"@id\":\"https:\/\/verandagarden.nl\/de\/#\/schema\/logo\/image\/\",\"url\":\"https:\/\/verandagarden.nl\/wp-content\/uploads\/2021\/09\/logo-transparant.png\",\"contentUrl\":\"https:\/\/verandagarden.nl\/wp-content\/uploads\/2021\/09\/logo-transparant.png\",\"width\":1091,\"height\":134,\"caption\":\"Veranda & Garden\"},\"image\":{\"@id\":\"https:\/\/verandagarden.nl\/de\/#\/schema\/logo\/image\/\"},\"sameAs\":[\"https:\/\/www.facebook.com\/vgverandagarden\",\"https:\/\/www.instagram.com\/vgverandagarden\/?hl=nl\"]}]}<\/script>\n<!-- \/ Yoast SEO plugin. -->","yoast_head_json":{"title":"Carport - Veranda &amp; Garden","robots":{"index":"index","follow":"follow","max-snippet":"max-snippet:-1","max-image-preview":"max-image-preview:large","max-video-preview":"max-video-preview:-1"},"canonical":"https:\/\/verandagarden.nl\/de\/carport\/","og_locale":"de_DE","og_type":"article","og_title":"Carport - Veranda &amp; Garden","og_description":"Bequem und ordentlich! Nie wieder im Regen ein- und aussteigen mit einem Veranda Garden Carport! Parken Sie Ihr Auto bequem. Trocken, aufger\u00e4umt und abgedeckt unter dem neuen Carport. Veranda Garden wird es innerhalb eines Tages in Ihrem Garten oder neben Ihrem Haus platzieren. Auch f\u00fcr Ihr Fahrrad, Boot oder Wohnwagen Sch\u00f6ner, zus\u00e4tzlicher Platz, auch sehr [&hellip;]","og_url":"https:\/\/verandagarden.nl\/de\/carport\/","og_site_name":"Veranda &amp; Garden","article_publisher":"https:\/\/www.facebook.com\/vgverandagarden","article_modified_time":"2021-10-12T09:45:27+00:00","og_image":[{"width":2560,"height":1707,"url":"https:\/\/verandagarden.nl\/wp-content\/uploads\/2021\/09\/shutterstock_475440925-scaled.jpg","type":"image\/jpeg"}],"twitter_card":"summary_large_image","twitter_misc":{"Gesch\u00e4tzte Lesezeit":"1\u00a0Minute"},"schema":{"@context":"https:\/\/schema.org","@graph":[{"@type":"WebPage","@id":"https:\/\/verandagarden.nl\/de\/carport\/","url":"https:\/\/verandagarden.nl\/de\/carport\/","name":"Carport - Veranda &amp; Garden","isPartOf":{"@id":"https:\/\/verandagarden.nl\/de\/#website"},"primaryImageOfPage":{"@id":"https:\/\/verandagarden.nl\/de\/carport\/#primaryimage"},"image":{"@id":"https:\/\/verandagarden.nl\/de\/carport\/#primaryimage"},"thumbnailUrl":"https:\/\/verandagarden.nl\/wp-content\/uploads\/2021\/09\/shutterstock_1556454215-scaled.jpg","datePublished":"2021-10-12T09:37:42+00:00","dateModified":"2021-10-12T09:45:27+00:00","breadcrumb":{"@id":"https:\/\/verandagarden.nl\/de\/carport\/#breadcrumb"},"inLanguage":"de","potentialAction":[{"@type":"ReadAction","target":["https:\/\/verandagarden.nl\/de\/carport\/"]}]},{"@type":"ImageObject","inLanguage":"de","@id":"https:\/\/verandagarden.nl\/de\/carport\/#primaryimage","url":"https:\/\/verandagarden.nl\/wp-content\/uploads\/2021\/09\/shutterstock_1556454215-scaled.jpg","contentUrl":"https:\/\/verandagarden.nl\/wp-content\/uploads\/2021\/09\/shutterstock_1556454215-scaled.jpg","width":2560,"height":1707,"caption":"carport veranda overkappingen"},{"@type":"BreadcrumbList","@id":"https:\/\/verandagarden.nl\/de\/carport\/#breadcrumb","itemListElement":[{"@type":"ListItem","position":1,"name":"Home","item":"https:\/\/verandagarden.nl\/de\/"},{"@type":"ListItem","position":2,"name":"Carport"}]},{"@type":"WebSite","@id":"https:\/\/verandagarden.nl\/de\/#website","url":"https:\/\/verandagarden.nl\/de\/","name":"Veranda & Garden","description":"","publisher":{"@id":"https:\/\/verandagarden.nl\/de\/#organization"},"potentialAction":[{"@type":"SearchAction","target":{"@type":"EntryPoint","urlTemplate":"https:\/\/verandagarden.nl\/de\/?s={search_term_string}"},"query-input":{"@type":"PropertyValueSpecification","valueRequired":true,"valueName":"search_term_string"}}],"inLanguage":"de"},{"@type":"Organization","@id":"https:\/\/verandagarden.nl\/de\/#organization","name":"Veranda & Garden","url":"https:\/\/verandagarden.nl\/de\/","logo":{"@type":"ImageObject","inLanguage":"de","@id":"https:\/\/verandagarden.nl\/de\/#\/schema\/logo\/image\/","url":"https:\/\/verandagarden.nl\/wp-content\/uploads\/2021\/09\/logo-transparant.png","contentUrl":"https:\/\/verandagarden.nl\/wp-content\/uploads\/2021\/09\/logo-transparant.png","width":1091,"height":134,"caption":"Veranda & Garden"},"image":{"@id":"https:\/\/verandagarden.nl\/de\/#\/schema\/logo\/image\/"},"sameAs":["https:\/\/www.facebook.com\/vgverandagarden","https:\/\/www.instagram.com\/vgverandagarden\/?hl=nl"]}]}},"_links":{"self":[{"href":"https:\/\/verandagarden.nl\/de\/wp-json\/wp\/v2\/pages\/2402","targetHints":{"allow":["GET"]}}],"collection":[{"href":"https:\/\/verandagarden.nl\/de\/wp-json\/wp\/v2\/pages"}],"about":[{"href":"https:\/\/verandagarden.nl\/de\/wp-json\/wp\/v2\/types\/page"}],"author":[{"embeddable":true,"href":"https:\/\/verandagarden.nl\/de\/wp-json\/wp\/v2\/users\/4"}],"replies":[{"embeddable":true,"href":"https:\/\/verandagarden.nl\/de\/wp-json\/wp\/v2\/comments?post=2402"}],"version-history":[{"count":0,"href":"https:\/\/verandagarden.nl\/de\/wp-json\/wp\/v2\/pages\/2402\/revisions"}],"wp:featuredmedia":[{"embeddable":true,"href":"https:\/\/verandagarden.nl\/de\/wp-json\/wp\/v2\/media\/2355"}],"wp:attachment":[{"href":"https:\/\/verandagarden.nl\/de\/wp-json\/wp\/v2\/media?parent=2402"}],"curies":[{"name":"wp","href":"https:\/\/api.w.org\/{rel}","templated":true}]}}