{"id":2416,"date":"2021-10-12T10:09:35","date_gmt":"2021-10-12T10:09:35","guid":{"rendered":"https:\/\/veranda.templ8.nl\/datenschutz-bestimmungen\/"},"modified":"2021-10-12T10:09:35","modified_gmt":"2021-10-12T10:09:35","slug":"datenschutz-bestimmungen","status":"publish","type":"page","link":"https:\/\/verandagarden.nl\/de\/datenschutz-bestimmungen\/","title":{"rendered":"Datenschutz-Bestimmungen"},"content":{"rendered":"<p>Dies ist die Datenschutzerkl\u00e4rung von: Veranda &amp; Garden. Handelsregisternummer: 77851552. Bei Fragen oder Kontakt k\u00f6nnen Sie eine E-Mail senden<a href=\"mailto:info@verandagarden.nl\"> info@verandagarden.nl<\/a> .<\/p>\n<h2>Welche personenbezogenen Daten wir erheben und warum wir sie erheben<\/h2>\n<h3>Bemerkungen<\/h3>\n<p>Wenn Besucher Kommentare auf der Website hinterlassen, erfassen wir die im Kommentarformular angezeigten Informationen, die IP-Adresse des Besuchers und den Browser-Benutzeragenten, um die Spam-Erkennung zu unterst\u00fctzen.<\/p>\n<p>Ein aus Ihrer E-Mail-Adresse erstellter anonymisierter String (auch Hash genannt) kann an den Gravatar-Dienst gesendet werden, wenn Sie diesen verwenden. Die Seite zum Datenschutz finden Sie hier: https:\/\/automattic.com\/privacy\/. Nachdem Ihr Kommentar freigegeben wurde, wird Ihr Profilbild im Kontext Ihres Kommentars \u00f6ffentlich sichtbar.<\/p>\n<h3>Medien<\/h3>\n<p>Wenn Sie ein registrierter Benutzer sind und Bilder auf die Site hochladen, sollten Sie das Hochladen von Bildern mit EXIF-GPS-Standortdaten vermeiden. Besucher der Site k\u00f6nnen die Bilder von der Site herunterladen und die Standortdaten anzeigen.<\/p>\n<h3>Kontaktformulare<\/h3>\n<p>Die pers\u00f6nlichen Kontaktdaten werden beim Ausf\u00fcllen des Kontaktformulars erfasst. Diese Daten werden in unserem Postfach gespeichert. Die pers\u00f6nlichen Kontaktdaten werden zur Leistungserbringung gespeichert. Die gespeicherten Kontaktdaten werden nicht f\u00fcr Marketingzwecke verwendet.<\/p>\n<h3>Kekse<\/h3>\n<p>Wenn Sie einen Kommentar auf unserer Seite hinterlassen, k\u00f6nnen Sie angeben, ob Ihr Name, Ihre E-Mail-Adresse und Ihre Seite in einem Cookie gespeichert werden d\u00fcrfen. Wir tun dies zu Ihrer Bequemlichkeit, damit Sie diese Informationen f\u00fcr eine neue Antwort nicht erneut eingeben m\u00fcssen. Diese Cookies sind ein Jahr g\u00fcltig.<\/p>\n<p>Wenn Sie unsere Login-Seite besuchen, speichern wir ein tempor\u00e4res Cookie, um zu \u00fcberpr\u00fcfen, ob Ihr Browser Cookies akzeptiert. Dieses Cookie enth\u00e4lt keine personenbezogenen Daten und wird gel\u00f6scht, sobald Sie Ihren Browser schlie\u00dfen.<\/p>\n<p>Sobald Sie sich angemeldet haben, speichern wir einige Cookies in Verbindung mit Ihren Anmeldeinformationen und Bildschirmanzeigeoptionen. Login-Cookies sind 2 Tage g\u00fcltig und Cookies f\u00fcr Bildschirmanzeigeoptionen sind 1 Jahr g\u00fcltig. Wenn Sie \u201eRemember Me\u201c ausw\u00e4hlen, wird Ihr Login f\u00fcr 2 Wochen gespeichert. Sobald Sie sich von Ihrem Konto abmelden, werden Anmelde-Cookies entfernt.<\/p>\n<p>Wenn Sie eine Nachricht bearbeiten oder ver\u00f6ffentlichen, wird ein zus\u00e4tzlicher Cookie von Ihrem Browser gespeichert. Dieses Cookie enth\u00e4lt keine personenbezogenen Daten und enth\u00e4lt nur die Post-ID des von Ihnen bearbeiteten Artikels. Dieses Cookie verf\u00e4llt nach einem Tag.<\/p>\n<h3>Eingebettete Inhalte von anderen Websites<\/h3>\n<p>Nachrichten auf dieser Website k\u00f6nnen eingebettete (eingebettete) Inhalte enthalten (z. B. Videos, Bilder, Nachrichten usw.). Eingebettete Inhalte von anderen Sites verhalten sich genauso, als ob der Besucher diese andere Site besucht h\u00e4tte.<\/p>\n<p>Diese Websites k\u00f6nnen Daten \u00fcber Sie sammeln, Cookies verwenden, zus\u00e4tzliches Tracking von Drittanbietern einbetten und Ihre Interaktion mit diesem eingebetteten Inhalt \u00fcberwachen, einschlie\u00dflich der Aufzeichnung Ihrer Interaktion mit dem eingebetteten Inhalt, wenn Sie ein Konto haben und auf dieser Website angemeldet sind.<\/p>\n<h3>Sicherheitsprotokolle<\/h3>\n<p>Die IP-Adresse von Besuchern, die Benutzer-ID der angemeldeten Benutzer und der Benutzername von Anmeldeversuchen werden bedingt aufgezeichnet, um auf b\u00f6swillige Aktivit\u00e4ten zu \u00fcberwachen und die Website vor bestimmten Arten von Angriffen zu sch\u00fctzen. Beispiele f\u00fcr Anmeldebedingungen sind Anmeldeversuche, Abmeldeanfragen, Anfragen nach verd\u00e4chtigen URLs, \u00c4nderungen des Site-Inhalts und Passwort-Updates. Diese Informationen werden 60 Tage lang aufbewahrt.<\/p>\n<h3>Analytik<\/h3>\n<p>Wir versuchen, die Erfahrung, die Sie mit unserer Website machen, so gut und optimal wie m\u00f6glich zu gestalten. Dies ist nur m\u00f6glich, wenn wir wissen, was unsere Besucher auf der Website tun. Und dabei mehr von dem zu posten, was gef\u00e4llt und weniger von dem, was nicht gemocht wird.<\/p>\n<p dir=\"ltr\">Zweck: Durch Google Analytics erfahren wir, wie Sie auf die Website gelangt sind und wie Sie die Website nutzen. Wir verwenden diese Statistiken, um die Website fortlaufend zu verbessern, damit Sie das bestm\u00f6gliche Erlebnis auf unserer Website haben. Dieses Cookie stammt von Google und wird maximal 26 Monate gespeichert.<\/p>\n<p dir=\"ltr\">Mehr Informationen:<a href=\"http:\/\/www.google.com\/policies\/privacy\/\" target=\"_blank\" rel=\"noopener noreferrer\"> http:\/\/www.google.com\/policies\/privacy\/<\/a><\/p>\n<h2>Mit wem wir Ihre Daten teilen<\/h2>\n<p>Um die von Ihnen angeforderten Informationen zug\u00e4nglich zu machen, arbeiten wir mit Dritten zusammen. Denken Sie an einen Website-Administrator, einen Hoster, eine automatische Telefonverbindung, ein Newsletter-System und eine Verwaltungssoftware. Mit allen Beteiligten wurde ein sogenannter Prozessorvertrag abgeschlossen. Diese Vereinbarung garantiert unter anderem die Sicherheit und die rechtzeitige L\u00f6schung Ihrer personenbezogenen Daten.<\/p>\n<h2>Wie lange wir Ihre Daten aufbewahren<\/h2>\n<p>Wenn Sie einen Kommentar hinterlassen, werden dieser Kommentar und die Metadaten dieses Kommentars f\u00fcr immer gespeichert. Auf diese Weise k\u00f6nnen wir Folgekommentare automatisch erkennen und freigeben, anstatt sie zu moderieren.<\/p>\n<p>F\u00fcr Benutzer, die sich auf unserer Seite registrieren (falls vorhanden), speichern wir auch die personenbezogenen Daten, die sie in ihrem Benutzerprofil angeben. Alle Benutzer k\u00f6nnen ihre pers\u00f6nlichen Daten jederzeit anzeigen, bearbeiten oder l\u00f6schen (au\u00dfer sie k\u00f6nnen ihren Benutzernamen nicht \u00e4ndern). Site-Administratoren k\u00f6nnen diese Informationen auch anzeigen und bearbeiten.<\/p>\n<p>Sicherheitsprotokolle werden 60 Tage lang aufbewahrt.<\/p>\n<h2>Welche Rechte Sie an Ihren Daten haben<\/h2>\n<p>Wenn Sie ein Konto auf dieser Website haben oder Kommentare hinterlassen haben, k\u00f6nnen Sie eine exportierte Datei der von uns \u00fcber Sie gespeicherten personenbezogenen Daten anfordern, einschlie\u00dflich aller Informationen, die Sie uns zur Verf\u00fcgung gestellt haben. Sie k\u00f6nnen auch verlangen, dass wir alle personenbezogenen Daten, die wir \u00fcber Sie gespeichert haben, l\u00f6schen. Davon ausgenommen sind Daten, die wir aus administrativen, rechtlichen oder Sicherheitsgr\u00fcnden aufbewahren m\u00fcssen.<\/p>\n<h2>Wohin wir Ihre Daten senden<\/h2>\n<p>Diese Site wird vom iThemes Site-Scanner auf potenzielle Malware und Schwachstellen gescannt. Wir senden keine personenbezogenen Daten an den Scanner; Der Scanner kann jedoch w\u00e4hrend des Scans personenbezogene Informationen finden, die \u00f6ffentlich (z. B. in Kommentaren) ver\u00f6ffentlicht wurden.<\/p>\n<h2>Zus\u00e4tzliche Information<\/h2>\n<h3>Wie wir Ihre Daten sch\u00fctzen<\/h3>\n<p>Ihre pers\u00f6nlichen Daten sind sicher. Die anvertrauten Daten werden durch technische und administrative Sicherheitsma\u00dfnahmen gesch\u00fctzt, um das Risiko von Verlust, Missbrauch, unbefugtem Zugriff, Offenlegung und \u00c4nderung zu minimieren. Denken Sie an Firewalls, Verschl\u00fcsselung von Daten, sichere Verbindungen und physische und administrative Zugriffskontrollen auf die Daten und Server.<\/p>\n","protected":false},"excerpt":{"rendered":"<p>Dies ist die Datenschutzerkl\u00e4rung von: Veranda &amp; Garden. Handelsregisternummer: 77851552. Bei Fragen oder Kontakt k\u00f6nnen Sie eine E-Mail senden info@verandagarden.nl . Welche personenbezogenen Daten wir erheben und warum wir sie erheben Bemerkungen Wenn Besucher Kommentare auf der Website hinterlassen, erfassen wir die im Kommentarformular angezeigten Informationen, die IP-Adresse des Besuchers und den Browser-Benutzeragenten, um die [&hellip;]<\/p>\n","protected":false},"author":4,"featured_media":2346,"parent":0,"menu_order":0,"comment_status":"closed","ping_status":"closed","template":"","meta":{"footnotes":""},"class_list":["post-2416","page","type-page","status-publish","has-post-thumbnail","hentry"],"yoast_head":"<!-- This site is optimized with the Yoast SEO plugin v27.1.1 - https:\/\/yoast.com\/product\/yoast-seo-wordpress\/ -->\n<title>Datenschutz-Bestimmungen - Veranda &amp; Garden<\/title>\n<meta name=\"robots\" content=\"noindex, follow\" \/>\n<meta property=\"og:locale\" content=\"de_DE\" \/>\n<meta property=\"og:type\" content=\"article\" \/>\n<meta property=\"og:title\" content=\"Datenschutz-Bestimmungen - Veranda &amp; Garden\" \/>\n<meta property=\"og:description\" content=\"Dies ist die Datenschutzerkl\u00e4rung von: Veranda &amp; Garden. Handelsregisternummer: 77851552. Bei Fragen oder Kontakt k\u00f6nnen Sie eine E-Mail senden info@verandagarden.nl . Welche personenbezogenen Daten wir erheben und warum wir sie erheben Bemerkungen Wenn Besucher Kommentare auf der Website hinterlassen, erfassen wir die im Kommentarformular angezeigten Informationen, die IP-Adresse des Besuchers und den Browser-Benutzeragenten, um die [&hellip;]\" \/>\n<meta property=\"og:url\" content=\"https:\/\/verandagarden.nl\/de\/datenschutz-bestimmungen\/\" \/>\n<meta property=\"og:site_name\" content=\"Veranda &amp; Garden\" \/>\n<meta property=\"article:publisher\" content=\"https:\/\/www.facebook.com\/vgverandagarden\" \/>\n<meta property=\"og:image\" content=\"https:\/\/verandagarden.nl\/wp-content\/uploads\/2021\/09\/shutterstock_475440925-scaled.jpg\" \/>\n\t<meta property=\"og:image:width\" content=\"2560\" \/>\n\t<meta property=\"og:image:height\" content=\"1707\" \/>\n\t<meta property=\"og:image:type\" content=\"image\/jpeg\" \/>\n<meta name=\"twitter:card\" content=\"summary_large_image\" \/>\n<meta name=\"twitter:label1\" content=\"Gesch\u00e4tzte Lesezeit\" \/>\n\t<meta name=\"twitter:data1\" content=\"5\u00a0Minuten\" \/>\n<script type=\"application\/ld+json\" class=\"yoast-schema-graph\">{\"@context\":\"https:\/\/schema.org\",\"@graph\":[{\"@type\":\"WebPage\",\"@id\":\"https:\/\/verandagarden.nl\/de\/datenschutz-bestimmungen\/\",\"url\":\"https:\/\/verandagarden.nl\/de\/datenschutz-bestimmungen\/\",\"name\":\"Datenschutz-Bestimmungen - Veranda &amp; Garden\",\"isPartOf\":{\"@id\":\"https:\/\/verandagarden.nl\/de\/#website\"},\"primaryImageOfPage\":{\"@id\":\"https:\/\/verandagarden.nl\/de\/datenschutz-bestimmungen\/#primaryimage\"},\"image\":{\"@id\":\"https:\/\/verandagarden.nl\/de\/datenschutz-bestimmungen\/#primaryimage\"},\"thumbnailUrl\":\"https:\/\/verandagarden.nl\/wp-content\/uploads\/2021\/09\/shutterstock_475440925-scaled.jpg\",\"datePublished\":\"2021-10-12T10:09:35+00:00\",\"breadcrumb\":{\"@id\":\"https:\/\/verandagarden.nl\/de\/datenschutz-bestimmungen\/#breadcrumb\"},\"inLanguage\":\"de\",\"potentialAction\":[{\"@type\":\"ReadAction\",\"target\":[\"https:\/\/verandagarden.nl\/de\/datenschutz-bestimmungen\/\"]}]},{\"@type\":\"ImageObject\",\"inLanguage\":\"de\",\"@id\":\"https:\/\/verandagarden.nl\/de\/datenschutz-bestimmungen\/#primaryimage\",\"url\":\"https:\/\/verandagarden.nl\/wp-content\/uploads\/2021\/09\/shutterstock_475440925-scaled.jpg\",\"contentUrl\":\"https:\/\/verandagarden.nl\/wp-content\/uploads\/2021\/09\/shutterstock_475440925-scaled.jpg\",\"width\":2560,\"height\":1707},{\"@type\":\"BreadcrumbList\",\"@id\":\"https:\/\/verandagarden.nl\/de\/datenschutz-bestimmungen\/#breadcrumb\",\"itemListElement\":[{\"@type\":\"ListItem\",\"position\":1,\"name\":\"Home\",\"item\":\"https:\/\/verandagarden.nl\/de\/\"},{\"@type\":\"ListItem\",\"position\":2,\"name\":\"Datenschutz-Bestimmungen\"}]},{\"@type\":\"WebSite\",\"@id\":\"https:\/\/verandagarden.nl\/de\/#website\",\"url\":\"https:\/\/verandagarden.nl\/de\/\",\"name\":\"Veranda & Garden\",\"description\":\"\",\"publisher\":{\"@id\":\"https:\/\/verandagarden.nl\/de\/#organization\"},\"potentialAction\":[{\"@type\":\"SearchAction\",\"target\":{\"@type\":\"EntryPoint\",\"urlTemplate\":\"https:\/\/verandagarden.nl\/de\/?s={search_term_string}\"},\"query-input\":{\"@type\":\"PropertyValueSpecification\",\"valueRequired\":true,\"valueName\":\"search_term_string\"}}],\"inLanguage\":\"de\"},{\"@type\":\"Organization\",\"@id\":\"https:\/\/verandagarden.nl\/de\/#organization\",\"name\":\"Veranda & Garden\",\"url\":\"https:\/\/verandagarden.nl\/de\/\",\"logo\":{\"@type\":\"ImageObject\",\"inLanguage\":\"de\",\"@id\":\"https:\/\/verandagarden.nl\/de\/#\/schema\/logo\/image\/\",\"url\":\"https:\/\/verandagarden.nl\/wp-content\/uploads\/2021\/09\/logo-transparant.png\",\"contentUrl\":\"https:\/\/verandagarden.nl\/wp-content\/uploads\/2021\/09\/logo-transparant.png\",\"width\":1091,\"height\":134,\"caption\":\"Veranda & Garden\"},\"image\":{\"@id\":\"https:\/\/verandagarden.nl\/de\/#\/schema\/logo\/image\/\"},\"sameAs\":[\"https:\/\/www.facebook.com\/vgverandagarden\",\"https:\/\/www.instagram.com\/vgverandagarden\/?hl=nl\"]}]}<\/script>\n<!-- \/ Yoast SEO plugin. -->","yoast_head_json":{"title":"Datenschutz-Bestimmungen - Veranda &amp; Garden","robots":{"index":"noindex","follow":"follow"},"og_locale":"de_DE","og_type":"article","og_title":"Datenschutz-Bestimmungen - Veranda &amp; Garden","og_description":"Dies ist die Datenschutzerkl\u00e4rung von: Veranda &amp; Garden. Handelsregisternummer: 77851552. Bei Fragen oder Kontakt k\u00f6nnen Sie eine E-Mail senden info@verandagarden.nl . Welche personenbezogenen Daten wir erheben und warum wir sie erheben Bemerkungen Wenn Besucher Kommentare auf der Website hinterlassen, erfassen wir die im Kommentarformular angezeigten Informationen, die IP-Adresse des Besuchers und den Browser-Benutzeragenten, um die [&hellip;]","og_url":"https:\/\/verandagarden.nl\/de\/datenschutz-bestimmungen\/","og_site_name":"Veranda &amp; Garden","article_publisher":"https:\/\/www.facebook.com\/vgverandagarden","og_image":[{"width":2560,"height":1707,"url":"https:\/\/verandagarden.nl\/wp-content\/uploads\/2021\/09\/shutterstock_475440925-scaled.jpg","type":"image\/jpeg"}],"twitter_card":"summary_large_image","twitter_misc":{"Gesch\u00e4tzte Lesezeit":"5\u00a0Minuten"},"schema":{"@context":"https:\/\/schema.org","@graph":[{"@type":"WebPage","@id":"https:\/\/verandagarden.nl\/de\/datenschutz-bestimmungen\/","url":"https:\/\/verandagarden.nl\/de\/datenschutz-bestimmungen\/","name":"Datenschutz-Bestimmungen - Veranda &amp; Garden","isPartOf":{"@id":"https:\/\/verandagarden.nl\/de\/#website"},"primaryImageOfPage":{"@id":"https:\/\/verandagarden.nl\/de\/datenschutz-bestimmungen\/#primaryimage"},"image":{"@id":"https:\/\/verandagarden.nl\/de\/datenschutz-bestimmungen\/#primaryimage"},"thumbnailUrl":"https:\/\/verandagarden.nl\/wp-content\/uploads\/2021\/09\/shutterstock_475440925-scaled.jpg","datePublished":"2021-10-12T10:09:35+00:00","breadcrumb":{"@id":"https:\/\/verandagarden.nl\/de\/datenschutz-bestimmungen\/#breadcrumb"},"inLanguage":"de","potentialAction":[{"@type":"ReadAction","target":["https:\/\/verandagarden.nl\/de\/datenschutz-bestimmungen\/"]}]},{"@type":"ImageObject","inLanguage":"de","@id":"https:\/\/verandagarden.nl\/de\/datenschutz-bestimmungen\/#primaryimage","url":"https:\/\/verandagarden.nl\/wp-content\/uploads\/2021\/09\/shutterstock_475440925-scaled.jpg","contentUrl":"https:\/\/verandagarden.nl\/wp-content\/uploads\/2021\/09\/shutterstock_475440925-scaled.jpg","width":2560,"height":1707},{"@type":"BreadcrumbList","@id":"https:\/\/verandagarden.nl\/de\/datenschutz-bestimmungen\/#breadcrumb","itemListElement":[{"@type":"ListItem","position":1,"name":"Home","item":"https:\/\/verandagarden.nl\/de\/"},{"@type":"ListItem","position":2,"name":"Datenschutz-Bestimmungen"}]},{"@type":"WebSite","@id":"https:\/\/verandagarden.nl\/de\/#website","url":"https:\/\/verandagarden.nl\/de\/","name":"Veranda & Garden","description":"","publisher":{"@id":"https:\/\/verandagarden.nl\/de\/#organization"},"potentialAction":[{"@type":"SearchAction","target":{"@type":"EntryPoint","urlTemplate":"https:\/\/verandagarden.nl\/de\/?s={search_term_string}"},"query-input":{"@type":"PropertyValueSpecification","valueRequired":true,"valueName":"search_term_string"}}],"inLanguage":"de"},{"@type":"Organization","@id":"https:\/\/verandagarden.nl\/de\/#organization","name":"Veranda & Garden","url":"https:\/\/verandagarden.nl\/de\/","logo":{"@type":"ImageObject","inLanguage":"de","@id":"https:\/\/verandagarden.nl\/de\/#\/schema\/logo\/image\/","url":"https:\/\/verandagarden.nl\/wp-content\/uploads\/2021\/09\/logo-transparant.png","contentUrl":"https:\/\/verandagarden.nl\/wp-content\/uploads\/2021\/09\/logo-transparant.png","width":1091,"height":134,"caption":"Veranda & Garden"},"image":{"@id":"https:\/\/verandagarden.nl\/de\/#\/schema\/logo\/image\/"},"sameAs":["https:\/\/www.facebook.com\/vgverandagarden","https:\/\/www.instagram.com\/vgverandagarden\/?hl=nl"]}]}},"_links":{"self":[{"href":"https:\/\/verandagarden.nl\/de\/wp-json\/wp\/v2\/pages\/2416","targetHints":{"allow":["GET"]}}],"collection":[{"href":"https:\/\/verandagarden.nl\/de\/wp-json\/wp\/v2\/pages"}],"about":[{"href":"https:\/\/verandagarden.nl\/de\/wp-json\/wp\/v2\/types\/page"}],"author":[{"embeddable":true,"href":"https:\/\/verandagarden.nl\/de\/wp-json\/wp\/v2\/users\/4"}],"replies":[{"embeddable":true,"href":"https:\/\/verandagarden.nl\/de\/wp-json\/wp\/v2\/comments?post=2416"}],"version-history":[{"count":0,"href":"https:\/\/verandagarden.nl\/de\/wp-json\/wp\/v2\/pages\/2416\/revisions"}],"wp:featuredmedia":[{"embeddable":true,"href":"https:\/\/verandagarden.nl\/de\/wp-json\/wp\/v2\/media\/2346"}],"wp:attachment":[{"href":"https:\/\/verandagarden.nl\/de\/wp-json\/wp\/v2\/media?parent=2416"}],"curies":[{"name":"wp","href":"https:\/\/api.w.org\/{rel}","templated":true}]}}