{"id":2442,"date":"2021-10-12T11:18:27","date_gmt":"2021-10-12T11:18:27","guid":{"rendered":"https:\/\/veranda.templ8.nl\/nos-services\/"},"modified":"2021-10-12T11:20:15","modified_gmt":"2021-10-12T11:20:15","slug":"nos-services","status":"publish","type":"page","link":"https:\/\/verandagarden.nl\/fr\/nos-services\/","title":{"rendered":"Nos services"},"content":{"rendered":"\t\t<div data-elementor-type=\"wp-page\" data-elementor-id=\"2442\" class=\"elementor elementor-2442 elementor-2076\" data-elementor-post-type=\"page\">\n\t\t\t\t\t\t<section class=\"elementor-section elementor-top-section elementor-element elementor-element-4815e8fd elementor-section-boxed elementor-section-height-default elementor-section-height-default\" data-id=\"4815e8fd\" data-element_type=\"section\" data-e-type=\"section\">\n\t\t\t\t\t\t<div class=\"elementor-container elementor-column-gap-default\">\n\t\t\t\t\t<div class=\"elementor-column elementor-col-100 elementor-top-column elementor-element elementor-element-50b2ee55\" data-id=\"50b2ee55\" data-element_type=\"column\" data-e-type=\"column\">\n\t\t\t<div class=\"elementor-widget-wrap elementor-element-populated\">\n\t\t\t\t\t\t<div class=\"elementor-element elementor-element-240323bc elementor-widget elementor-widget-text-editor\" data-id=\"240323bc\" data-element_type=\"widget\" data-e-type=\"widget\" data-widget_type=\"text-editor.default\">\n\t\t\t\t<div class=\"elementor-widget-container\">\n\t\t\t\t\t\t\t\t\t<h3>Plus de confort de vie en une seule journ\u00e9e !<\/h3>\n<p>Ta maison? C&#8217;est l&#8217;endroit o\u00f9 vous pouvez vous d\u00e9tendre! Un endroit agr\u00e9able o\u00f9 vous pourrez profiter de vos moments libres et passer du temps avec votre famille et vos amis. Un bel environnement contribue au confort de vie. Vous pouvez r\u00e9aliser beaucoup de choses avec un beau design. Mais que diriez-vous de cr\u00e9er un espace suppl\u00e9mentaire ? Veranda Garden l&#8217;a bien compris. Vous pouvez augmenter votre confort de vie avec de petits ajustements. En une seule journ\u00e9e, Veranda Garden construira votre nouveau :<\/p>\n\t\t\t\t\t\t\t\t<\/div>\n\t\t\t\t<\/div>\n\t\t\t\t\t<\/div>\n\t\t<\/div>\n\t\t\t\t\t<\/div>\n\t\t<\/section>\n\t\t\t\t<section class=\"elementor-section elementor-top-section elementor-element elementor-element-85ce3a1 elementor-section-boxed elementor-section-height-default elementor-section-height-default\" data-id=\"85ce3a1\" data-element_type=\"section\" data-e-type=\"section\">\n\t\t\t\t\t\t<div class=\"elementor-container elementor-column-gap-default\">\n\t\t\t\t\t<div class=\"elementor-column elementor-col-100 elementor-top-column elementor-element elementor-element-12ca5d6\" data-id=\"12ca5d6\" data-element_type=\"column\" data-e-type=\"column\">\n\t\t\t<div class=\"elementor-widget-wrap elementor-element-populated\">\n\t\t\t\t\t\t<div class=\"elementor-element elementor-element-5fe00da elementor-icon-list--layout-traditional elementor-list-item-link-full_width elementor-invisible elementor-widget elementor-widget-icon-list\" data-id=\"5fe00da\" data-element_type=\"widget\" data-e-type=\"widget\" data-settings=\"{&quot;_animation&quot;:&quot;fadeInRight&quot;}\" data-widget_type=\"icon-list.default\">\n\t\t\t\t<div class=\"elementor-widget-container\">\n\t\t\t\t\t\t\t<ul class=\"elementor-icon-list-items\">\n\t\t\t\t\t\t\t<li class=\"elementor-icon-list-item\">\n\t\t\t\t\t\t\t\t\t\t\t<span class=\"elementor-icon-list-icon\">\n\t\t\t\t\t\t\t<i aria-hidden=\"true\" class=\"fas fa-chevron-right\"><\/i>\t\t\t\t\t\t<\/span>\n\t\t\t\t\t\t\t\t\t\t<span class=\"elementor-icon-list-text\">extension ou couverture de terrasse (d\u00e9tach\u00e9e)<\/span>\n\t\t\t\t\t\t\t\t\t<\/li>\n\t\t\t\t\t\t\t\t<li class=\"elementor-icon-list-item\">\n\t\t\t\t\t\t\t\t\t\t\t<span class=\"elementor-icon-list-icon\">\n\t\t\t\t\t\t\t<i aria-hidden=\"true\" class=\"fas fa-chevron-right\"><\/i>\t\t\t\t\t\t<\/span>\n\t\t\t\t\t\t\t\t\t\t<span class=\"elementor-icon-list-text\">abri voiture<\/span>\n\t\t\t\t\t\t\t\t\t<\/li>\n\t\t\t\t\t\t\t\t<li class=\"elementor-icon-list-item\">\n\t\t\t\t\t\t\t\t\t\t\t<span class=\"elementor-icon-list-icon\">\n\t\t\t\t\t\t\t<i aria-hidden=\"true\" class=\"fas fa-chevron-right\"><\/i>\t\t\t\t\t\t<\/span>\n\t\t\t\t\t\t\t\t\t\t<span class=\"elementor-icon-list-text\">porte coulissante ou porte coulissante<\/span>\n\t\t\t\t\t\t\t\t\t<\/li>\n\t\t\t\t\t\t\t\t<li class=\"elementor-icon-list-item\">\n\t\t\t\t\t\t\t\t\t\t\t<span class=\"elementor-icon-list-icon\">\n\t\t\t\t\t\t\t<i aria-hidden=\"true\" class=\"fas fa-chevron-right\"><\/i>\t\t\t\t\t\t<\/span>\n\t\t\t\t\t\t\t\t\t\t<span class=\"elementor-icon-list-text\">parois de verre coulissantes<\/span>\n\t\t\t\t\t\t\t\t\t<\/li>\n\t\t\t\t\t\t<\/ul>\n\t\t\t\t\t\t<\/div>\n\t\t\t\t<\/div>\n\t\t\t\t\t<\/div>\n\t\t<\/div>\n\t\t\t\t\t<\/div>\n\t\t<\/section>\n\t\t\t\t<section class=\"elementor-section elementor-top-section elementor-element elementor-element-147be95 elementor-section-boxed elementor-section-height-default elementor-section-height-default\" data-id=\"147be95\" data-element_type=\"section\" data-e-type=\"section\">\n\t\t\t\t\t\t<div class=\"elementor-container elementor-column-gap-default\">\n\t\t\t\t\t<div class=\"elementor-column elementor-col-100 elementor-top-column elementor-element elementor-element-93068a6\" data-id=\"93068a6\" data-element_type=\"column\" data-e-type=\"column\">\n\t\t\t<div class=\"elementor-widget-wrap elementor-element-populated\">\n\t\t\t\t\t\t<div class=\"elementor-element elementor-element-f2dbd4e elementor-widget elementor-widget-text-editor\" data-id=\"f2dbd4e\" data-element_type=\"widget\" data-e-type=\"widget\" data-widget_type=\"text-editor.default\">\n\t\t\t\t<div class=\"elementor-widget-container\">\n\t\t\t\t\t\t\t\t\t<p>En plus de la construction d&#8217;une large gamme d&#8217;extensions architecturales, nous proposons \u00e9galement des constructions de jardins suppl\u00e9mentaires, des dallages ornementaux et divers syst\u00e8mes dans le domaine des volets roulants et de la protection solaire.<\/p>\n\t\t\t\t\t\t\t\t<\/div>\n\t\t\t\t<\/div>\n\t\t\t\t\t<\/div>\n\t\t<\/div>\n\t\t\t\t\t<\/div>\n\t\t<\/section>\n\t\t\t\t<\/div>\n\t\t","protected":false},"excerpt":{"rendered":"<p>Plus de confort de vie en une seule journ\u00e9e ! Ta maison? C&#8217;est l&#8217;endroit o\u00f9 vous pouvez vous d\u00e9tendre! Un endroit agr\u00e9able o\u00f9 vous pourrez profiter de vos moments libres et passer du temps avec votre famille et vos amis. Un bel environnement contribue au confort de vie. Vous pouvez r\u00e9aliser beaucoup de choses avec [&hellip;]<\/p>\n","protected":false},"author":4,"featured_media":2321,"parent":0,"menu_order":0,"comment_status":"closed","ping_status":"closed","template":"","meta":{"footnotes":""},"class_list":["post-2442","page","type-page","status-publish","has-post-thumbnail","hentry"],"yoast_head":"<!-- This site is optimized with the Yoast SEO plugin v27.1.1 - https:\/\/yoast.com\/product\/yoast-seo-wordpress\/ -->\n<title>Nos services - Veranda &amp; Garden<\/title>\n<meta name=\"robots\" content=\"index, follow, max-snippet:-1, max-image-preview:large, max-video-preview:-1\" \/>\n<link rel=\"canonical\" href=\"https:\/\/verandagarden.nl\/fr\/nos-services\/\" \/>\n<meta property=\"og:locale\" content=\"fr_FR\" \/>\n<meta property=\"og:type\" content=\"article\" \/>\n<meta property=\"og:title\" content=\"Nos services - Veranda &amp; Garden\" \/>\n<meta property=\"og:description\" content=\"Plus de confort de vie en une seule journ\u00e9e ! Ta maison? C&#8217;est l&#8217;endroit o\u00f9 vous pouvez vous d\u00e9tendre! Un endroit agr\u00e9able o\u00f9 vous pourrez profiter de vos moments libres et passer du temps avec votre famille et vos amis. Un bel environnement contribue au confort de vie. Vous pouvez r\u00e9aliser beaucoup de choses avec [&hellip;]\" \/>\n<meta property=\"og:url\" content=\"https:\/\/verandagarden.nl\/fr\/nos-services\/\" \/>\n<meta property=\"og:site_name\" content=\"Veranda &amp; Garden\" \/>\n<meta property=\"article:publisher\" content=\"https:\/\/www.facebook.com\/vgverandagarden\" \/>\n<meta property=\"article:modified_time\" content=\"2021-10-12T11:20:15+00:00\" \/>\n<meta property=\"og:image\" content=\"https:\/\/verandagarden.nl\/wp-content\/uploads\/2021\/09\/shutterstock_475440925-scaled.jpg\" \/>\n\t<meta property=\"og:image:width\" content=\"2560\" \/>\n\t<meta property=\"og:image:height\" content=\"1707\" \/>\n\t<meta property=\"og:image:type\" content=\"image\/jpeg\" \/>\n<meta name=\"twitter:card\" content=\"summary_large_image\" \/>\n<meta name=\"twitter:label1\" content=\"Dur\u00e9e de lecture estim\u00e9e\" \/>\n\t<meta name=\"twitter:data1\" content=\"1 minute\" \/>\n<script type=\"application\/ld+json\" class=\"yoast-schema-graph\">{\"@context\":\"https:\/\/schema.org\",\"@graph\":[{\"@type\":\"WebPage\",\"@id\":\"https:\/\/verandagarden.nl\/fr\/nos-services\/\",\"url\":\"https:\/\/verandagarden.nl\/fr\/nos-services\/\",\"name\":\"Nos services - Veranda &amp; Garden\",\"isPartOf\":{\"@id\":\"https:\/\/verandagarden.nl\/fr\/#website\"},\"primaryImageOfPage\":{\"@id\":\"https:\/\/verandagarden.nl\/fr\/nos-services\/#primaryimage\"},\"image\":{\"@id\":\"https:\/\/verandagarden.nl\/fr\/nos-services\/#primaryimage\"},\"thumbnailUrl\":\"https:\/\/verandagarden.nl\/wp-content\/uploads\/2021\/09\/73de5e16-461b-41bd-87ee-e6b5ecb6bc62-2d368afaa89b9b1e0275fd183a507ffb.jpg\",\"datePublished\":\"2021-10-12T11:18:27+00:00\",\"dateModified\":\"2021-10-12T11:20:15+00:00\",\"breadcrumb\":{\"@id\":\"https:\/\/verandagarden.nl\/fr\/nos-services\/#breadcrumb\"},\"inLanguage\":\"fr-FR\",\"potentialAction\":[{\"@type\":\"ReadAction\",\"target\":[\"https:\/\/verandagarden.nl\/fr\/nos-services\/\"]}]},{\"@type\":\"ImageObject\",\"inLanguage\":\"fr-FR\",\"@id\":\"https:\/\/verandagarden.nl\/fr\/nos-services\/#primaryimage\",\"url\":\"https:\/\/verandagarden.nl\/wp-content\/uploads\/2021\/09\/73de5e16-461b-41bd-87ee-e6b5ecb6bc62-2d368afaa89b9b1e0275fd183a507ffb.jpg\",\"contentUrl\":\"https:\/\/verandagarden.nl\/wp-content\/uploads\/2021\/09\/73de5e16-461b-41bd-87ee-e6b5ecb6bc62-2d368afaa89b9b1e0275fd183a507ffb.jpg\",\"width\":1024,\"height\":889},{\"@type\":\"BreadcrumbList\",\"@id\":\"https:\/\/verandagarden.nl\/fr\/nos-services\/#breadcrumb\",\"itemListElement\":[{\"@type\":\"ListItem\",\"position\":1,\"name\":\"Home\",\"item\":\"https:\/\/verandagarden.nl\/fr\/\"},{\"@type\":\"ListItem\",\"position\":2,\"name\":\"Nos services\"}]},{\"@type\":\"WebSite\",\"@id\":\"https:\/\/verandagarden.nl\/fr\/#website\",\"url\":\"https:\/\/verandagarden.nl\/fr\/\",\"name\":\"Veranda & Garden\",\"description\":\"\",\"publisher\":{\"@id\":\"https:\/\/verandagarden.nl\/fr\/#organization\"},\"potentialAction\":[{\"@type\":\"SearchAction\",\"target\":{\"@type\":\"EntryPoint\",\"urlTemplate\":\"https:\/\/verandagarden.nl\/fr\/?s={search_term_string}\"},\"query-input\":{\"@type\":\"PropertyValueSpecification\",\"valueRequired\":true,\"valueName\":\"search_term_string\"}}],\"inLanguage\":\"fr-FR\"},{\"@type\":\"Organization\",\"@id\":\"https:\/\/verandagarden.nl\/fr\/#organization\",\"name\":\"Veranda & Garden\",\"url\":\"https:\/\/verandagarden.nl\/fr\/\",\"logo\":{\"@type\":\"ImageObject\",\"inLanguage\":\"fr-FR\",\"@id\":\"https:\/\/verandagarden.nl\/fr\/#\/schema\/logo\/image\/\",\"url\":\"https:\/\/verandagarden.nl\/wp-content\/uploads\/2021\/09\/logo-transparant.png\",\"contentUrl\":\"https:\/\/verandagarden.nl\/wp-content\/uploads\/2021\/09\/logo-transparant.png\",\"width\":1091,\"height\":134,\"caption\":\"Veranda & Garden\"},\"image\":{\"@id\":\"https:\/\/verandagarden.nl\/fr\/#\/schema\/logo\/image\/\"},\"sameAs\":[\"https:\/\/www.facebook.com\/vgverandagarden\",\"https:\/\/www.instagram.com\/vgverandagarden\/?hl=nl\"]}]}<\/script>\n<!-- \/ Yoast SEO plugin. -->","yoast_head_json":{"title":"Nos services - Veranda &amp; Garden","robots":{"index":"index","follow":"follow","max-snippet":"max-snippet:-1","max-image-preview":"max-image-preview:large","max-video-preview":"max-video-preview:-1"},"canonical":"https:\/\/verandagarden.nl\/fr\/nos-services\/","og_locale":"fr_FR","og_type":"article","og_title":"Nos services - Veranda &amp; Garden","og_description":"Plus de confort de vie en une seule journ\u00e9e ! Ta maison? C&#8217;est l&#8217;endroit o\u00f9 vous pouvez vous d\u00e9tendre! Un endroit agr\u00e9able o\u00f9 vous pourrez profiter de vos moments libres et passer du temps avec votre famille et vos amis. Un bel environnement contribue au confort de vie. Vous pouvez r\u00e9aliser beaucoup de choses avec [&hellip;]","og_url":"https:\/\/verandagarden.nl\/fr\/nos-services\/","og_site_name":"Veranda &amp; Garden","article_publisher":"https:\/\/www.facebook.com\/vgverandagarden","article_modified_time":"2021-10-12T11:20:15+00:00","og_image":[{"width":2560,"height":1707,"url":"https:\/\/verandagarden.nl\/wp-content\/uploads\/2021\/09\/shutterstock_475440925-scaled.jpg","type":"image\/jpeg"}],"twitter_card":"summary_large_image","twitter_misc":{"Dur\u00e9e de lecture estim\u00e9e":"1 minute"},"schema":{"@context":"https:\/\/schema.org","@graph":[{"@type":"WebPage","@id":"https:\/\/verandagarden.nl\/fr\/nos-services\/","url":"https:\/\/verandagarden.nl\/fr\/nos-services\/","name":"Nos services - Veranda &amp; Garden","isPartOf":{"@id":"https:\/\/verandagarden.nl\/fr\/#website"},"primaryImageOfPage":{"@id":"https:\/\/verandagarden.nl\/fr\/nos-services\/#primaryimage"},"image":{"@id":"https:\/\/verandagarden.nl\/fr\/nos-services\/#primaryimage"},"thumbnailUrl":"https:\/\/verandagarden.nl\/wp-content\/uploads\/2021\/09\/73de5e16-461b-41bd-87ee-e6b5ecb6bc62-2d368afaa89b9b1e0275fd183a507ffb.jpg","datePublished":"2021-10-12T11:18:27+00:00","dateModified":"2021-10-12T11:20:15+00:00","breadcrumb":{"@id":"https:\/\/verandagarden.nl\/fr\/nos-services\/#breadcrumb"},"inLanguage":"fr-FR","potentialAction":[{"@type":"ReadAction","target":["https:\/\/verandagarden.nl\/fr\/nos-services\/"]}]},{"@type":"ImageObject","inLanguage":"fr-FR","@id":"https:\/\/verandagarden.nl\/fr\/nos-services\/#primaryimage","url":"https:\/\/verandagarden.nl\/wp-content\/uploads\/2021\/09\/73de5e16-461b-41bd-87ee-e6b5ecb6bc62-2d368afaa89b9b1e0275fd183a507ffb.jpg","contentUrl":"https:\/\/verandagarden.nl\/wp-content\/uploads\/2021\/09\/73de5e16-461b-41bd-87ee-e6b5ecb6bc62-2d368afaa89b9b1e0275fd183a507ffb.jpg","width":1024,"height":889},{"@type":"BreadcrumbList","@id":"https:\/\/verandagarden.nl\/fr\/nos-services\/#breadcrumb","itemListElement":[{"@type":"ListItem","position":1,"name":"Home","item":"https:\/\/verandagarden.nl\/fr\/"},{"@type":"ListItem","position":2,"name":"Nos services"}]},{"@type":"WebSite","@id":"https:\/\/verandagarden.nl\/fr\/#website","url":"https:\/\/verandagarden.nl\/fr\/","name":"Veranda & Garden","description":"","publisher":{"@id":"https:\/\/verandagarden.nl\/fr\/#organization"},"potentialAction":[{"@type":"SearchAction","target":{"@type":"EntryPoint","urlTemplate":"https:\/\/verandagarden.nl\/fr\/?s={search_term_string}"},"query-input":{"@type":"PropertyValueSpecification","valueRequired":true,"valueName":"search_term_string"}}],"inLanguage":"fr-FR"},{"@type":"Organization","@id":"https:\/\/verandagarden.nl\/fr\/#organization","name":"Veranda & Garden","url":"https:\/\/verandagarden.nl\/fr\/","logo":{"@type":"ImageObject","inLanguage":"fr-FR","@id":"https:\/\/verandagarden.nl\/fr\/#\/schema\/logo\/image\/","url":"https:\/\/verandagarden.nl\/wp-content\/uploads\/2021\/09\/logo-transparant.png","contentUrl":"https:\/\/verandagarden.nl\/wp-content\/uploads\/2021\/09\/logo-transparant.png","width":1091,"height":134,"caption":"Veranda & Garden"},"image":{"@id":"https:\/\/verandagarden.nl\/fr\/#\/schema\/logo\/image\/"},"sameAs":["https:\/\/www.facebook.com\/vgverandagarden","https:\/\/www.instagram.com\/vgverandagarden\/?hl=nl"]}]}},"_links":{"self":[{"href":"https:\/\/verandagarden.nl\/fr\/wp-json\/wp\/v2\/pages\/2442","targetHints":{"allow":["GET"]}}],"collection":[{"href":"https:\/\/verandagarden.nl\/fr\/wp-json\/wp\/v2\/pages"}],"about":[{"href":"https:\/\/verandagarden.nl\/fr\/wp-json\/wp\/v2\/types\/page"}],"author":[{"embeddable":true,"href":"https:\/\/verandagarden.nl\/fr\/wp-json\/wp\/v2\/users\/4"}],"replies":[{"embeddable":true,"href":"https:\/\/verandagarden.nl\/fr\/wp-json\/wp\/v2\/comments?post=2442"}],"version-history":[{"count":0,"href":"https:\/\/verandagarden.nl\/fr\/wp-json\/wp\/v2\/pages\/2442\/revisions"}],"wp:featuredmedia":[{"embeddable":true,"href":"https:\/\/verandagarden.nl\/fr\/wp-json\/wp\/v2\/media\/2321"}],"wp:attachment":[{"href":"https:\/\/verandagarden.nl\/fr\/wp-json\/wp\/v2\/media?parent=2442"}],"curies":[{"name":"wp","href":"https:\/\/api.w.org\/{rel}","templated":true}]}}