{"id":2456,"date":"2021-10-12T11:21:23","date_gmt":"2021-10-12T11:21:23","guid":{"rendered":"https:\/\/veranda.templ8.nl\/politique-de-confidentialite\/"},"modified":"2021-10-12T11:21:23","modified_gmt":"2021-10-12T11:21:23","slug":"politique-de-confidentialite","status":"publish","type":"page","link":"https:\/\/verandagarden.nl\/fr\/politique-de-confidentialite\/","title":{"rendered":"Politique de confidentialit\u00e9"},"content":{"rendered":"<p>Ceci est la d\u00e9claration de confidentialit\u00e9 de: Veranda &amp; Garden. Num\u00e9ro d&#8217;enregistrement \u00e0 la Chambre de Commerce : 77851552. Pour des questions ou un contact, vous pouvez envoyer un courriel<a href=\"mailto:info@verandagarden.nl\"> info@verandagarden.nl<\/a> .<\/p>\n<h2>Quelles donn\u00e9es personnelles nous collectons et pourquoi nous les collectons<\/h2>\n<h3>R\u00e9actions<\/h3>\n<p>Lorsque les visiteurs laissent des commentaires sur le site, nous collectons les informations affich\u00e9es dans le formulaire de commentaires, l&#8217;adresse IP du visiteur et l&#8217;agent utilisateur du navigateur pour aider \u00e0 la d\u00e9tection de spam.<\/p>\n<p>Une cha\u00eene anonymis\u00e9e cr\u00e9\u00e9e \u00e0 partir de votre adresse e-mail (\u00e9galement appel\u00e9e hachage) peut \u00eatre envoy\u00e9e au service Gravatar si vous l&#8217;utilisez. La page de politique de confidentialit\u00e9 se trouve ici : https:\/\/automattic.com\/privacy\/. Apr\u00e8s validation de votre commentaire, votre photo de profil sera visible publiquement \u00e0 cot\u00e9 de votre commentaire.<\/p>\n<h3>M\u00e9dias<\/h3>\n<p>Si vous \u00eates un utilisateur enregistr\u00e9 et que vous t\u00e9l\u00e9chargez des images sur le site, vous devez \u00e9viter de t\u00e9l\u00e9charger des images contenant des donn\u00e9es de localisation GPS EXIF. Les visiteurs du site peuvent t\u00e9l\u00e9charger les images du site et afficher les donn\u00e9es de localisation.<\/p>\n<h3>Formulaires de contact<\/h3>\n<p>Les coordonn\u00e9es personnelles sont enregistr\u00e9es lorsque le formulaire de contact est rempli. Ces donn\u00e9es sont stock\u00e9es dans notre bo\u00eete aux lettres. Les coordonn\u00e9es personnelles seront conserv\u00e9es pour la fourniture du service. Les coordonn\u00e9es enregistr\u00e9es ne sont pas utilis\u00e9es \u00e0 des fins de marketing.<\/p>\n<h3>Biscuits<\/h3>\n<p>Lorsque vous laissez un commentaire sur notre site, vous pouvez indiquer si votre nom, votre adresse e-mail et votre site peuvent \u00eatre stock\u00e9s dans un cookie. Nous le faisons pour votre commodit\u00e9 afin que vous n&#8217;ayez pas \u00e0 ressaisir ces informations pour une nouvelle r\u00e9ponse. Ces cookies sont valables un an.<\/p>\n<p>Lorsque vous visitez notre page de connexion, nous stockons un cookie temporaire pour v\u00e9rifier si votre navigateur accepte les cookies. Ce cookie ne contient aucune donn\u00e9e personnelle et est supprim\u00e9 d\u00e8s que vous fermez votre navigateur.<\/p>\n<p>Une fois que vous vous \u00eates connect\u00e9, nous stockerons des cookies en relation avec vos informations de connexion et vos options d&#8217;affichage \u00e0 l&#8217;\u00e9cran. Les cookies de connexion sont valables 2 jours et les cookies pour les options d&#8217;affichage \u00e0 l&#8217;\u00e9cran sont valables 1 an. Si vous s\u00e9lectionnez \u00ab Se souvenir de moi \u00bb, votre connexion sera enregistr\u00e9e pendant 2 semaines. D\u00e8s que vous vous d\u00e9connectez de votre compte, les cookies de connexion seront supprim\u00e9s.<\/p>\n<p>Lorsque vous modifiez ou publiez un message, un cookie suppl\u00e9mentaire est stock\u00e9 par votre navigateur. Ce cookie ne contient aucune donn\u00e9e personnelle et ne contient que l&#8217;ID de publication de l&#8217;article que vous avez \u00e9dit\u00e9. Ce cookie expire au bout d&#8217;un jour.<\/p>\n<h3>Contenu int\u00e9gr\u00e9 d&#8217;autres sites<\/h3>\n<p>Les messages sur ce site peuvent contenir du contenu int\u00e9gr\u00e9 (incorpor\u00e9) (par exemple, des vid\u00e9os, des images, des messages, etc.). Le contenu int\u00e9gr\u00e9 d&#8217;autres sites se comporte exactement de la m\u00eame mani\u00e8re que si le visiteur avait visit\u00e9 cet autre site.<\/p>\n<p>Ces sites peuvent collecter des donn\u00e9es vous concernant, utiliser des cookies, int\u00e9grer un suivi tiers suppl\u00e9mentaire et surveiller votre interaction avec ce contenu int\u00e9gr\u00e9, y compris l&#8217;enregistrement de votre interaction avec le contenu int\u00e9gr\u00e9 si vous avez un compte et \u00eates connect\u00e9 \u00e0 ce site.<\/p>\n<h3>Journaux de s\u00e9curit\u00e9<\/h3>\n<p>L&#8217;adresse IP des visiteurs, l&#8217;ID utilisateur des utilisateurs connect\u00e9s et le nom d&#8217;utilisateur des tentatives de connexion sont enregistr\u00e9s de mani\u00e8re conditionnelle pour surveiller les activit\u00e9s malveillantes et prot\u00e9ger le site contre des types d&#8217;attaques sp\u00e9cifiques. Les exemples de conditions de connexion incluent les tentatives de connexion, les demandes de d\u00e9connexion, les demandes d&#8217;URL suspectes, les modifications du contenu du site et les mises \u00e0 jour de mot de passe. Ces informations sont conserv\u00e9es pendant 60 jours.<\/p>\n<h3>Analytique<\/h3>\n<p>Nous essayons de rendre l&#8217;exp\u00e9rience que vous avez avec notre site Web aussi bonne et optimale que possible. Cela n&#8217;est possible que si nous savons ce que font nos visiteurs sur le site Web. Et ainsi publier plus de ce qui est appr\u00e9ci\u00e9 et moins de ce qui ne l&#8217;est pas.<\/p>\n<p dir=\"ltr\">Objectif : gr\u00e2ce \u00e0 Google Analytics, nous savons comment vous \u00eates arriv\u00e9 sur le site Web et comment vous utilisez le site Web. Nous utilisons ces statistiques pour am\u00e9liorer continuellement le site Web, afin que vous ayez la meilleure exp\u00e9rience possible sur notre site Web. Ce cookie provient de Google et est stock\u00e9 pour une dur\u00e9e maximale de 26 mois.<\/p>\n<p dir=\"ltr\">Plus d&#8217;information:<a href=\"http:\/\/www.google.com\/policies\/privacy\/\" target=\"_blank\" rel=\"noopener noreferrer\"> http:\/\/www.google.com\/policies\/privacy\/<\/a><\/p>\n<h2>Avec qui partageons-nous vos donn\u00e9es<\/h2>\n<p>Afin de rendre accessibles les informations que vous avez demand\u00e9es, nous collaborons avec des tiers. Pensez \u00e0 un administrateur de site Web, \u00e0 un h\u00e9bergeur, \u00e0 une connexion t\u00e9l\u00e9phonique automatique, \u00e0 un syst\u00e8me de newsletter et \u00e0 un logiciel d&#8217;administration. Un accord de sous-traitance a \u00e9t\u00e9 conclu avec toutes les parties concern\u00e9es. Cet accord garantit, entre autres, la s\u00e9curit\u00e9 et la suppression rapide de vos donn\u00e9es personnelles.<\/p>\n<h2>Combien de temps conservons-nous vos donn\u00e9es<\/h2>\n<p>Lorsque vous laissez un commentaire, ce commentaire et les m\u00e9tadonn\u00e9es de ce commentaire seront sauvegard\u00e9s pour toujours. De cette fa\u00e7on, nous pouvons automatiquement reconna\u00eetre et approuver les commentaires de suivi au lieu de les mod\u00e9rer.<\/p>\n<p>Pour les utilisateurs qui s&#8217;inscrivent sur notre site (le cas \u00e9ch\u00e9ant), nous stockons \u00e9galement les informations personnelles qu&#8217;ils fournissent dans leur profil d&#8217;utilisateur. Tous les utilisateurs peuvent afficher, modifier ou supprimer leurs informations personnelles \u00e0 tout moment (sauf qu&#8217;ils ne peuvent pas changer leur nom d&#8217;utilisateur). Les administrateurs du site peuvent \u00e9galement afficher et modifier ces informations.<\/p>\n<p>Les journaux de s\u00e9curit\u00e9 sont conserv\u00e9s pendant 60 jours.<\/p>\n<h2>Quels droits vous avez sur vos donn\u00e9es<\/h2>\n<p>Si vous avez un compte sur ce site ou avez laiss\u00e9 des commentaires, vous pouvez demander un fichier export\u00e9 des informations personnelles que nous d\u00e9tenons \u00e0 votre sujet, y compris toute information que vous nous avez fournie. Vous pouvez \u00e9galement demander que nous supprimions toute information personnelle que nous d\u00e9tenons \u00e0 votre sujet. Cela n&#8217;inclut pas les donn\u00e9es que nous sommes tenus de conserver \u00e0 des fins administratives, juridiques ou de s\u00e9curit\u00e9.<\/p>\n<h2>O\u00f9 nous envoyons vos donn\u00e9es<\/h2>\n<p>Ce site est analys\u00e9 \u00e0 la recherche de logiciels malveillants et de vuln\u00e9rabilit\u00e9s potentiels par le scanner de site iThemes. Nous n&#8217;envoyons aucune information personnelle au scanner ; cependant, le scanner peut trouver des informations personnelles publi\u00e9es publiquement (comme dans les commentaires) pendant l&#8217;analyse.<\/p>\n<h2>Informations Compl\u00e9mentaires<\/h2>\n<h3>Comment nous prot\u00e9geons vos donn\u00e9es<\/h3>\n<p>Vos donn\u00e9es personnelles sont en s\u00e9curit\u00e9. Les donn\u00e9es confi\u00e9es sont prot\u00e9g\u00e9es par des mesures de s\u00e9curit\u00e9 techniques et administratives afin de minimiser les risques de perte, d&#8217;utilisation abusive, d&#8217;acc\u00e8s non autoris\u00e9, de divulgation et d&#8217;alt\u00e9ration. Vous pouvez penser aux pare-feu, au cryptage des donn\u00e9es, aux connexions s\u00e9curis\u00e9es et aux contr\u00f4les d&#8217;acc\u00e8s physiques et administratifs aux donn\u00e9es et aux serveurs.<\/p>\n","protected":false},"excerpt":{"rendered":"<p>Ceci est la d\u00e9claration de confidentialit\u00e9 de: Veranda &amp; Garden. Num\u00e9ro d&#8217;enregistrement \u00e0 la Chambre de Commerce : 77851552. Pour des questions ou un contact, vous pouvez envoyer un courriel info@verandagarden.nl . Quelles donn\u00e9es personnelles nous collectons et pourquoi nous les collectons R\u00e9actions Lorsque les visiteurs laissent des commentaires sur le site, nous collectons les [&hellip;]<\/p>\n","protected":false},"author":4,"featured_media":2345,"parent":0,"menu_order":0,"comment_status":"closed","ping_status":"closed","template":"","meta":{"footnotes":""},"class_list":["post-2456","page","type-page","status-publish","has-post-thumbnail","hentry"],"yoast_head":"<!-- This site is optimized with the Yoast SEO plugin v27.1.1 - https:\/\/yoast.com\/product\/yoast-seo-wordpress\/ -->\n<title>Politique de confidentialit\u00e9 - Veranda &amp; Garden<\/title>\n<meta name=\"robots\" content=\"noindex, follow\" \/>\n<meta property=\"og:locale\" content=\"fr_FR\" \/>\n<meta property=\"og:type\" content=\"article\" \/>\n<meta property=\"og:title\" content=\"Politique de confidentialit\u00e9 - Veranda &amp; Garden\" \/>\n<meta property=\"og:description\" content=\"Ceci est la d\u00e9claration de confidentialit\u00e9 de: Veranda &amp; Garden. Num\u00e9ro d&#8217;enregistrement \u00e0 la Chambre de Commerce : 77851552. Pour des questions ou un contact, vous pouvez envoyer un courriel info@verandagarden.nl . Quelles donn\u00e9es personnelles nous collectons et pourquoi nous les collectons R\u00e9actions Lorsque les visiteurs laissent des commentaires sur le site, nous collectons les [&hellip;]\" \/>\n<meta property=\"og:url\" content=\"https:\/\/verandagarden.nl\/fr\/politique-de-confidentialite\/\" \/>\n<meta property=\"og:site_name\" content=\"Veranda &amp; Garden\" \/>\n<meta property=\"article:publisher\" content=\"https:\/\/www.facebook.com\/vgverandagarden\" \/>\n<meta property=\"og:image\" content=\"https:\/\/verandagarden.nl\/wp-content\/uploads\/2021\/09\/shutterstock_475440925-scaled.jpg\" \/>\n\t<meta property=\"og:image:width\" content=\"2560\" \/>\n\t<meta property=\"og:image:height\" content=\"1707\" \/>\n\t<meta property=\"og:image:type\" content=\"image\/jpeg\" \/>\n<meta name=\"twitter:card\" content=\"summary_large_image\" \/>\n<meta name=\"twitter:label1\" content=\"Dur\u00e9e de lecture estim\u00e9e\" \/>\n\t<meta name=\"twitter:data1\" content=\"6 minutes\" \/>\n<script type=\"application\/ld+json\" class=\"yoast-schema-graph\">{\"@context\":\"https:\/\/schema.org\",\"@graph\":[{\"@type\":\"WebPage\",\"@id\":\"https:\/\/verandagarden.nl\/fr\/politique-de-confidentialite\/\",\"url\":\"https:\/\/verandagarden.nl\/fr\/politique-de-confidentialite\/\",\"name\":\"Politique de confidentialit\u00e9 - Veranda &amp; Garden\",\"isPartOf\":{\"@id\":\"https:\/\/verandagarden.nl\/fr\/#website\"},\"primaryImageOfPage\":{\"@id\":\"https:\/\/verandagarden.nl\/fr\/politique-de-confidentialite\/#primaryimage\"},\"image\":{\"@id\":\"https:\/\/verandagarden.nl\/fr\/politique-de-confidentialite\/#primaryimage\"},\"thumbnailUrl\":\"https:\/\/verandagarden.nl\/wp-content\/uploads\/2021\/09\/shutterstock_475440925-scaled.jpg\",\"datePublished\":\"2021-10-12T11:21:23+00:00\",\"breadcrumb\":{\"@id\":\"https:\/\/verandagarden.nl\/fr\/politique-de-confidentialite\/#breadcrumb\"},\"inLanguage\":\"fr-FR\",\"potentialAction\":[{\"@type\":\"ReadAction\",\"target\":[\"https:\/\/verandagarden.nl\/fr\/politique-de-confidentialite\/\"]}]},{\"@type\":\"ImageObject\",\"inLanguage\":\"fr-FR\",\"@id\":\"https:\/\/verandagarden.nl\/fr\/politique-de-confidentialite\/#primaryimage\",\"url\":\"https:\/\/verandagarden.nl\/wp-content\/uploads\/2021\/09\/shutterstock_475440925-scaled.jpg\",\"contentUrl\":\"https:\/\/verandagarden.nl\/wp-content\/uploads\/2021\/09\/shutterstock_475440925-scaled.jpg\",\"width\":2560,\"height\":1707},{\"@type\":\"BreadcrumbList\",\"@id\":\"https:\/\/verandagarden.nl\/fr\/politique-de-confidentialite\/#breadcrumb\",\"itemListElement\":[{\"@type\":\"ListItem\",\"position\":1,\"name\":\"Home\",\"item\":\"https:\/\/verandagarden.nl\/fr\/\"},{\"@type\":\"ListItem\",\"position\":2,\"name\":\"Politique de confidentialit\u00e9\"}]},{\"@type\":\"WebSite\",\"@id\":\"https:\/\/verandagarden.nl\/fr\/#website\",\"url\":\"https:\/\/verandagarden.nl\/fr\/\",\"name\":\"Veranda & Garden\",\"description\":\"\",\"publisher\":{\"@id\":\"https:\/\/verandagarden.nl\/fr\/#organization\"},\"potentialAction\":[{\"@type\":\"SearchAction\",\"target\":{\"@type\":\"EntryPoint\",\"urlTemplate\":\"https:\/\/verandagarden.nl\/fr\/?s={search_term_string}\"},\"query-input\":{\"@type\":\"PropertyValueSpecification\",\"valueRequired\":true,\"valueName\":\"search_term_string\"}}],\"inLanguage\":\"fr-FR\"},{\"@type\":\"Organization\",\"@id\":\"https:\/\/verandagarden.nl\/fr\/#organization\",\"name\":\"Veranda & Garden\",\"url\":\"https:\/\/verandagarden.nl\/fr\/\",\"logo\":{\"@type\":\"ImageObject\",\"inLanguage\":\"fr-FR\",\"@id\":\"https:\/\/verandagarden.nl\/fr\/#\/schema\/logo\/image\/\",\"url\":\"https:\/\/verandagarden.nl\/wp-content\/uploads\/2021\/09\/logo-transparant.png\",\"contentUrl\":\"https:\/\/verandagarden.nl\/wp-content\/uploads\/2021\/09\/logo-transparant.png\",\"width\":1091,\"height\":134,\"caption\":\"Veranda & Garden\"},\"image\":{\"@id\":\"https:\/\/verandagarden.nl\/fr\/#\/schema\/logo\/image\/\"},\"sameAs\":[\"https:\/\/www.facebook.com\/vgverandagarden\",\"https:\/\/www.instagram.com\/vgverandagarden\/?hl=nl\"]}]}<\/script>\n<!-- \/ Yoast SEO plugin. -->","yoast_head_json":{"title":"Politique de confidentialit\u00e9 - Veranda &amp; Garden","robots":{"index":"noindex","follow":"follow"},"og_locale":"fr_FR","og_type":"article","og_title":"Politique de confidentialit\u00e9 - Veranda &amp; Garden","og_description":"Ceci est la d\u00e9claration de confidentialit\u00e9 de: Veranda &amp; Garden. Num\u00e9ro d&#8217;enregistrement \u00e0 la Chambre de Commerce : 77851552. Pour des questions ou un contact, vous pouvez envoyer un courriel info@verandagarden.nl . Quelles donn\u00e9es personnelles nous collectons et pourquoi nous les collectons R\u00e9actions Lorsque les visiteurs laissent des commentaires sur le site, nous collectons les [&hellip;]","og_url":"https:\/\/verandagarden.nl\/fr\/politique-de-confidentialite\/","og_site_name":"Veranda &amp; Garden","article_publisher":"https:\/\/www.facebook.com\/vgverandagarden","og_image":[{"width":2560,"height":1707,"url":"https:\/\/verandagarden.nl\/wp-content\/uploads\/2021\/09\/shutterstock_475440925-scaled.jpg","type":"image\/jpeg"}],"twitter_card":"summary_large_image","twitter_misc":{"Dur\u00e9e de lecture estim\u00e9e":"6 minutes"},"schema":{"@context":"https:\/\/schema.org","@graph":[{"@type":"WebPage","@id":"https:\/\/verandagarden.nl\/fr\/politique-de-confidentialite\/","url":"https:\/\/verandagarden.nl\/fr\/politique-de-confidentialite\/","name":"Politique de confidentialit\u00e9 - Veranda &amp; Garden","isPartOf":{"@id":"https:\/\/verandagarden.nl\/fr\/#website"},"primaryImageOfPage":{"@id":"https:\/\/verandagarden.nl\/fr\/politique-de-confidentialite\/#primaryimage"},"image":{"@id":"https:\/\/verandagarden.nl\/fr\/politique-de-confidentialite\/#primaryimage"},"thumbnailUrl":"https:\/\/verandagarden.nl\/wp-content\/uploads\/2021\/09\/shutterstock_475440925-scaled.jpg","datePublished":"2021-10-12T11:21:23+00:00","breadcrumb":{"@id":"https:\/\/verandagarden.nl\/fr\/politique-de-confidentialite\/#breadcrumb"},"inLanguage":"fr-FR","potentialAction":[{"@type":"ReadAction","target":["https:\/\/verandagarden.nl\/fr\/politique-de-confidentialite\/"]}]},{"@type":"ImageObject","inLanguage":"fr-FR","@id":"https:\/\/verandagarden.nl\/fr\/politique-de-confidentialite\/#primaryimage","url":"https:\/\/verandagarden.nl\/wp-content\/uploads\/2021\/09\/shutterstock_475440925-scaled.jpg","contentUrl":"https:\/\/verandagarden.nl\/wp-content\/uploads\/2021\/09\/shutterstock_475440925-scaled.jpg","width":2560,"height":1707},{"@type":"BreadcrumbList","@id":"https:\/\/verandagarden.nl\/fr\/politique-de-confidentialite\/#breadcrumb","itemListElement":[{"@type":"ListItem","position":1,"name":"Home","item":"https:\/\/verandagarden.nl\/fr\/"},{"@type":"ListItem","position":2,"name":"Politique de confidentialit\u00e9"}]},{"@type":"WebSite","@id":"https:\/\/verandagarden.nl\/fr\/#website","url":"https:\/\/verandagarden.nl\/fr\/","name":"Veranda & Garden","description":"","publisher":{"@id":"https:\/\/verandagarden.nl\/fr\/#organization"},"potentialAction":[{"@type":"SearchAction","target":{"@type":"EntryPoint","urlTemplate":"https:\/\/verandagarden.nl\/fr\/?s={search_term_string}"},"query-input":{"@type":"PropertyValueSpecification","valueRequired":true,"valueName":"search_term_string"}}],"inLanguage":"fr-FR"},{"@type":"Organization","@id":"https:\/\/verandagarden.nl\/fr\/#organization","name":"Veranda & Garden","url":"https:\/\/verandagarden.nl\/fr\/","logo":{"@type":"ImageObject","inLanguage":"fr-FR","@id":"https:\/\/verandagarden.nl\/fr\/#\/schema\/logo\/image\/","url":"https:\/\/verandagarden.nl\/wp-content\/uploads\/2021\/09\/logo-transparant.png","contentUrl":"https:\/\/verandagarden.nl\/wp-content\/uploads\/2021\/09\/logo-transparant.png","width":1091,"height":134,"caption":"Veranda & Garden"},"image":{"@id":"https:\/\/verandagarden.nl\/fr\/#\/schema\/logo\/image\/"},"sameAs":["https:\/\/www.facebook.com\/vgverandagarden","https:\/\/www.instagram.com\/vgverandagarden\/?hl=nl"]}]}},"_links":{"self":[{"href":"https:\/\/verandagarden.nl\/fr\/wp-json\/wp\/v2\/pages\/2456","targetHints":{"allow":["GET"]}}],"collection":[{"href":"https:\/\/verandagarden.nl\/fr\/wp-json\/wp\/v2\/pages"}],"about":[{"href":"https:\/\/verandagarden.nl\/fr\/wp-json\/wp\/v2\/types\/page"}],"author":[{"embeddable":true,"href":"https:\/\/verandagarden.nl\/fr\/wp-json\/wp\/v2\/users\/4"}],"replies":[{"embeddable":true,"href":"https:\/\/verandagarden.nl\/fr\/wp-json\/wp\/v2\/comments?post=2456"}],"version-history":[{"count":0,"href":"https:\/\/verandagarden.nl\/fr\/wp-json\/wp\/v2\/pages\/2456\/revisions"}],"wp:featuredmedia":[{"embeddable":true,"href":"https:\/\/verandagarden.nl\/fr\/wp-json\/wp\/v2\/media\/2345"}],"wp:attachment":[{"href":"https:\/\/verandagarden.nl\/fr\/wp-json\/wp\/v2\/media?parent=2456"}],"curies":[{"name":"wp","href":"https:\/\/api.w.org\/{rel}","templated":true}]}}